{"id":1529,"date":"2023-08-26T01:53:45","date_gmt":"2023-08-25T23:53:45","guid":{"rendered":"https:\/\/planet-ott.org\/?page_id=1529"},"modified":"2023-08-26T01:53:46","modified_gmt":"2023-08-25T23:53:46","slug":"iptv-sur-amazon-fire-stick","status":"publish","type":"page","link":"https:\/\/planet-ott.org\/index.php\/iptv-sur-amazon-fire-stick\/","title":{"rendered":"IPTV SUR AMAZON FIRE STICK"},"content":{"rendered":"\n<h2 class=\"wp-block-heading has-text-align-center\"><span style=\"color: var(--theme-palette-color-3, #ff1a1a);\" class=\"stk-highlight\">IPTV SUR AMAZON FIRE STICK<\/span><\/h2>\n\n\n\n<h3 class=\"wp-block-heading\"><strong>1:<\/strong>\u00a0Depuis l&rsquo;\u00e9cran d&rsquo;accueil de votre appareil, survolez l&rsquo;option Rechercher.<\/h3>\n\n\n\n<figure class=\"wp-block-image aligncenter\"><img decoding=\"async\" src=\"https:\/\/www.tvzland.com\/wp-content\/uploads\/2022\/07\/downloader-on-firestick-new-interface-2.png\" alt=\"\" class=\"wp-image-1234\"\/><\/figure>\n\n\n\n<p><strong>2.<\/strong>&nbsp;Cliquez sur Recherche.<\/p>\n\n\n\n<figure class=\"wp-block-image aligncenter\"><img decoding=\"async\" src=\"https:\/\/www.tvzland.com\/wp-content\/uploads\/2022\/07\/downloader-on-firestick-new-interface-2-1.png\" alt=\"\" class=\"wp-image-1253\"\/><\/figure>\n\n\n\n<p><strong>3.<\/strong>&nbsp;Recherchez et s\u00e9lectionnez Downloader.<\/p>\n\n\n\n<figure class=\"wp-block-image aligncenter\"><img decoding=\"async\" src=\"https:\/\/www.tvzland.com\/wp-content\/uploads\/2022\/07\/downloader-on-firestick-new-interface-4.png\" alt=\"\" class=\"wp-image-1252\"\/><\/figure>\n\n\n\n<p><strong>4.<\/strong>&nbsp;Choisissez l&rsquo;application Downloader.<\/p>\n\n\n\n<figure class=\"wp-block-image aligncenter\"><img decoding=\"async\" src=\"https:\/\/www.tvzland.com\/wp-content\/uploads\/2022\/07\/downloader-on-firestick-new-interface-5.png\" alt=\"\" class=\"wp-image-1236\"\/><\/figure>\n\n\n\n<p><strong>5.<\/strong>&nbsp;Cliquez sur T\u00e9l\u00e9charger.<\/p>\n\n\n\n<figure class=\"wp-block-image aligncenter\"><img decoding=\"async\" src=\"https:\/\/www.tvzland.com\/wp-content\/uploads\/2022\/07\/downloader-on-firestick-new-interface-6.png\" alt=\"\" class=\"wp-image-1249\"\/><\/figure>\n\n\n\n<p><strong>6.<\/strong>&nbsp;Une fois l&rsquo;installation de l&rsquo;application termin\u00e9e, cliquez sur Ouvrir.<\/p>\n\n\n\n<figure class=\"wp-block-image aligncenter\"><img decoding=\"async\" src=\"https:\/\/www.tvzland.com\/wp-content\/uploads\/2022\/07\/downloader-on-firestick-new-interface-8.png\" alt=\"\" class=\"wp-image-1251\"\/><\/figure>\n\n\n\n<p><strong>7.<\/strong>&nbsp;Revenez \u00e0 l&rsquo;\u00e9cran d&rsquo;accueil et ouvrez Param\u00e8tres.<\/p>\n\n\n\n<figure class=\"wp-block-image aligncenter\"><img decoding=\"async\" src=\"https:\/\/www.tvzland.com\/wp-content\/uploads\/2022\/07\/downloader-on-firestick-new-interface-9.png\" alt=\"\" class=\"wp-image-1250\"\/><\/figure>\n\n\n\n<p><strong>8.<\/strong>&nbsp;Cliquez sur Ma Fire TV.<\/p>\n\n\n\n<figure class=\"wp-block-image aligncenter\"><img decoding=\"async\" src=\"https:\/\/www.tvzland.com\/wp-content\/uploads\/2022\/07\/downloader-on-firestick-new-interface-10.png\" alt=\"\" class=\"wp-image-1247\"\/><\/figure>\n\n\n\n<p><strong>9.<\/strong>&nbsp;S\u00e9lectionnez Options du d\u00e9veloppeur.<\/p>\n\n\n\n<figure class=\"wp-block-image aligncenter\"><img decoding=\"async\" src=\"https:\/\/www.tvzland.com\/wp-content\/uploads\/2022\/07\/downloader-on-firestick-new-interface-11.png\" alt=\"\" class=\"wp-image-1248\"\/><\/figure>\n\n\n\n<p><strong>10.<\/strong>&nbsp;Cliquez sur Installer les applications inconnues.<\/p>\n\n\n\n<figure class=\"wp-block-image aligncenter\"><img decoding=\"async\" src=\"https:\/\/www.tvzland.com\/wp-content\/uploads\/2022\/07\/downloader-on-firestick-new-interface-12.png\" alt=\"\" class=\"wp-image-1246\"\/><\/figure>\n\n\n\n<p><strong>11.<\/strong>&nbsp;Trouvez l&rsquo;application Downloader et cliquez dessus.<\/p>\n\n\n\n<figure class=\"wp-block-image aligncenter\"><img decoding=\"async\" src=\"https:\/\/www.tvzland.com\/wp-content\/uploads\/2022\/07\/downloader-on-firestick-new-interface-13.png\" alt=\"\" class=\"wp-image-1244\"\/><\/figure>\n\n\n\n<p><strong>12.<\/strong>&nbsp;Cela permet d&rsquo;activer les sources inconnues pour l&rsquo;application Downloader. Cela permet d&rsquo;activer le chargement lat\u00e9ral sur votre appareil.<\/p>\n\n\n\n<figure class=\"wp-block-image aligncenter\"><img decoding=\"async\" src=\"https:\/\/www.tvzland.com\/wp-content\/uploads\/2022\/07\/downloader-on-firestick-new-interface-14-1.png\" alt=\"\" class=\"wp-image-1245\"\/><\/figure>\n\n\n\n<p><strong>13.<\/strong>&nbsp;Lancer le t\u00e9l\u00e9chargeur.<\/p>\n\n\n\n<figure class=\"wp-block-image aligncenter\"><img decoding=\"async\" src=\"https:\/\/www.tvzland.com\/wp-content\/uploads\/2022\/07\/launch-downloader-app.png\" alt=\"\" class=\"wp-image-1243\"\/><\/figure>\n\n\n\n<p><strong>14.<\/strong>&nbsp;Cliquez sur Autoriser.<\/p>\n\n\n\n<figure class=\"wp-block-image aligncenter\"><img decoding=\"async\" src=\"https:\/\/www.tvzland.com\/wp-content\/uploads\/2022\/07\/mobdro-firestick-4.png\" alt=\"\" class=\"wp-image-1241\"\/><\/figure>\n\n\n\n<p><strong>15.<\/strong>&nbsp;Cliquez sur OK.<\/p>\n\n\n\n<figure class=\"wp-block-image aligncenter\"><img decoding=\"async\" src=\"https:\/\/www.tvzland.com\/wp-content\/uploads\/2022\/07\/mobdro-firestick-5.png\" alt=\"\" class=\"wp-image-1242\"\/><\/figure>\n\n\n\n<p><strong>16.<\/strong>&nbsp;Tapez l&rsquo;URL suivante exactement comme indiqu\u00e9 ici :&nbsp;<a href=\"https:\/\/www.iptvsmarters.com\/smarters.apk\">https:\/\/www.iptvsmarters.com\/smarters.apk<strong>&nbsp;<\/strong><\/a><\/p>\n\n\n\n<p>et cliquez sur Go.<\/p>\n\n\n\n<figure class=\"wp-block-image aligncenter\"><img decoding=\"async\" src=\"https:\/\/www.tvzland.com\/wp-content\/uploads\/2022\/07\/httpline.4k-turbo.comc-1-2.png\" alt=\"\" class=\"wp-image-1240\"\/><\/figure>\n\n\n\n<p><strong>17.<\/strong>&nbsp;Attendez que le fichier soit t\u00e9l\u00e9charg\u00e9.<\/p>\n\n\n\n<figure class=\"wp-block-image aligncenter\"><img decoding=\"async\" src=\"https:\/\/www.tvzland.com\/wp-content\/uploads\/2022\/07\/iptv-smarters-2.png\" alt=\"\" class=\"wp-image-1239\"\/><\/figure>\n\n\n\n<p><strong>18.<\/strong>&nbsp;Cliquez sur Installer.<\/p>\n\n\n\n<figure class=\"wp-block-image aligncenter\"><img decoding=\"async\" src=\"https:\/\/www.tvzland.com\/wp-content\/uploads\/2022\/07\/iptv-smarters-3.png\" alt=\"\" class=\"wp-image-1237\"\/><\/figure>\n\n\n\n<p><strong>19.<\/strong>&nbsp;Cliquez sur Termin\u00e9.<\/p>\n\n\n\n<figure class=\"wp-block-image aligncenter\"><img decoding=\"async\" src=\"https:\/\/www.tvzland.com\/wp-content\/uploads\/2022\/07\/iptv-smarters-4.png\" alt=\"\" class=\"wp-image-1238\"\/><\/figure>\n\n\n\n<p><strong>20.<\/strong>&nbsp;Ouvrez IPTV smarters puis s\u00e9lectionnez Login with Xtream codes api.<\/p>\n\n\n\n<p><strong>21.<\/strong>&nbsp;Saisissez les donn\u00e9es de connexion que nous vous avons envoy\u00e9es par Whatsapp, e-mail ou chat.<\/p>\n\n\n\n<p>POUR TIVIMATE&nbsp;<\/p>\n\n\n\n<p><strong>1.<\/strong>&nbsp;Tapez l&rsquo;URL suivante exactement comme indiqu\u00e9 ici : https:\/\/tivimates.com\/tiviapk<\/p>\n\n\n\n<p>et cliquez sur Go.<\/p>\n\n\n\n<figure class=\"wp-block-image aligncenter\"><img decoding=\"async\" src=\"https:\/\/www.tvzland.com\/wp-content\/uploads\/2022\/09\/TiviMate-Firestick-APK-scaled-1-1024x461.jpeg\" alt=\"\" class=\"wp-image-1530\"\/><\/figure>\n\n\n\n<p><strong>2.<\/strong>&nbsp;Attendez que le fichier soit t\u00e9l\u00e9charg\u00e9.<\/p>\n\n\n\n<figure class=\"wp-block-image aligncenter\"><img decoding=\"async\" src=\"https:\/\/www.tvzland.com\/wp-content\/uploads\/2022\/07\/iptv-smarters-2.png\" alt=\"\" class=\"wp-image-1239\"\/><\/figure>\n\n\n\n<p>Attendre la fin du t\u00e9l\u00e9chargement du fichier<\/p>\n\n\n\n<p><strong>3.<\/strong>&nbsp;Cliquez sur Installer et une fois l&rsquo;installation termin\u00e9e. Vous pouvez ouvrir l&rsquo;application.<\/p>\n\n\n\n<p>4. Cliquez sur \u00ab\u00a0<strong>Ajouter une liste de lecture<\/strong>\u00ab\u00a0, puis choisissez \u00ab\u00a0<strong>Codes Xtream<\/strong>\u00ab\u00a0<\/p>\n\n\n\n<p><strong>5.<\/strong>&nbsp;Saisissez les donn\u00e9es de connexion que nous vous avons envoy\u00e9es par Whatsapp, e-mail ou chat.<\/p>\n","protected":false},"excerpt":{"rendered":"<p>IPTV SUR AMAZON FIRE STICK 1:\u00a0Depuis l&rsquo;\u00e9cran d&rsquo;accueil de votre appareil, survolez l&rsquo;option Rechercher. 2.&nbsp;Cliquez sur Recherche. 3.&nbsp;Recherchez et s\u00e9lectionnez Downloader. 4.&nbsp;Choisissez l&rsquo;application Downloader. 5.&nbsp;Cliquez sur T\u00e9l\u00e9charger. 6.&nbsp;Une fois l&rsquo;installation de l&rsquo;application termin\u00e9e, cliquez sur Ouvrir. 7.&nbsp;Revenez \u00e0 l&rsquo;\u00e9cran d&rsquo;accueil et ouvrez Param\u00e8tres. 8.&nbsp;Cliquez sur Ma Fire TV. 9.&nbsp;S\u00e9lectionnez Options du d\u00e9veloppeur. 10.&nbsp;Cliquez sur Installer [&hellip;]<\/p>\n","protected":false},"author":1,"featured_media":0,"parent":0,"menu_order":0,"comment_status":"closed","ping_status":"closed","template":"","meta":{"footnotes":""},"class_list":["post-1529","page","type-page","status-publish","hentry"],"blocksy_meta":[],"yoast_head":"<!-- This site is optimized with the Yoast SEO plugin v27.3 - https:\/\/yoast.com\/product\/yoast-seo-wordpress\/ -->\n<title>IPTV SUR AMAZON FIRE STICK - Planet-ott<\/title>\n<meta name=\"robots\" content=\"index, follow, max-snippet:-1, max-image-preview:large, max-video-preview:-1\" \/>\n<link rel=\"canonical\" href=\"https:\/\/planet-ott.org\/index.php\/iptv-sur-amazon-fire-stick\/\" \/>\n<meta property=\"og:locale\" content=\"fr_FR\" \/>\n<meta property=\"og:type\" content=\"article\" \/>\n<meta property=\"og:title\" content=\"IPTV SUR AMAZON FIRE STICK - Planet-ott\" \/>\n<meta property=\"og:description\" content=\"IPTV SUR AMAZON FIRE STICK 1:\u00a0Depuis l&rsquo;\u00e9cran d&rsquo;accueil de votre appareil, survolez l&rsquo;option Rechercher. 2.&nbsp;Cliquez sur Recherche. 3.&nbsp;Recherchez et s\u00e9lectionnez Downloader. 4.&nbsp;Choisissez l&rsquo;application Downloader. 5.&nbsp;Cliquez sur T\u00e9l\u00e9charger. 6.&nbsp;Une fois l&rsquo;installation de l&rsquo;application termin\u00e9e, cliquez sur Ouvrir. 7.&nbsp;Revenez \u00e0 l&rsquo;\u00e9cran d&rsquo;accueil et ouvrez Param\u00e8tres. 8.&nbsp;Cliquez sur Ma Fire TV. 9.&nbsp;S\u00e9lectionnez Options du d\u00e9veloppeur. 10.&nbsp;Cliquez sur Installer [&hellip;]\" \/>\n<meta property=\"og:url\" content=\"https:\/\/planet-ott.org\/index.php\/iptv-sur-amazon-fire-stick\/\" \/>\n<meta property=\"og:site_name\" content=\"Planet-ott\" \/>\n<meta property=\"article:modified_time\" content=\"2023-08-25T23:53:46+00:00\" \/>\n<meta property=\"og:image\" content=\"https:\/\/www.tvzland.com\/wp-content\/uploads\/2022\/07\/downloader-on-firestick-new-interface-2.png\" \/>\n<meta name=\"twitter:card\" content=\"summary_large_image\" \/>\n<meta name=\"twitter:label1\" content=\"Dur\u00e9e de lecture estim\u00e9e\" \/>\n\t<meta name=\"twitter:data1\" content=\"6 minutes\" \/>\n<script type=\"application\/ld+json\" class=\"yoast-schema-graph\">{\"@context\":\"https:\\\/\\\/schema.org\",\"@graph\":[{\"@type\":\"WebPage\",\"@id\":\"https:\\\/\\\/planet-ott.org\\\/index.php\\\/iptv-sur-amazon-fire-stick\\\/\",\"url\":\"https:\\\/\\\/planet-ott.org\\\/index.php\\\/iptv-sur-amazon-fire-stick\\\/\",\"name\":\"IPTV SUR AMAZON FIRE STICK - Planet-ott\",\"isPartOf\":{\"@id\":\"https:\\\/\\\/planet-ott.org\\\/#website\"},\"primaryImageOfPage\":{\"@id\":\"https:\\\/\\\/planet-ott.org\\\/index.php\\\/iptv-sur-amazon-fire-stick\\\/#primaryimage\"},\"image\":{\"@id\":\"https:\\\/\\\/planet-ott.org\\\/index.php\\\/iptv-sur-amazon-fire-stick\\\/#primaryimage\"},\"thumbnailUrl\":\"https:\\\/\\\/www.tvzland.com\\\/wp-content\\\/uploads\\\/2022\\\/07\\\/downloader-on-firestick-new-interface-2.png\",\"datePublished\":\"2023-08-25T23:53:45+00:00\",\"dateModified\":\"2023-08-25T23:53:46+00:00\",\"breadcrumb\":{\"@id\":\"https:\\\/\\\/planet-ott.org\\\/index.php\\\/iptv-sur-amazon-fire-stick\\\/#breadcrumb\"},\"inLanguage\":\"fr-FR\",\"potentialAction\":[{\"@type\":\"ReadAction\",\"target\":[\"https:\\\/\\\/planet-ott.org\\\/index.php\\\/iptv-sur-amazon-fire-stick\\\/\"]}]},{\"@type\":\"ImageObject\",\"inLanguage\":\"fr-FR\",\"@id\":\"https:\\\/\\\/planet-ott.org\\\/index.php\\\/iptv-sur-amazon-fire-stick\\\/#primaryimage\",\"url\":\"https:\\\/\\\/www.tvzland.com\\\/wp-content\\\/uploads\\\/2022\\\/07\\\/downloader-on-firestick-new-interface-2.png\",\"contentUrl\":\"https:\\\/\\\/www.tvzland.com\\\/wp-content\\\/uploads\\\/2022\\\/07\\\/downloader-on-firestick-new-interface-2.png\"},{\"@type\":\"BreadcrumbList\",\"@id\":\"https:\\\/\\\/planet-ott.org\\\/index.php\\\/iptv-sur-amazon-fire-stick\\\/#breadcrumb\",\"itemListElement\":[{\"@type\":\"ListItem\",\"position\":1,\"name\":\"Home\",\"item\":\"https:\\\/\\\/planet-ott.org\\\/\"},{\"@type\":\"ListItem\",\"position\":2,\"name\":\"IPTV SUR AMAZON FIRE STICK\"}]},{\"@type\":\"WebSite\",\"@id\":\"https:\\\/\\\/planet-ott.org\\\/#website\",\"url\":\"https:\\\/\\\/planet-ott.org\\\/\",\"name\":\"Planet-ott\",\"description\":\"Abonnement iptv\",\"publisher\":{\"@id\":\"https:\\\/\\\/planet-ott.org\\\/#organization\"},\"potentialAction\":[{\"@type\":\"SearchAction\",\"target\":{\"@type\":\"EntryPoint\",\"urlTemplate\":\"https:\\\/\\\/planet-ott.org\\\/?s={search_term_string}\"},\"query-input\":{\"@type\":\"PropertyValueSpecification\",\"valueRequired\":true,\"valueName\":\"search_term_string\"}}],\"inLanguage\":\"fr-FR\"},{\"@type\":\"Organization\",\"@id\":\"https:\\\/\\\/planet-ott.org\\\/#organization\",\"name\":\"Planet-ott\",\"url\":\"https:\\\/\\\/planet-ott.org\\\/\",\"logo\":{\"@type\":\"ImageObject\",\"inLanguage\":\"fr-FR\",\"@id\":\"https:\\\/\\\/planet-ott.org\\\/#\\\/schema\\\/logo\\\/image\\\/\",\"url\":\"https:\\\/\\\/planet-ott.org\\\/wp-content\\\/uploads\\\/2023\\\/07\\\/Logo.png\",\"contentUrl\":\"https:\\\/\\\/planet-ott.org\\\/wp-content\\\/uploads\\\/2023\\\/07\\\/Logo.png\",\"width\":114,\"height\":114,\"caption\":\"Planet-ott\"},\"image\":{\"@id\":\"https:\\\/\\\/planet-ott.org\\\/#\\\/schema\\\/logo\\\/image\\\/\"}}]}<\/script>\n<!-- \/ Yoast SEO plugin. -->","yoast_head_json":{"title":"IPTV SUR AMAZON FIRE STICK - Planet-ott","robots":{"index":"index","follow":"follow","max-snippet":"max-snippet:-1","max-image-preview":"max-image-preview:large","max-video-preview":"max-video-preview:-1"},"canonical":"https:\/\/planet-ott.org\/index.php\/iptv-sur-amazon-fire-stick\/","og_locale":"fr_FR","og_type":"article","og_title":"IPTV SUR AMAZON FIRE STICK - Planet-ott","og_description":"IPTV SUR AMAZON FIRE STICK 1:\u00a0Depuis l&rsquo;\u00e9cran d&rsquo;accueil de votre appareil, survolez l&rsquo;option Rechercher. 2.&nbsp;Cliquez sur Recherche. 3.&nbsp;Recherchez et s\u00e9lectionnez Downloader. 4.&nbsp;Choisissez l&rsquo;application Downloader. 5.&nbsp;Cliquez sur T\u00e9l\u00e9charger. 6.&nbsp;Une fois l&rsquo;installation de l&rsquo;application termin\u00e9e, cliquez sur Ouvrir. 7.&nbsp;Revenez \u00e0 l&rsquo;\u00e9cran d&rsquo;accueil et ouvrez Param\u00e8tres. 8.&nbsp;Cliquez sur Ma Fire TV. 9.&nbsp;S\u00e9lectionnez Options du d\u00e9veloppeur. 10.&nbsp;Cliquez sur Installer [&hellip;]","og_url":"https:\/\/planet-ott.org\/index.php\/iptv-sur-amazon-fire-stick\/","og_site_name":"Planet-ott","article_modified_time":"2023-08-25T23:53:46+00:00","og_image":[{"url":"https:\/\/www.tvzland.com\/wp-content\/uploads\/2022\/07\/downloader-on-firestick-new-interface-2.png","type":"","width":"","height":""}],"twitter_card":"summary_large_image","twitter_misc":{"Dur\u00e9e de lecture estim\u00e9e":"6 minutes"},"schema":{"@context":"https:\/\/schema.org","@graph":[{"@type":"WebPage","@id":"https:\/\/planet-ott.org\/index.php\/iptv-sur-amazon-fire-stick\/","url":"https:\/\/planet-ott.org\/index.php\/iptv-sur-amazon-fire-stick\/","name":"IPTV SUR AMAZON FIRE STICK - Planet-ott","isPartOf":{"@id":"https:\/\/planet-ott.org\/#website"},"primaryImageOfPage":{"@id":"https:\/\/planet-ott.org\/index.php\/iptv-sur-amazon-fire-stick\/#primaryimage"},"image":{"@id":"https:\/\/planet-ott.org\/index.php\/iptv-sur-amazon-fire-stick\/#primaryimage"},"thumbnailUrl":"https:\/\/www.tvzland.com\/wp-content\/uploads\/2022\/07\/downloader-on-firestick-new-interface-2.png","datePublished":"2023-08-25T23:53:45+00:00","dateModified":"2023-08-25T23:53:46+00:00","breadcrumb":{"@id":"https:\/\/planet-ott.org\/index.php\/iptv-sur-amazon-fire-stick\/#breadcrumb"},"inLanguage":"fr-FR","potentialAction":[{"@type":"ReadAction","target":["https:\/\/planet-ott.org\/index.php\/iptv-sur-amazon-fire-stick\/"]}]},{"@type":"ImageObject","inLanguage":"fr-FR","@id":"https:\/\/planet-ott.org\/index.php\/iptv-sur-amazon-fire-stick\/#primaryimage","url":"https:\/\/www.tvzland.com\/wp-content\/uploads\/2022\/07\/downloader-on-firestick-new-interface-2.png","contentUrl":"https:\/\/www.tvzland.com\/wp-content\/uploads\/2022\/07\/downloader-on-firestick-new-interface-2.png"},{"@type":"BreadcrumbList","@id":"https:\/\/planet-ott.org\/index.php\/iptv-sur-amazon-fire-stick\/#breadcrumb","itemListElement":[{"@type":"ListItem","position":1,"name":"Home","item":"https:\/\/planet-ott.org\/"},{"@type":"ListItem","position":2,"name":"IPTV SUR AMAZON FIRE STICK"}]},{"@type":"WebSite","@id":"https:\/\/planet-ott.org\/#website","url":"https:\/\/planet-ott.org\/","name":"Planet-ott","description":"Abonnement iptv","publisher":{"@id":"https:\/\/planet-ott.org\/#organization"},"potentialAction":[{"@type":"SearchAction","target":{"@type":"EntryPoint","urlTemplate":"https:\/\/planet-ott.org\/?s={search_term_string}"},"query-input":{"@type":"PropertyValueSpecification","valueRequired":true,"valueName":"search_term_string"}}],"inLanguage":"fr-FR"},{"@type":"Organization","@id":"https:\/\/planet-ott.org\/#organization","name":"Planet-ott","url":"https:\/\/planet-ott.org\/","logo":{"@type":"ImageObject","inLanguage":"fr-FR","@id":"https:\/\/planet-ott.org\/#\/schema\/logo\/image\/","url":"https:\/\/planet-ott.org\/wp-content\/uploads\/2023\/07\/Logo.png","contentUrl":"https:\/\/planet-ott.org\/wp-content\/uploads\/2023\/07\/Logo.png","width":114,"height":114,"caption":"Planet-ott"},"image":{"@id":"https:\/\/planet-ott.org\/#\/schema\/logo\/image\/"}}]}},"_links":{"self":[{"href":"https:\/\/planet-ott.org\/index.php\/wp-json\/wp\/v2\/pages\/1529","targetHints":{"allow":["GET"]}}],"collection":[{"href":"https:\/\/planet-ott.org\/index.php\/wp-json\/wp\/v2\/pages"}],"about":[{"href":"https:\/\/planet-ott.org\/index.php\/wp-json\/wp\/v2\/types\/page"}],"author":[{"embeddable":true,"href":"https:\/\/planet-ott.org\/index.php\/wp-json\/wp\/v2\/users\/1"}],"replies":[{"embeddable":true,"href":"https:\/\/planet-ott.org\/index.php\/wp-json\/wp\/v2\/comments?post=1529"}],"version-history":[{"count":1,"href":"https:\/\/planet-ott.org\/index.php\/wp-json\/wp\/v2\/pages\/1529\/revisions"}],"predecessor-version":[{"id":1530,"href":"https:\/\/planet-ott.org\/index.php\/wp-json\/wp\/v2\/pages\/1529\/revisions\/1530"}],"wp:attachment":[{"href":"https:\/\/planet-ott.org\/index.php\/wp-json\/wp\/v2\/media?parent=1529"}],"curies":[{"name":"wp","href":"https:\/\/api.w.org\/{rel}","templated":true}]}}