{"id":1535,"date":"2023-08-26T02:04:15","date_gmt":"2023-08-26T00:04:15","guid":{"rendered":"https:\/\/planet-ott.org\/?page_id=1535"},"modified":"2023-08-26T02:04:16","modified_gmt":"2023-08-26T00:04:16","slug":"iptv-pour-les-appareils-mag","status":"publish","type":"page","link":"https:\/\/planet-ott.org\/index.php\/iptv-pour-les-appareils-mag\/","title":{"rendered":"IPTV pour les appareils MAG"},"content":{"rendered":"\n<h2 class=\"wp-block-heading has-text-align-center\"><strong><span style=\"color: var(--theme-palette-color-3, #ff1a1a);\" class=\"stk-highlight\">IPTV pour les appareils MAG<\/span><\/strong><\/h2>\n\n\n\n<p>Ce tutoriel vous guidera \u00e0 travers les \u00e9tapes simples et efficaces de l\u2019installation de votre Mag (250\/254\/256\u2026).<br><strong>\u00c9tape 1:<\/strong>\u00a0Lorsque le bo\u00eetier est en cours de chargement, l\u2019\u00e9cran du portail principal appara\u00eet. Ensuite, cliquez sur \u201cparam\u00e8tres\u201d, et appuyez sur le bouton de la t\u00e9l\u00e9commande \u201cSETUP\/SET\u201d.<\/p>\n\n\n\n<figure class=\"wp-block-image\"><img decoding=\"async\" src=\"https:\/\/blogger.googleusercontent.com\/img\/b\/R29vZ2xl\/AVvXsEhHz9Krlq7gYGOdoDjVz5AHB4MHyGkLmfRhVBjMGsiEIy4T0FfXMIzUHhUMMtjDKaOj39xfE-I9A_DdfIy1l6AJqhj_Fm2mS1aBmn7BTtUEh_6NAZxz-a28cfJGYJf_cz72gczVR3BpxS8pJO_yCzbAOSpHNwwX7bdTpjMr-RYSCb7tXzq97WjZKEe2\/s16000\/MAG%201.png\" alt=\"\"\/><\/figure>\n\n\n\n<p><strong>\u00c9tape 2:<\/strong>&nbsp;Appuyez ensuite sur \u201cParam\u00e8tres du syst\u00e8me\u201d et cliquez sur \u201cServeurs\u201d.<\/p>\n\n\n\n<figure class=\"wp-block-image\"><img decoding=\"async\" src=\"https:\/\/blogger.googleusercontent.com\/img\/b\/R29vZ2xl\/AVvXsEgT84JcZpJMsd-ocS7Gs5vhwVKvpJsklTYLB1EGnBiVyOGDpvdq0EYxyHew-v-yt2gjzDpN3zKq0MC2IFRJzNckmqmLoUazgdE_IA3bq9FIv8JlSZGA_ayTwQ8n3FpqDg_EiCqqiVh640TFKPi-U1lJQmATX9_yj8cjbdSIDGXYacBu1sTmoHHxrKok\/s16000\/MAG%202.png\" alt=\"&quot;\"\/><\/figure>\n\n\n\n<p><strong>\u00c9tape 3:<\/strong>&nbsp;Cliquez sur \u201cServeurs\u201d.<\/p>\n\n\n\n<figure class=\"wp-block-image\"><img decoding=\"async\" src=\"https:\/\/blogger.googleusercontent.com\/img\/b\/R29vZ2xl\/AVvXsEitLZKMn4YkjWDCYaMcPR1IUses6CQ0BrXZY2VaC5e_LqsrHbq5S6d6UySNiCtqMDfJsC1VYUROuIoTBFXBDxsliQdtMztS8cmCvvbyvOOns473DSPImPAT4GOrBAPZFtrW4s_9r3Fes7cIRoq_2XMGqo0Uwkwe2yZVwsfAN2M1qxfnX6G_ahNOKqCT\/s16000\/MAG%203.png\" alt=\"&quot;\"\/><\/figure>\n\n\n\n<p><strong>\u00c9tape 4:<\/strong>&nbsp;Choisissez et appuyez sur l\u2019option \u201cPortails\u201d.<\/p>\n\n\n\n<figure class=\"wp-block-image\"><img decoding=\"async\" src=\"https:\/\/blogger.googleusercontent.com\/img\/b\/R29vZ2xl\/AVvXsEh2z3jr2xIQm_GNawFS7oDeu141NSveQq9UlhgD8sdn0WhZjUXaBO9vOLtK1KOZ363Tya3Bt71g98F9_MtRNi_fhB0zugkD19fSJaxs0X-QaaRIu_kB3R6ooycrDS3gO_GyEJEafAQd6erfPY8qrvjZMLEF8bso_XN9yNb5zTPY2ETZU9BPe_JEg-SG\/s16000\/MAG%204.png\" alt=\"&quot;\"\/><\/figure>\n\n\n\n<p><strong>\u00c9tape 5:<\/strong>&nbsp;Dans la ligne \u201cNom du portail 1\u201d, entrez un nom de portail et dans la ligne \u201cURL du portail 1\u201d, entrez l\u2019URL du portail.<\/p>\n\n\n\n<figure class=\"wp-block-image\"><img decoding=\"async\" src=\"https:\/\/blogger.googleusercontent.com\/img\/b\/R29vZ2xl\/AVvXsEilsziR7C_xk10o_hfAtu37QxJWR3UmYvxkgbCwusyAGjftVoubVNVwRiTFN60jcwaatVjdWqMuNNR7xdPIFxDfEBmflSIj5fP8EysdaLfLiehaeYW1e0_rltguPBT_2ErV-zJ8RwKKeApzoFw_zs3PoQBHZp466JkdVgrBzftbh2-b-fvy8IV77Mik\/s16000\/MAG%205.png\" alt=\"&quot;\"\/><\/figure>\n\n\n\n<p>Par cons\u00e9quent, pour l\u2019activation de notre abonnement IPTV sur votre bo\u00eetier MAG, vous devez nous envoyer avec votre commande l\u2019adresse&nbsp;<strong>MAC qui se trouve sur l\u2019\u00e9tiquette derri\u00e8re le bo\u00eetier<\/strong>, l\u2019activation se fait enti\u00e8rement \u00e0 distance, juste apr\u00e8s l\u2019activation, nous vous enverrons un lien URL que vous devez mettre sur votre PORTAIL, comme dans la photo ci-dessous :<\/p>\n\n\n\n<p><strong>\u00c9tape 6:<\/strong>&nbsp;Enfin, lorsque vous avez termin\u00e9, s\u00e9lectionnez et cliquez sur \u201cOK\u201d pour enregistrer les modifications.<\/p>\n\n\n\n<p><br><strong>\u00c9tape 7:<\/strong>&nbsp;Cliquez sur \u201cEXIT\u201d sur la t\u00e9l\u00e9commande apr\u00e8s avoir enregistr\u00e9 les param\u00e8tres.<\/p>\n\n\n\n<p><br><strong>\u00c9tape 8:<\/strong>&nbsp;Par cons\u00e9quent, vous devez red\u00e9marrer la bo\u00eete. Choisissez l\u2019option \u201cOK\u201d pour que les changements soient appliqu\u00e9s.<\/p>\n","protected":false},"excerpt":{"rendered":"<p>IPTV pour les appareils MAG Ce tutoriel vous guidera \u00e0 travers les \u00e9tapes simples et efficaces de l\u2019installation de votre Mag (250\/254\/256\u2026).\u00c9tape 1:\u00a0Lorsque le bo\u00eetier est en cours de chargement, l\u2019\u00e9cran du portail principal appara\u00eet. Ensuite, cliquez sur \u201cparam\u00e8tres\u201d, et appuyez sur le bouton de la t\u00e9l\u00e9commande \u201cSETUP\/SET\u201d. \u00c9tape 2:&nbsp;Appuyez ensuite sur \u201cParam\u00e8tres du syst\u00e8me\u201d [&hellip;]<\/p>\n","protected":false},"author":1,"featured_media":0,"parent":0,"menu_order":0,"comment_status":"closed","ping_status":"closed","template":"","meta":{"footnotes":""},"class_list":["post-1535","page","type-page","status-publish","hentry"],"blocksy_meta":[],"yoast_head":"<!-- This site is optimized with the Yoast SEO plugin v27.3 - https:\/\/yoast.com\/product\/yoast-seo-wordpress\/ -->\n<title>IPTV pour les appareils MAG - Planet-ott<\/title>\n<meta name=\"robots\" content=\"index, follow, max-snippet:-1, max-image-preview:large, max-video-preview:-1\" \/>\n<link rel=\"canonical\" href=\"https:\/\/planet-ott.org\/index.php\/iptv-pour-les-appareils-mag\/\" \/>\n<meta property=\"og:locale\" content=\"fr_FR\" \/>\n<meta property=\"og:type\" content=\"article\" \/>\n<meta property=\"og:title\" content=\"IPTV pour les appareils MAG - Planet-ott\" \/>\n<meta property=\"og:description\" content=\"IPTV pour les appareils MAG Ce tutoriel vous guidera \u00e0 travers les \u00e9tapes simples et efficaces de l\u2019installation de votre Mag (250\/254\/256\u2026).\u00c9tape 1:\u00a0Lorsque le bo\u00eetier est en cours de chargement, l\u2019\u00e9cran du portail principal appara\u00eet. Ensuite, cliquez sur \u201cparam\u00e8tres\u201d, et appuyez sur le bouton de la t\u00e9l\u00e9commande \u201cSETUP\/SET\u201d. \u00c9tape 2:&nbsp;Appuyez ensuite sur \u201cParam\u00e8tres du syst\u00e8me\u201d [&hellip;]\" \/>\n<meta property=\"og:url\" content=\"https:\/\/planet-ott.org\/index.php\/iptv-pour-les-appareils-mag\/\" \/>\n<meta property=\"og:site_name\" content=\"Planet-ott\" \/>\n<meta property=\"article:modified_time\" content=\"2023-08-26T00:04:16+00:00\" \/>\n<meta property=\"og:image\" content=\"https:\/\/blogger.googleusercontent.com\/img\/b\/R29vZ2xl\/AVvXsEhHz9Krlq7gYGOdoDjVz5AHB4MHyGkLmfRhVBjMGsiEIy4T0FfXMIzUHhUMMtjDKaOj39xfE-I9A_DdfIy1l6AJqhj_Fm2mS1aBmn7BTtUEh_6NAZxz-a28cfJGYJf_cz72gczVR3BpxS8pJO_yCzbAOSpHNwwX7bdTpjMr-RYSCb7tXzq97WjZKEe2\/s16000\/MAG%201.png\" \/>\n<meta name=\"twitter:card\" content=\"summary_large_image\" \/>\n<meta name=\"twitter:label1\" content=\"Dur\u00e9e de lecture estim\u00e9e\" \/>\n\t<meta name=\"twitter:data1\" content=\"3 minutes\" \/>\n<script type=\"application\/ld+json\" class=\"yoast-schema-graph\">{\"@context\":\"https:\\\/\\\/schema.org\",\"@graph\":[{\"@type\":\"WebPage\",\"@id\":\"https:\\\/\\\/planet-ott.org\\\/index.php\\\/iptv-pour-les-appareils-mag\\\/\",\"url\":\"https:\\\/\\\/planet-ott.org\\\/index.php\\\/iptv-pour-les-appareils-mag\\\/\",\"name\":\"IPTV pour les appareils MAG - Planet-ott\",\"isPartOf\":{\"@id\":\"https:\\\/\\\/planet-ott.org\\\/#website\"},\"primaryImageOfPage\":{\"@id\":\"https:\\\/\\\/planet-ott.org\\\/index.php\\\/iptv-pour-les-appareils-mag\\\/#primaryimage\"},\"image\":{\"@id\":\"https:\\\/\\\/planet-ott.org\\\/index.php\\\/iptv-pour-les-appareils-mag\\\/#primaryimage\"},\"thumbnailUrl\":\"https:\\\/\\\/blogger.googleusercontent.com\\\/img\\\/b\\\/R29vZ2xl\\\/AVvXsEhHz9Krlq7gYGOdoDjVz5AHB4MHyGkLmfRhVBjMGsiEIy4T0FfXMIzUHhUMMtjDKaOj39xfE-I9A_DdfIy1l6AJqhj_Fm2mS1aBmn7BTtUEh_6NAZxz-a28cfJGYJf_cz72gczVR3BpxS8pJO_yCzbAOSpHNwwX7bdTpjMr-RYSCb7tXzq97WjZKEe2\\\/s16000\\\/MAG%201.png\",\"datePublished\":\"2023-08-26T00:04:15+00:00\",\"dateModified\":\"2023-08-26T00:04:16+00:00\",\"breadcrumb\":{\"@id\":\"https:\\\/\\\/planet-ott.org\\\/index.php\\\/iptv-pour-les-appareils-mag\\\/#breadcrumb\"},\"inLanguage\":\"fr-FR\",\"potentialAction\":[{\"@type\":\"ReadAction\",\"target\":[\"https:\\\/\\\/planet-ott.org\\\/index.php\\\/iptv-pour-les-appareils-mag\\\/\"]}]},{\"@type\":\"ImageObject\",\"inLanguage\":\"fr-FR\",\"@id\":\"https:\\\/\\\/planet-ott.org\\\/index.php\\\/iptv-pour-les-appareils-mag\\\/#primaryimage\",\"url\":\"https:\\\/\\\/blogger.googleusercontent.com\\\/img\\\/b\\\/R29vZ2xl\\\/AVvXsEhHz9Krlq7gYGOdoDjVz5AHB4MHyGkLmfRhVBjMGsiEIy4T0FfXMIzUHhUMMtjDKaOj39xfE-I9A_DdfIy1l6AJqhj_Fm2mS1aBmn7BTtUEh_6NAZxz-a28cfJGYJf_cz72gczVR3BpxS8pJO_yCzbAOSpHNwwX7bdTpjMr-RYSCb7tXzq97WjZKEe2\\\/s16000\\\/MAG%201.png\",\"contentUrl\":\"https:\\\/\\\/blogger.googleusercontent.com\\\/img\\\/b\\\/R29vZ2xl\\\/AVvXsEhHz9Krlq7gYGOdoDjVz5AHB4MHyGkLmfRhVBjMGsiEIy4T0FfXMIzUHhUMMtjDKaOj39xfE-I9A_DdfIy1l6AJqhj_Fm2mS1aBmn7BTtUEh_6NAZxz-a28cfJGYJf_cz72gczVR3BpxS8pJO_yCzbAOSpHNwwX7bdTpjMr-RYSCb7tXzq97WjZKEe2\\\/s16000\\\/MAG%201.png\"},{\"@type\":\"BreadcrumbList\",\"@id\":\"https:\\\/\\\/planet-ott.org\\\/index.php\\\/iptv-pour-les-appareils-mag\\\/#breadcrumb\",\"itemListElement\":[{\"@type\":\"ListItem\",\"position\":1,\"name\":\"Home\",\"item\":\"https:\\\/\\\/planet-ott.org\\\/\"},{\"@type\":\"ListItem\",\"position\":2,\"name\":\"IPTV pour les appareils MAG\"}]},{\"@type\":\"WebSite\",\"@id\":\"https:\\\/\\\/planet-ott.org\\\/#website\",\"url\":\"https:\\\/\\\/planet-ott.org\\\/\",\"name\":\"Planet-ott\",\"description\":\"Abonnement iptv\",\"publisher\":{\"@id\":\"https:\\\/\\\/planet-ott.org\\\/#organization\"},\"potentialAction\":[{\"@type\":\"SearchAction\",\"target\":{\"@type\":\"EntryPoint\",\"urlTemplate\":\"https:\\\/\\\/planet-ott.org\\\/?s={search_term_string}\"},\"query-input\":{\"@type\":\"PropertyValueSpecification\",\"valueRequired\":true,\"valueName\":\"search_term_string\"}}],\"inLanguage\":\"fr-FR\"},{\"@type\":\"Organization\",\"@id\":\"https:\\\/\\\/planet-ott.org\\\/#organization\",\"name\":\"Planet-ott\",\"url\":\"https:\\\/\\\/planet-ott.org\\\/\",\"logo\":{\"@type\":\"ImageObject\",\"inLanguage\":\"fr-FR\",\"@id\":\"https:\\\/\\\/planet-ott.org\\\/#\\\/schema\\\/logo\\\/image\\\/\",\"url\":\"https:\\\/\\\/planet-ott.org\\\/wp-content\\\/uploads\\\/2023\\\/07\\\/Logo.png\",\"contentUrl\":\"https:\\\/\\\/planet-ott.org\\\/wp-content\\\/uploads\\\/2023\\\/07\\\/Logo.png\",\"width\":114,\"height\":114,\"caption\":\"Planet-ott\"},\"image\":{\"@id\":\"https:\\\/\\\/planet-ott.org\\\/#\\\/schema\\\/logo\\\/image\\\/\"}}]}<\/script>\n<!-- \/ Yoast SEO plugin. -->","yoast_head_json":{"title":"IPTV pour les appareils MAG - Planet-ott","robots":{"index":"index","follow":"follow","max-snippet":"max-snippet:-1","max-image-preview":"max-image-preview:large","max-video-preview":"max-video-preview:-1"},"canonical":"https:\/\/planet-ott.org\/index.php\/iptv-pour-les-appareils-mag\/","og_locale":"fr_FR","og_type":"article","og_title":"IPTV pour les appareils MAG - Planet-ott","og_description":"IPTV pour les appareils MAG Ce tutoriel vous guidera \u00e0 travers les \u00e9tapes simples et efficaces de l\u2019installation de votre Mag (250\/254\/256\u2026).\u00c9tape 1:\u00a0Lorsque le bo\u00eetier est en cours de chargement, l\u2019\u00e9cran du portail principal appara\u00eet. Ensuite, cliquez sur \u201cparam\u00e8tres\u201d, et appuyez sur le bouton de la t\u00e9l\u00e9commande \u201cSETUP\/SET\u201d. \u00c9tape 2:&nbsp;Appuyez ensuite sur \u201cParam\u00e8tres du syst\u00e8me\u201d [&hellip;]","og_url":"https:\/\/planet-ott.org\/index.php\/iptv-pour-les-appareils-mag\/","og_site_name":"Planet-ott","article_modified_time":"2023-08-26T00:04:16+00:00","og_image":[{"url":"https:\/\/blogger.googleusercontent.com\/img\/b\/R29vZ2xl\/AVvXsEhHz9Krlq7gYGOdoDjVz5AHB4MHyGkLmfRhVBjMGsiEIy4T0FfXMIzUHhUMMtjDKaOj39xfE-I9A_DdfIy1l6AJqhj_Fm2mS1aBmn7BTtUEh_6NAZxz-a28cfJGYJf_cz72gczVR3BpxS8pJO_yCzbAOSpHNwwX7bdTpjMr-RYSCb7tXzq97WjZKEe2\/s16000\/MAG%201.png","type":"","width":"","height":""}],"twitter_card":"summary_large_image","twitter_misc":{"Dur\u00e9e de lecture estim\u00e9e":"3 minutes"},"schema":{"@context":"https:\/\/schema.org","@graph":[{"@type":"WebPage","@id":"https:\/\/planet-ott.org\/index.php\/iptv-pour-les-appareils-mag\/","url":"https:\/\/planet-ott.org\/index.php\/iptv-pour-les-appareils-mag\/","name":"IPTV pour les appareils MAG - Planet-ott","isPartOf":{"@id":"https:\/\/planet-ott.org\/#website"},"primaryImageOfPage":{"@id":"https:\/\/planet-ott.org\/index.php\/iptv-pour-les-appareils-mag\/#primaryimage"},"image":{"@id":"https:\/\/planet-ott.org\/index.php\/iptv-pour-les-appareils-mag\/#primaryimage"},"thumbnailUrl":"https:\/\/blogger.googleusercontent.com\/img\/b\/R29vZ2xl\/AVvXsEhHz9Krlq7gYGOdoDjVz5AHB4MHyGkLmfRhVBjMGsiEIy4T0FfXMIzUHhUMMtjDKaOj39xfE-I9A_DdfIy1l6AJqhj_Fm2mS1aBmn7BTtUEh_6NAZxz-a28cfJGYJf_cz72gczVR3BpxS8pJO_yCzbAOSpHNwwX7bdTpjMr-RYSCb7tXzq97WjZKEe2\/s16000\/MAG%201.png","datePublished":"2023-08-26T00:04:15+00:00","dateModified":"2023-08-26T00:04:16+00:00","breadcrumb":{"@id":"https:\/\/planet-ott.org\/index.php\/iptv-pour-les-appareils-mag\/#breadcrumb"},"inLanguage":"fr-FR","potentialAction":[{"@type":"ReadAction","target":["https:\/\/planet-ott.org\/index.php\/iptv-pour-les-appareils-mag\/"]}]},{"@type":"ImageObject","inLanguage":"fr-FR","@id":"https:\/\/planet-ott.org\/index.php\/iptv-pour-les-appareils-mag\/#primaryimage","url":"https:\/\/blogger.googleusercontent.com\/img\/b\/R29vZ2xl\/AVvXsEhHz9Krlq7gYGOdoDjVz5AHB4MHyGkLmfRhVBjMGsiEIy4T0FfXMIzUHhUMMtjDKaOj39xfE-I9A_DdfIy1l6AJqhj_Fm2mS1aBmn7BTtUEh_6NAZxz-a28cfJGYJf_cz72gczVR3BpxS8pJO_yCzbAOSpHNwwX7bdTpjMr-RYSCb7tXzq97WjZKEe2\/s16000\/MAG%201.png","contentUrl":"https:\/\/blogger.googleusercontent.com\/img\/b\/R29vZ2xl\/AVvXsEhHz9Krlq7gYGOdoDjVz5AHB4MHyGkLmfRhVBjMGsiEIy4T0FfXMIzUHhUMMtjDKaOj39xfE-I9A_DdfIy1l6AJqhj_Fm2mS1aBmn7BTtUEh_6NAZxz-a28cfJGYJf_cz72gczVR3BpxS8pJO_yCzbAOSpHNwwX7bdTpjMr-RYSCb7tXzq97WjZKEe2\/s16000\/MAG%201.png"},{"@type":"BreadcrumbList","@id":"https:\/\/planet-ott.org\/index.php\/iptv-pour-les-appareils-mag\/#breadcrumb","itemListElement":[{"@type":"ListItem","position":1,"name":"Home","item":"https:\/\/planet-ott.org\/"},{"@type":"ListItem","position":2,"name":"IPTV pour les appareils MAG"}]},{"@type":"WebSite","@id":"https:\/\/planet-ott.org\/#website","url":"https:\/\/planet-ott.org\/","name":"Planet-ott","description":"Abonnement iptv","publisher":{"@id":"https:\/\/planet-ott.org\/#organization"},"potentialAction":[{"@type":"SearchAction","target":{"@type":"EntryPoint","urlTemplate":"https:\/\/planet-ott.org\/?s={search_term_string}"},"query-input":{"@type":"PropertyValueSpecification","valueRequired":true,"valueName":"search_term_string"}}],"inLanguage":"fr-FR"},{"@type":"Organization","@id":"https:\/\/planet-ott.org\/#organization","name":"Planet-ott","url":"https:\/\/planet-ott.org\/","logo":{"@type":"ImageObject","inLanguage":"fr-FR","@id":"https:\/\/planet-ott.org\/#\/schema\/logo\/image\/","url":"https:\/\/planet-ott.org\/wp-content\/uploads\/2023\/07\/Logo.png","contentUrl":"https:\/\/planet-ott.org\/wp-content\/uploads\/2023\/07\/Logo.png","width":114,"height":114,"caption":"Planet-ott"},"image":{"@id":"https:\/\/planet-ott.org\/#\/schema\/logo\/image\/"}}]}},"_links":{"self":[{"href":"https:\/\/planet-ott.org\/index.php\/wp-json\/wp\/v2\/pages\/1535","targetHints":{"allow":["GET"]}}],"collection":[{"href":"https:\/\/planet-ott.org\/index.php\/wp-json\/wp\/v2\/pages"}],"about":[{"href":"https:\/\/planet-ott.org\/index.php\/wp-json\/wp\/v2\/types\/page"}],"author":[{"embeddable":true,"href":"https:\/\/planet-ott.org\/index.php\/wp-json\/wp\/v2\/users\/1"}],"replies":[{"embeddable":true,"href":"https:\/\/planet-ott.org\/index.php\/wp-json\/wp\/v2\/comments?post=1535"}],"version-history":[{"count":1,"href":"https:\/\/planet-ott.org\/index.php\/wp-json\/wp\/v2\/pages\/1535\/revisions"}],"predecessor-version":[{"id":1536,"href":"https:\/\/planet-ott.org\/index.php\/wp-json\/wp\/v2\/pages\/1535\/revisions\/1536"}],"wp:attachment":[{"href":"https:\/\/planet-ott.org\/index.php\/wp-json\/wp\/v2\/media?parent=1535"}],"curies":[{"name":"wp","href":"https:\/\/api.w.org\/{rel}","templated":true}]}}