{"id":1542,"date":"2023-08-26T02:10:03","date_gmt":"2023-08-26T00:10:03","guid":{"rendered":"https:\/\/planet-ott.org\/?page_id=1542"},"modified":"2023-08-26T02:10:03","modified_gmt":"2023-08-26T00:10:03","slug":"iptv-sur-pc","status":"publish","type":"page","link":"https:\/\/planet-ott.org\/index.php\/iptv-sur-pc\/","title":{"rendered":"IPTV SUR PC"},"content":{"rendered":"\n<h2 class=\"wp-block-heading has-text-align-center\"><strong><span style=\"color: var(--theme-palette-color-3, #ff1a1a);\" class=\"stk-highlight\">IPTV SUR APPAREILS MICROSOFT<\/span><\/strong><\/h2>\n\n\n\n<h3 class=\"wp-block-heading\"><strong>1\u00e8re Application : IPTV Smarters pro<\/strong><\/h3>\n\n\n\n<h5 class=\"wp-block-heading\">Comment installer IPTV Smarters pro sur Windows ?<\/h5>\n\n\n\n<p><strong>\u00c9tape 1:<\/strong>&nbsp;Allez sur le moteur de recherche et tapez \u201c<strong>IPTV Smarters Pro<\/strong>\u201c.<\/p>\n\n\n\n<p><strong>\u00c9tape 2:<\/strong>&nbsp;Ensuite, ouvrez le site web&nbsp;<a href=\"https:\/\/www.iptvsmarters.com\/\">https:\/\/www.iptvsmarters.com<\/a><\/p>\n\n\n\n<p><strong>\u00c9tape 3:&nbsp;<\/strong>S\u00e9lectionnez T\u00e9l\u00e9chargements dans le Menu<\/p>\n\n\n\n<figure class=\"wp-block-image\"><img decoding=\"async\" src=\"https:\/\/blogger.googleusercontent.com\/img\/b\/R29vZ2xl\/AVvXsEiqvDifdLMA9avPh2Cqz1ly3azWVnAbIVOxQpm2BXi9MTZCiy1pYEsD_lgMDsTugLMDAN_5AqWrQRqSlLifnoD1BTsc6j_MPrCX5i_sMBepbgFznrulQIA09OYKAAdmLvKdMAKL3VVLuXKVXjEANcQfH6HB1cmBuN1lj7gc6Yi4k94C6E7c-fUEPqxQ\/s16000\/Microsoft%201.png\" alt=\"\"\/><\/figure>\n\n\n\n<p><strong>\u00c9tape 4:<\/strong>&nbsp;T\u00e9l\u00e9chargez la nouvelle version de IPTV Smarters Pro.<\/p>\n\n\n\n<figure class=\"wp-block-image\"><img decoding=\"async\" src=\"https:\/\/blogger.googleusercontent.com\/img\/b\/R29vZ2xl\/AVvXsEhetaDc-NI9JBP1h10ZXJRoQWiSJB9aWavXruZKHe63Al0AwE7tyUBOUUycV_LV80ov68yvzRXoJfjYdHRxepcti50hBdSbCWnWrs508ezL5rdaXkwbjDfgUhDiJ3_vw7Fx3yJJRnu65UE1xIZEkv0GWyaZsVsojTyECimPb7syeTbee766B1aBfxNe\/s16000\/Microsoft%202.png\" alt=\"\"\/><\/figure>\n\n\n\n<p><strong>\u00c9tape 5:<\/strong>&nbsp;Une fois le t\u00e9l\u00e9chargement du fichier termin\u00e9, cliquez sur le fichier ex\u00e9cutable.<\/p>\n\n\n\n<p><strong>\u00c9tape 6:<\/strong>&nbsp;Windows vous demandera la permission d\u2019ouvrir ce fichier. S\u00e9lectionnez \u201cOui\u201d.<\/p>\n\n\n\n<p><strong>\u00c9tape 7:<\/strong>&nbsp;Le fichier va maintenant commencer le processus d\u2019installation. Cela devrait prendre entre \u2013 et deux minutes<\/p>\n\n\n\n<p><strong>\u00c9tape 8:<\/strong>&nbsp;Une fois l\u2019installation termin\u00e9e, lancez le programme IPTV Smarters. Cliquez sur Add New User et s\u00e9lectionnez&nbsp;<strong>Connexion avec Xtream Codes API<\/strong>, Ajoutez vos donn\u00e9es de connexion (nom d\u2019utilisateur, mot de passe et URL du portail) pour votre service IPTV.<\/p>\n\n\n\n<p><strong>\u00c9tape 9:<\/strong>&nbsp;Vous \u00eates maintenant pr\u00eat \u00e0 commencer \u00e0 regarder du contenu sur IPTV Smarters Pro!<\/p>\n\n\n\n<h3 class=\"wp-block-heading\"><strong>2\u00e8me Application :&nbsp;<\/strong>My IPTV Player<\/h3>\n\n\n\n<p>Il s\u2019agit d\u2019un lecteur multim\u00e9dia exceptionnel avec EPG pour lire vos cha\u00eenes IPTV sur votre Windows Phone, Windwos10 et Xbox One. Vous pouvez simplement charger votre liste de lecture M3U \u00e0 partir d\u2019un stockage ou d\u2019une source distante et vous \u00eates pr\u00eat \u00e0 partir.<\/p>\n\n\n\n<h5 class=\"wp-block-heading\">Vous pouvez t\u00e9l\u00e9charger cette application via le lien ci-dessous :<br><a href=\"https:\/\/www.microsoft.com\/en-us\/p\/myiptv-player\/9pjj2nmbf0tr\">https:\/\/www.microsoft.com\/<\/a><\/h5>\n\n\n\n<p><strong>\u00c9tape 1:<\/strong>&nbsp;Naviguez vers Param\u00e8tres<\/p>\n\n\n\n<p>Allez dans l\u2019onglet \u201cParam\u00e8tres\u201d et ouvrez \u201cAjouter une nouvelle liste de lecture et une source EPG\u201d.<\/p>\n\n\n\n<figure class=\"wp-block-image\"><img decoding=\"async\" src=\"https:\/\/blogger.googleusercontent.com\/img\/b\/R29vZ2xl\/AVvXsEgjCJKFY3gT_3q2iGxxyGY_MWOFljh-DRDBsYNVB-NV56hCSw9vNaWWvJ7e0_LMM4BdreRdrXgNLrqKxkdNi7Fjwprh_od3uY0WJV1Ot0B_qKUyoFOHeVBEOOjRHb6d3B01UviJHU1ba1VVMipFGuSwxdW-QUUyfMpQ39xQyM-EJ7HmrI39Xx1fskUl\/s16000\/Microsoft%203.jpg\" alt=\"\"\/><\/figure>\n\n\n\n<p><strong>\u00c9tape 2:<\/strong>&nbsp;Entrer le lien M3u<br>Tapez un nom (ex:overbox) dans le champ Remote channel list name.<br>Entrez (collez) le lien M3u fourni par le fournisseur IPTV dans le champ Enter remote source URL (Entrer l\u2019URL de la source distante).<br>Appuyez sur Ajouter une liste distante<\/p>\n\n\n\n<figure class=\"wp-block-image\"><img decoding=\"async\" src=\"https:\/\/blogger.googleusercontent.com\/img\/b\/R29vZ2xl\/AVvXsEjjbVOY1y8ssPm4s-WkT-xVBAZ1jSRYXzy0ffE_gqa2RXIDqjoI8z7fKIHrlxteWmA1ooz_IBV3EuQApvUOfBZG8M8ZWFDgEZr5LW9sKGSKg_Gz4HZNoet51sEUAZSfhQzQapXhmSTp1RRRSGze4s3GtjNIT7SGL8xkmqBjCUtke-sRDWsfFdNoxpoJ\/s16000\/Microsoft%204.jpg\" alt=\"\"\/><\/figure>\n\n\n\n<p><strong>\u00c9tape 3:<\/strong>&nbsp;S\u00e9lectionnez la liste \u00e0 charger<br>Retournez \u00e0 Param\u00e8tres et s\u00e9lectionnez la sur-bo\u00eete dans la liste de s\u00e9lection des cha\u00eenes.<\/p>\n\n\n\n<figure class=\"wp-block-image\"><img decoding=\"async\" src=\"https:\/\/blogger.googleusercontent.com\/img\/b\/R29vZ2xl\/AVvXsEhC17UVw8WAr4f6HxnFvYIjyOKeIwq6t5eLG762MQY8MyzeZ6lu3mx_-zIeBlgyNx3S--_yjmYRk8u5l8mRcQ3ppjt0V9shdLEZ3ap16kF9OdtayuzmMGewygvbbGo_5vMr7FyegDd0vdoikab2yV5ObEAowo9zxHLmsHmlYD7DGsuKfo4y-SmcTSNb\/s16000\/Microsoft%205.jpg\" alt=\"\"\/><\/figure>\n\n\n\n<p><strong>\u00c9tape 4:<\/strong>&nbsp;Regardez les cha\u00eenes et la vid\u00e9o \u00e0 la demande. Retournez maintenant \u00e0 l\u2019onglet Cha\u00eenes et s\u00e9lectionnez le pays o\u00f9 vous voulez regarder les cha\u00eenes de t\u00e9l\u00e9vision.<\/p>\n\n\n\n<figure class=\"wp-block-image\"><img decoding=\"async\" src=\"https:\/\/blogger.googleusercontent.com\/img\/b\/R29vZ2xl\/AVvXsEiAc4kFj_uZRaPVobAZa-lftXkteJhLh9s43hfxq087CjZnlHDW0Kfqr5t6GX-Ae2QpA2oO4ipEZM37rw4eCm974zQQ0ZEVBUsZMbJz91nQk9qgS3OEoaDt8ctNvkCR_nx3t2K-D-qcdigA6T9Gwrw4R5bw7yc3xrVWuO1HpoOJ_6WbcmU7eTF_Yr8D\/s16000\/Microsoft%206.jpg\" alt=\"\"\/><\/figure>\n","protected":false},"excerpt":{"rendered":"<p>IPTV SUR APPAREILS MICROSOFT 1\u00e8re Application : IPTV Smarters pro Comment installer IPTV Smarters pro sur Windows ? \u00c9tape 1:&nbsp;Allez sur le moteur de recherche et tapez \u201cIPTV Smarters Pro\u201c. \u00c9tape 2:&nbsp;Ensuite, ouvrez le site web&nbsp;https:\/\/www.iptvsmarters.com \u00c9tape 3:&nbsp;S\u00e9lectionnez T\u00e9l\u00e9chargements dans le Menu \u00c9tape 4:&nbsp;T\u00e9l\u00e9chargez la nouvelle version de IPTV Smarters Pro. \u00c9tape 5:&nbsp;Une fois le [&hellip;]<\/p>\n","protected":false},"author":1,"featured_media":0,"parent":0,"menu_order":0,"comment_status":"closed","ping_status":"closed","template":"","meta":{"footnotes":""},"class_list":["post-1542","page","type-page","status-publish","hentry"],"blocksy_meta":[],"yoast_head":"<!-- This site is optimized with the Yoast SEO plugin v27.3 - https:\/\/yoast.com\/product\/yoast-seo-wordpress\/ -->\n<title>IPTV SUR PC - Planet-ott<\/title>\n<meta name=\"robots\" content=\"index, follow, max-snippet:-1, max-image-preview:large, max-video-preview:-1\" \/>\n<link rel=\"canonical\" href=\"https:\/\/planet-ott.org\/index.php\/iptv-sur-pc\/\" \/>\n<meta property=\"og:locale\" content=\"fr_FR\" \/>\n<meta property=\"og:type\" content=\"article\" \/>\n<meta property=\"og:title\" content=\"IPTV SUR PC - Planet-ott\" \/>\n<meta property=\"og:description\" content=\"IPTV SUR APPAREILS MICROSOFT 1\u00e8re Application : IPTV Smarters pro Comment installer IPTV Smarters pro sur Windows ? \u00c9tape 1:&nbsp;Allez sur le moteur de recherche et tapez \u201cIPTV Smarters Pro\u201c. \u00c9tape 2:&nbsp;Ensuite, ouvrez le site web&nbsp;https:\/\/www.iptvsmarters.com \u00c9tape 3:&nbsp;S\u00e9lectionnez T\u00e9l\u00e9chargements dans le Menu \u00c9tape 4:&nbsp;T\u00e9l\u00e9chargez la nouvelle version de IPTV Smarters Pro. \u00c9tape 5:&nbsp;Une fois le [&hellip;]\" \/>\n<meta property=\"og:url\" content=\"https:\/\/planet-ott.org\/index.php\/iptv-sur-pc\/\" \/>\n<meta property=\"og:site_name\" content=\"Planet-ott\" \/>\n<meta property=\"og:image\" content=\"https:\/\/blogger.googleusercontent.com\/img\/b\/R29vZ2xl\/AVvXsEiqvDifdLMA9avPh2Cqz1ly3azWVnAbIVOxQpm2BXi9MTZCiy1pYEsD_lgMDsTugLMDAN_5AqWrQRqSlLifnoD1BTsc6j_MPrCX5i_sMBepbgFznrulQIA09OYKAAdmLvKdMAKL3VVLuXKVXjEANcQfH6HB1cmBuN1lj7gc6Yi4k94C6E7c-fUEPqxQ\/s16000\/Microsoft%201.png\" \/>\n<meta name=\"twitter:card\" content=\"summary_large_image\" \/>\n<meta name=\"twitter:label1\" content=\"Dur\u00e9e de lecture estim\u00e9e\" \/>\n\t<meta name=\"twitter:data1\" content=\"2 minutes\" \/>\n<script type=\"application\/ld+json\" class=\"yoast-schema-graph\">{\"@context\":\"https:\\\/\\\/schema.org\",\"@graph\":[{\"@type\":\"WebPage\",\"@id\":\"https:\\\/\\\/planet-ott.org\\\/index.php\\\/iptv-sur-pc\\\/\",\"url\":\"https:\\\/\\\/planet-ott.org\\\/index.php\\\/iptv-sur-pc\\\/\",\"name\":\"IPTV SUR PC - Planet-ott\",\"isPartOf\":{\"@id\":\"https:\\\/\\\/planet-ott.org\\\/#website\"},\"primaryImageOfPage\":{\"@id\":\"https:\\\/\\\/planet-ott.org\\\/index.php\\\/iptv-sur-pc\\\/#primaryimage\"},\"image\":{\"@id\":\"https:\\\/\\\/planet-ott.org\\\/index.php\\\/iptv-sur-pc\\\/#primaryimage\"},\"thumbnailUrl\":\"https:\\\/\\\/blogger.googleusercontent.com\\\/img\\\/b\\\/R29vZ2xl\\\/AVvXsEiqvDifdLMA9avPh2Cqz1ly3azWVnAbIVOxQpm2BXi9MTZCiy1pYEsD_lgMDsTugLMDAN_5AqWrQRqSlLifnoD1BTsc6j_MPrCX5i_sMBepbgFznrulQIA09OYKAAdmLvKdMAKL3VVLuXKVXjEANcQfH6HB1cmBuN1lj7gc6Yi4k94C6E7c-fUEPqxQ\\\/s16000\\\/Microsoft%201.png\",\"datePublished\":\"2023-08-26T00:10:03+00:00\",\"breadcrumb\":{\"@id\":\"https:\\\/\\\/planet-ott.org\\\/index.php\\\/iptv-sur-pc\\\/#breadcrumb\"},\"inLanguage\":\"fr-FR\",\"potentialAction\":[{\"@type\":\"ReadAction\",\"target\":[\"https:\\\/\\\/planet-ott.org\\\/index.php\\\/iptv-sur-pc\\\/\"]}]},{\"@type\":\"ImageObject\",\"inLanguage\":\"fr-FR\",\"@id\":\"https:\\\/\\\/planet-ott.org\\\/index.php\\\/iptv-sur-pc\\\/#primaryimage\",\"url\":\"https:\\\/\\\/blogger.googleusercontent.com\\\/img\\\/b\\\/R29vZ2xl\\\/AVvXsEiqvDifdLMA9avPh2Cqz1ly3azWVnAbIVOxQpm2BXi9MTZCiy1pYEsD_lgMDsTugLMDAN_5AqWrQRqSlLifnoD1BTsc6j_MPrCX5i_sMBepbgFznrulQIA09OYKAAdmLvKdMAKL3VVLuXKVXjEANcQfH6HB1cmBuN1lj7gc6Yi4k94C6E7c-fUEPqxQ\\\/s16000\\\/Microsoft%201.png\",\"contentUrl\":\"https:\\\/\\\/blogger.googleusercontent.com\\\/img\\\/b\\\/R29vZ2xl\\\/AVvXsEiqvDifdLMA9avPh2Cqz1ly3azWVnAbIVOxQpm2BXi9MTZCiy1pYEsD_lgMDsTugLMDAN_5AqWrQRqSlLifnoD1BTsc6j_MPrCX5i_sMBepbgFznrulQIA09OYKAAdmLvKdMAKL3VVLuXKVXjEANcQfH6HB1cmBuN1lj7gc6Yi4k94C6E7c-fUEPqxQ\\\/s16000\\\/Microsoft%201.png\"},{\"@type\":\"BreadcrumbList\",\"@id\":\"https:\\\/\\\/planet-ott.org\\\/index.php\\\/iptv-sur-pc\\\/#breadcrumb\",\"itemListElement\":[{\"@type\":\"ListItem\",\"position\":1,\"name\":\"Home\",\"item\":\"https:\\\/\\\/planet-ott.org\\\/\"},{\"@type\":\"ListItem\",\"position\":2,\"name\":\"IPTV SUR PC\"}]},{\"@type\":\"WebSite\",\"@id\":\"https:\\\/\\\/planet-ott.org\\\/#website\",\"url\":\"https:\\\/\\\/planet-ott.org\\\/\",\"name\":\"Planet-ott\",\"description\":\"Abonnement iptv\",\"publisher\":{\"@id\":\"https:\\\/\\\/planet-ott.org\\\/#organization\"},\"potentialAction\":[{\"@type\":\"SearchAction\",\"target\":{\"@type\":\"EntryPoint\",\"urlTemplate\":\"https:\\\/\\\/planet-ott.org\\\/?s={search_term_string}\"},\"query-input\":{\"@type\":\"PropertyValueSpecification\",\"valueRequired\":true,\"valueName\":\"search_term_string\"}}],\"inLanguage\":\"fr-FR\"},{\"@type\":\"Organization\",\"@id\":\"https:\\\/\\\/planet-ott.org\\\/#organization\",\"name\":\"Planet-ott\",\"url\":\"https:\\\/\\\/planet-ott.org\\\/\",\"logo\":{\"@type\":\"ImageObject\",\"inLanguage\":\"fr-FR\",\"@id\":\"https:\\\/\\\/planet-ott.org\\\/#\\\/schema\\\/logo\\\/image\\\/\",\"url\":\"https:\\\/\\\/planet-ott.org\\\/wp-content\\\/uploads\\\/2023\\\/07\\\/Logo.png\",\"contentUrl\":\"https:\\\/\\\/planet-ott.org\\\/wp-content\\\/uploads\\\/2023\\\/07\\\/Logo.png\",\"width\":114,\"height\":114,\"caption\":\"Planet-ott\"},\"image\":{\"@id\":\"https:\\\/\\\/planet-ott.org\\\/#\\\/schema\\\/logo\\\/image\\\/\"}}]}<\/script>\n<!-- \/ Yoast SEO plugin. -->","yoast_head_json":{"title":"IPTV SUR PC - Planet-ott","robots":{"index":"index","follow":"follow","max-snippet":"max-snippet:-1","max-image-preview":"max-image-preview:large","max-video-preview":"max-video-preview:-1"},"canonical":"https:\/\/planet-ott.org\/index.php\/iptv-sur-pc\/","og_locale":"fr_FR","og_type":"article","og_title":"IPTV SUR PC - Planet-ott","og_description":"IPTV SUR APPAREILS MICROSOFT 1\u00e8re Application : IPTV Smarters pro Comment installer IPTV Smarters pro sur Windows ? \u00c9tape 1:&nbsp;Allez sur le moteur de recherche et tapez \u201cIPTV Smarters Pro\u201c. \u00c9tape 2:&nbsp;Ensuite, ouvrez le site web&nbsp;https:\/\/www.iptvsmarters.com \u00c9tape 3:&nbsp;S\u00e9lectionnez T\u00e9l\u00e9chargements dans le Menu \u00c9tape 4:&nbsp;T\u00e9l\u00e9chargez la nouvelle version de IPTV Smarters Pro. \u00c9tape 5:&nbsp;Une fois le [&hellip;]","og_url":"https:\/\/planet-ott.org\/index.php\/iptv-sur-pc\/","og_site_name":"Planet-ott","og_image":[{"url":"https:\/\/blogger.googleusercontent.com\/img\/b\/R29vZ2xl\/AVvXsEiqvDifdLMA9avPh2Cqz1ly3azWVnAbIVOxQpm2BXi9MTZCiy1pYEsD_lgMDsTugLMDAN_5AqWrQRqSlLifnoD1BTsc6j_MPrCX5i_sMBepbgFznrulQIA09OYKAAdmLvKdMAKL3VVLuXKVXjEANcQfH6HB1cmBuN1lj7gc6Yi4k94C6E7c-fUEPqxQ\/s16000\/Microsoft%201.png","type":"","width":"","height":""}],"twitter_card":"summary_large_image","twitter_misc":{"Dur\u00e9e de lecture estim\u00e9e":"2 minutes"},"schema":{"@context":"https:\/\/schema.org","@graph":[{"@type":"WebPage","@id":"https:\/\/planet-ott.org\/index.php\/iptv-sur-pc\/","url":"https:\/\/planet-ott.org\/index.php\/iptv-sur-pc\/","name":"IPTV SUR PC - Planet-ott","isPartOf":{"@id":"https:\/\/planet-ott.org\/#website"},"primaryImageOfPage":{"@id":"https:\/\/planet-ott.org\/index.php\/iptv-sur-pc\/#primaryimage"},"image":{"@id":"https:\/\/planet-ott.org\/index.php\/iptv-sur-pc\/#primaryimage"},"thumbnailUrl":"https:\/\/blogger.googleusercontent.com\/img\/b\/R29vZ2xl\/AVvXsEiqvDifdLMA9avPh2Cqz1ly3azWVnAbIVOxQpm2BXi9MTZCiy1pYEsD_lgMDsTugLMDAN_5AqWrQRqSlLifnoD1BTsc6j_MPrCX5i_sMBepbgFznrulQIA09OYKAAdmLvKdMAKL3VVLuXKVXjEANcQfH6HB1cmBuN1lj7gc6Yi4k94C6E7c-fUEPqxQ\/s16000\/Microsoft%201.png","datePublished":"2023-08-26T00:10:03+00:00","breadcrumb":{"@id":"https:\/\/planet-ott.org\/index.php\/iptv-sur-pc\/#breadcrumb"},"inLanguage":"fr-FR","potentialAction":[{"@type":"ReadAction","target":["https:\/\/planet-ott.org\/index.php\/iptv-sur-pc\/"]}]},{"@type":"ImageObject","inLanguage":"fr-FR","@id":"https:\/\/planet-ott.org\/index.php\/iptv-sur-pc\/#primaryimage","url":"https:\/\/blogger.googleusercontent.com\/img\/b\/R29vZ2xl\/AVvXsEiqvDifdLMA9avPh2Cqz1ly3azWVnAbIVOxQpm2BXi9MTZCiy1pYEsD_lgMDsTugLMDAN_5AqWrQRqSlLifnoD1BTsc6j_MPrCX5i_sMBepbgFznrulQIA09OYKAAdmLvKdMAKL3VVLuXKVXjEANcQfH6HB1cmBuN1lj7gc6Yi4k94C6E7c-fUEPqxQ\/s16000\/Microsoft%201.png","contentUrl":"https:\/\/blogger.googleusercontent.com\/img\/b\/R29vZ2xl\/AVvXsEiqvDifdLMA9avPh2Cqz1ly3azWVnAbIVOxQpm2BXi9MTZCiy1pYEsD_lgMDsTugLMDAN_5AqWrQRqSlLifnoD1BTsc6j_MPrCX5i_sMBepbgFznrulQIA09OYKAAdmLvKdMAKL3VVLuXKVXjEANcQfH6HB1cmBuN1lj7gc6Yi4k94C6E7c-fUEPqxQ\/s16000\/Microsoft%201.png"},{"@type":"BreadcrumbList","@id":"https:\/\/planet-ott.org\/index.php\/iptv-sur-pc\/#breadcrumb","itemListElement":[{"@type":"ListItem","position":1,"name":"Home","item":"https:\/\/planet-ott.org\/"},{"@type":"ListItem","position":2,"name":"IPTV SUR PC"}]},{"@type":"WebSite","@id":"https:\/\/planet-ott.org\/#website","url":"https:\/\/planet-ott.org\/","name":"Planet-ott","description":"Abonnement iptv","publisher":{"@id":"https:\/\/planet-ott.org\/#organization"},"potentialAction":[{"@type":"SearchAction","target":{"@type":"EntryPoint","urlTemplate":"https:\/\/planet-ott.org\/?s={search_term_string}"},"query-input":{"@type":"PropertyValueSpecification","valueRequired":true,"valueName":"search_term_string"}}],"inLanguage":"fr-FR"},{"@type":"Organization","@id":"https:\/\/planet-ott.org\/#organization","name":"Planet-ott","url":"https:\/\/planet-ott.org\/","logo":{"@type":"ImageObject","inLanguage":"fr-FR","@id":"https:\/\/planet-ott.org\/#\/schema\/logo\/image\/","url":"https:\/\/planet-ott.org\/wp-content\/uploads\/2023\/07\/Logo.png","contentUrl":"https:\/\/planet-ott.org\/wp-content\/uploads\/2023\/07\/Logo.png","width":114,"height":114,"caption":"Planet-ott"},"image":{"@id":"https:\/\/planet-ott.org\/#\/schema\/logo\/image\/"}}]}},"_links":{"self":[{"href":"https:\/\/planet-ott.org\/index.php\/wp-json\/wp\/v2\/pages\/1542","targetHints":{"allow":["GET"]}}],"collection":[{"href":"https:\/\/planet-ott.org\/index.php\/wp-json\/wp\/v2\/pages"}],"about":[{"href":"https:\/\/planet-ott.org\/index.php\/wp-json\/wp\/v2\/types\/page"}],"author":[{"embeddable":true,"href":"https:\/\/planet-ott.org\/index.php\/wp-json\/wp\/v2\/users\/1"}],"replies":[{"embeddable":true,"href":"https:\/\/planet-ott.org\/index.php\/wp-json\/wp\/v2\/comments?post=1542"}],"version-history":[{"count":1,"href":"https:\/\/planet-ott.org\/index.php\/wp-json\/wp\/v2\/pages\/1542\/revisions"}],"predecessor-version":[{"id":1543,"href":"https:\/\/planet-ott.org\/index.php\/wp-json\/wp\/v2\/pages\/1542\/revisions\/1543"}],"wp:attachment":[{"href":"https:\/\/planet-ott.org\/index.php\/wp-json\/wp\/v2\/media?parent=1542"}],"curies":[{"name":"wp","href":"https:\/\/api.w.org\/{rel}","templated":true}]}}