{"id":1550,"date":"2023-08-26T02:24:19","date_gmt":"2023-08-26T00:24:19","guid":{"rendered":"https:\/\/planet-ott.org\/?page_id=1550"},"modified":"2023-08-26T02:24:19","modified_gmt":"2023-08-26T00:24:19","slug":"iptv-sur-smart-stb","status":"publish","type":"page","link":"https:\/\/planet-ott.org\/index.php\/iptv-sur-smart-stb\/","title":{"rendered":"IPTV SUR SMART STB"},"content":{"rendered":"\n<h2 class=\"wp-block-heading has-text-align-center\"><strong><span style=\"color: var(--theme-palette-color-3, #ff1a1a);\" class=\"stk-highlight\">SMART STB : Comment installer Sur Votre SMART TV<\/span><\/strong><\/h2>\n\n\n\n<h1 class=\"wp-block-heading\">SMART STB :Comment installer Sur Samsung LG SMART TV<\/h1>\n\n\n\n<h2 class=\"wp-block-heading\">Pr\u00e9sentation de\u00a0<a href=\"https:\/\/planet-ott.org\/\">Smart STB<\/a>, la premi\u00e8re application d\u00e9codeur.<\/h2>\n\n\n\n<p>Pensez \u00e0 Smart STB en tant qu\u2019application capable de\u00a0<strong>lib\u00e9rer<\/strong>\u00a0pleinement\u00a0le potentiel de votre\u00a0<a href=\"https:\/\/planet-ott.org\/\">Smart TV<\/a>, avec beaucoup plus d\u2019options et de flexibilit\u00e9, et sans les tracas!<\/p>\n\n\n\n<p>l\u2019application s\u2019int\u00e8gre de mani\u00e8re transparente \u00e0 votre Smart TV compatible r\u00e9seau, vous permettant de regarder tout ce que vous suivez d\u00e9j\u00e0, et&nbsp;<em>bien plus encore<\/em>&nbsp;.<\/p>\n\n\n\n<h2 class=\"wp-block-heading\">ZERO Mat\u00e9riel n\u00e9cessaire<\/h2>\n\n\n\n<p>Finie la t\u00e2che de garder vos t\u00e9l\u00e9commandes bien organis\u00e9es et de chercher dans des coussins de canap\u00e9.&nbsp;Avec cette application, vous n\u2019avez besoin que de&nbsp;<strong>la t\u00e9l\u00e9commande du t\u00e9l\u00e9viseur<\/strong>&nbsp;.<\/p>\n\n\n\n<p>c\u2019est une application qui vous permet de regarder tout ce que vous voulez et tout ce que vous voulez, et elle est extr\u00eamement facile \u00e0 configurer.<br>L\u2019installation de Smart-STB est&nbsp;<strong>aussi simple et facile que toute autre application<\/strong>&nbsp;sur votre t\u00e9l\u00e9viseur, votre t\u00e9l\u00e9phone portable ou votre ordinateur. Elle ouvre votre propre portail sur le monde de la t\u00e9l\u00e9vision sur IP.<\/p>\n\n\n\n<h2 class=\"wp-block-heading\">Prise en charge de toutes les fonctionnalit\u00e9s du portail au bout des doigts<\/h2>\n\n\n\n<p>Tout ce dont vous avez besoin est une connexion Internet stable!<\/p>\n\n\n\n<p>Conservez toutes les fonctionnalit\u00e9s du portail, telles que la capacit\u00e9 de Video On Demand, de mettre en pause ou d\u2019enregistrer la t\u00e9l\u00e9vision en direct et de personnaliser votre propre tableau de bord, sont \u00e0 port\u00e9e de main!<br>Vous ne sacrifiez rien!<\/p>\n\n\n\n<p>Pourquoi choisir Smart STB?<\/p>\n\n\n\n<ul class=\"wp-block-list\">\n<li>Smart-STB est beaucoup plus abordable que le d\u00e9codeur de votre fournisseur.<\/li>\n\n\n\n<li>Pas de t\u00e9l\u00e9commandes suppl\u00e9mentaires et pas de c\u00e2bles attach\u00e9s tout au long du sol et des murs.<\/li>\n\n\n\n<li>Pas de mauvaise qualit\u00e9 d\u2019image et de son en raison d\u2019un mauvais c\u00e2blage.<\/li>\n\n\n\n<li>Pas de verrouillage g\u00e9ographique, vous permettant d\u2019utiliser l\u2019application \u00e0 travers le monde.<\/li>\n\n\n\n<li>Smart-STB offre&nbsp;<em>des mises \u00e0 jour transparentes et automatiques, \u00e9vitant<\/em>&nbsp;ainsi les d\u00e9codeurs obsol\u00e8tes comme bouchons de porte et les formulaires papier \u00e0 remplir.<\/li>\n\n\n\n<li>Toutes les mises \u00e0 jour sont t\u00e9l\u00e9charg\u00e9es automatiquement pour une exp\u00e9rience de visualisation optimale.<\/li>\n\n\n\n<li>Support portail complet avec une configuration tr\u00e8s simple.<\/li>\n\n\n\n<li>T\u00e9l\u00e9chargement s\u00e9curis\u00e9, aucune obligation et aucun d\u00e9tail de carte de cr\u00e9dit requis pour acc\u00e9der \u00e0 votre p\u00e9riode d\u2019essai gratuite de 7 jours.<\/li>\n<\/ul>\n\n\n\n<h2 class=\"wp-block-heading\">Assurez-vous que l\u2019application est install\u00e9e sur le t\u00e9l\u00e9viseur.<\/h2>\n\n\n\n<ul class=\"wp-block-list\">\n<li>Pour trouver l\u2019adresse MAC du logiciel, suivez les instructions ci-dessous :Allez sur :<\/li>\n\n\n\n<li>System Settings&nbsp;<\/li>\n<\/ul>\n\n\n\n<figure class=\"wp-block-image aligncenter\"><img decoding=\"async\" src=\"https:\/\/smart-iptv.shop\/wp-content\/uploads\/2019\/10\/106.png\" alt=\"Smart stb\"\/><\/figure>\n\n\n\n<ul class=\"wp-block-list\">\n<li>Device Info.<\/li>\n<\/ul>\n\n\n\n<figure class=\"wp-block-image aligncenter\"><img decoding=\"async\" src=\"https:\/\/smart-iptv.shop\/wp-content\/uploads\/2019\/10\/21.png\" alt=\"Smart iptv\"\/><\/figure>\n\n\n\n<ul class=\"wp-block-list\">\n<li>Vous trouverez ici quelques informations sur l\u2019appareil et les adresses Mac :\n<ul class=\"wp-block-list\">\n<li><strong>L\u2019adresse MAC du logiciel<\/strong>&nbsp;qui est n\u00e9cessaire pour l\u2019activation de l\u2019application sur le site web de Smart-STB.<\/li>\n\n\n\n<li><strong>Adresse MAC virtuelle<\/strong>&nbsp;qui est requise pour l\u2019activation du service sur notre serveur IPTV.<\/li>\n<\/ul>\n<\/li>\n<\/ul>\n\n\n\n<figure class=\"wp-block-image aligncenter\"><img decoding=\"async\" src=\"https:\/\/smart-iptv.shop\/wp-content\/uploads\/2016\/05\/qsd.png\" alt=\"smart stb\"\/><\/figure>\n\n\n\n<ul class=\"wp-block-list\">\n<li>Restez sur cette \u00e9cran, et depuis votre telephone, tablette ou ordinateur, rendez vous sur le site Voici le lien du site en dessous&nbsp;&nbsp;<a href=\"https:\/\/billing.smart-stb.net\/cart.php\" target=\"_blank\" rel=\"noreferrer noopener\">SMART STB<\/a><br><a href=\"https:\/\/billing.smart-stb.net\/cart.php\" target=\"_blank\" rel=\"noreferrer noopener\">(https:\/\/billing.smart-stb.net\/cart.php)<\/a><\/li>\n\n\n\n<li>S\u00e9lectionnez SYSTEM SETTINGS autre fois&nbsp;<\/li>\n<\/ul>\n\n\n\n<p>Une fois dans \u00ab System Setting \u00bb allez dans ACTIVATION<\/p>\n\n\n\n<figure class=\"wp-block-image aligncenter\"><img decoding=\"async\" src=\"https:\/\/smart-iptv.shop\/wp-content\/uploads\/2016\/05\/15-756x412-1.png\" alt=\"smart stb\" class=\"wp-image-19228\"\/><\/figure>\n\n\n\n<ul class=\"wp-block-list\">\n<li>Restez sur cette \u00e9cran, et depuis votre telephone, tablette ou ordinateur, rendez vous sur le site de&nbsp;<a href=\"https:\/\/billing.smart-stb.net\/cart.php\" target=\"_blank\" rel=\"noreferrer noopener\">SMART STB<\/a><br><a href=\"https:\/\/billing.smart-stb.net\/cart.php\" target=\"_blank\" rel=\"noreferrer noopener\">(https:\/\/billing.smart-stb.net\/cart.php)<\/a><\/li>\n<\/ul>\n\n\n\n<p>Pour activer l\u2019application Pour 7 Jours.<\/p>\n\n\n\n<p><strong>BN :<\/strong><\/p>\n\n\n\n<p><strong>L\u2019application est payante. Vous pouvez la tester pendant une semaine puis vous serez obligez de payez pour vous en servir.<br>&nbsp;AUCUN CANAL&nbsp;n\u2019est fourni avec l\u2019activation, vous devez ajouter le v\u00f4tre Abonnement&nbsp;<\/strong><\/p>\n\n\n\n<ul class=\"wp-block-list\">\n<li>Une fois sur le site de SMART STB, validez \u00ab&nbsp;UNLOCK CUSTOM PORTAL FOR SMART TV (7 days Trial)&nbsp;\u00bb, puis cliquez sur \u00ab&nbsp;CONTINUER&nbsp;\u00bb<\/li>\n<\/ul>\n\n\n\n<figure class=\"wp-block-image aligncenter\"><img decoding=\"async\" src=\"https:\/\/smart-iptv.shop\/wp-content\/uploads\/2016\/05\/capture-859x433-1.png\" alt=\"smart stb\" class=\"wp-image-19229\"\/><\/figure>\n\n\n\n<ul class=\"wp-block-list\">\n<li>Vous allez arriver sur une page, ou vous trouverez votre&nbsp;<strong>code d\u2019activation<\/strong>,<br>Nottez votre code, et&nbsp;<strong><em>ne fermez pas cette page<\/em><\/strong>.<img fetchpriority=\"high\" decoding=\"async\" src=\"https:\/\/smart-iptv.shop\/wp-content\/uploads\/2016\/05\/capture2-938x706-1.png\" alt=\"smart stb\" width=\"938\" height=\"706\" srcset=\"https:\/\/smart-iptv.shop\/wp-content\/uploads\/2016\/05\/capture2-938x706-1.png 938w, https:\/\/smart-iptv.shop\/wp-content\/uploads\/2016\/05\/capture2-938x706-1-600x452.png 600w, https:\/\/smart-iptv.shop\/wp-content\/uploads\/2016\/05\/capture2-938x706-1-300x226.png 300w, https:\/\/smart-iptv.shop\/wp-content\/uploads\/2016\/05\/capture2-938x706-1-768x578.png 768w, https:\/\/smart-iptv.shop\/wp-content\/uploads\/2016\/05\/capture2-938x706-1-1x1.png 1w, https:\/\/smart-iptv.shop\/wp-content\/uploads\/2016\/05\/capture2-938x706-1-10x8.png 10w\"><\/li>\n\n\n\n<li>Rentrez le<strong>&nbsp;code d\u2019activation<\/strong>&nbsp;dans votre application<strong>&nbsp;Smart STB<\/strong>, puis validez.Retournez sur la page du site internet (photo pr\u00e9c\u00e9dente), une nouvelle page va se charger automatiquement, vous devrez maintenant rentrer les renseignements pour cr\u00e9er votre compte, et valider les 7 jours d\u2019essais de l\u2019application&nbsp;<strong>SMART STB<br><\/strong>Une fois que c\u2019est fait, vous pouvez pour le moment \u00e9teindre votre TV.<\/li>\n<\/ul>\n\n\n\n<figure class=\"wp-block-image aligncenter\"><img decoding=\"async\" src=\"https:\/\/smart-iptv.shop\/wp-content\/uploads\/2016\/05\/2-1-756x412-1.png\" alt=\"smart stb\" class=\"wp-image-19231\"\/><\/figure>\n\n\n\n<ul class=\"wp-block-list\">\n<li>Toujours sur le site de Smart STB<br>Cliquez sur :1- HOME<br>2- MY ACCOUNT<br>3- SERVICES<img decoding=\"async\" src=\"https:\/\/smart-iptv.shop\/wp-content\/uploads\/2016\/05\/stb-web-1.png\" alt=\"smart stb\" width=\"835\" height=\"481\" srcset=\"https:\/\/smart-iptv.shop\/wp-content\/uploads\/2016\/05\/stb-web-1.png 835w, https:\/\/smart-iptv.shop\/wp-content\/uploads\/2016\/05\/stb-web-1-600x346.png 600w, https:\/\/smart-iptv.shop\/wp-content\/uploads\/2016\/05\/stb-web-1-300x173.png 300w, https:\/\/smart-iptv.shop\/wp-content\/uploads\/2016\/05\/stb-web-1-768x442.png 768w, https:\/\/smart-iptv.shop\/wp-content\/uploads\/2016\/05\/stb-web-1-1x1.png 1w, https:\/\/smart-iptv.shop\/wp-content\/uploads\/2016\/05\/stb-web-1-10x6.png 10w\"><\/li>\n<\/ul>\n\n\n\n<ul class=\"wp-block-list\">\n<li>Vous vous retrouverez sur votre liste de Produits, donc de licence STB, qu\u2019elle soit active ou en test.<br>Cliquez dessus<\/li>\n<\/ul>\n\n\n\n<figure class=\"wp-block-image aligncenter\"><img decoding=\"async\" src=\"https:\/\/smart-iptv.shop\/wp-content\/uploads\/2016\/05\/stb-web2.png\" alt=\"smart stb\" class=\"wp-image-19233\"\/><\/figure>\n\n\n\n<ul class=\"wp-block-list\">\n<li>Allez sur Change Portal URL<img decoding=\"async\" src=\"https:\/\/smart-iptv.shop\/wp-content\/uploads\/2016\/05\/stb-web3.png\" alt=\"smart stb\" width=\"810\" height=\"504\" srcset=\"https:\/\/smart-iptv.shop\/wp-content\/uploads\/2016\/05\/stb-web3.png 810w, https:\/\/smart-iptv.shop\/wp-content\/uploads\/2016\/05\/stb-web3-600x373.png 600w, https:\/\/smart-iptv.shop\/wp-content\/uploads\/2016\/05\/stb-web3-300x187.png 300w, https:\/\/smart-iptv.shop\/wp-content\/uploads\/2016\/05\/stb-web3-768x478.png 768w, https:\/\/smart-iptv.shop\/wp-content\/uploads\/2016\/05\/stb-web3-1x1.png 1w, https:\/\/smart-iptv.shop\/wp-content\/uploads\/2016\/05\/stb-web3-10x6.png 10w\"><\/li>\n<\/ul>\n\n\n\n<ul class=\"wp-block-list\">\n<li>Notez votre Virtual MAC et fournissez la \u00e0 votre revendeur IPTV.&nbsp;<br>En \u00e9change, il vous fournira une URL que vous allez tapez en 1<br>En 2, vous mettrez le nom que vous voulez, c\u2019est uniquement pour vous rep\u00e9rer si vous comptez installer plusieurs IPTV.&nbsp;<br>Puis, appuyez sur Update Custom Portal URL<br><br>Entre temps, si votre revendeur \u00e0 bien envoy\u00e9 le flux IPTV via l\u2019adresse MAC fournie, vous n\u2019aurez plus qu\u2019a rallumer la TV et votre application SMART STB.<\/li>\n<\/ul>\n\n\n\n<figure class=\"wp-block-image aligncenter\"><img decoding=\"async\" src=\"https:\/\/smart-iptv.shop\/wp-content\/uploads\/2016\/05\/stb-web4.png\" alt=\"smart stb\" class=\"wp-image-19235\"\/><\/figure>\n\n\n\n<ul class=\"wp-block-list\">\n<li><strong>Important :<\/strong>&nbsp;vous devez nous donner votre (Virtual MAC adress : 00:1A:79: \u2026) afin d\u2019activer l\u2019acc\u00e8s \u00e0 notre Portal pour votre application Smart STB.<strong>\u00c9tape 5 :<\/strong>&nbsp;Si tout est correctement r\u00e9gl\u00e9, vous devriez voir cette barre de chargement sur votre appareil.<\/li>\n<\/ul>\n\n\n\n<figure class=\"wp-block-image aligncenter\"><img decoding=\"async\" src=\"https:\/\/smart-iptv.shop\/wp-content\/uploads\/2016\/05\/7.png\" alt=\"smart stb\" class=\"wp-image-19236\"\/><\/figure>\n","protected":false},"excerpt":{"rendered":"<p>SMART STB : Comment installer Sur Votre SMART TV SMART STB :Comment installer Sur Samsung LG SMART TV Pr\u00e9sentation de\u00a0Smart STB, la premi\u00e8re application d\u00e9codeur. Pensez \u00e0 Smart STB en tant qu\u2019application capable de\u00a0lib\u00e9rer\u00a0pleinement\u00a0le potentiel de votre\u00a0Smart TV, avec beaucoup plus d\u2019options et de flexibilit\u00e9, et sans les tracas! l\u2019application s\u2019int\u00e8gre de mani\u00e8re transparente \u00e0 [&hellip;]<\/p>\n","protected":false},"author":1,"featured_media":0,"parent":0,"menu_order":0,"comment_status":"closed","ping_status":"closed","template":"","meta":{"footnotes":""},"class_list":["post-1550","page","type-page","status-publish","hentry"],"blocksy_meta":[],"yoast_head":"<!-- This site is optimized with the Yoast SEO plugin v27.3 - https:\/\/yoast.com\/product\/yoast-seo-wordpress\/ -->\n<title>IPTV SUR SMART STB - Planet-ott<\/title>\n<meta name=\"robots\" content=\"index, follow, max-snippet:-1, max-image-preview:large, max-video-preview:-1\" \/>\n<link rel=\"canonical\" href=\"https:\/\/planet-ott.org\/index.php\/iptv-sur-smart-stb\/\" \/>\n<meta property=\"og:locale\" content=\"fr_FR\" \/>\n<meta property=\"og:type\" content=\"article\" \/>\n<meta property=\"og:title\" content=\"IPTV SUR SMART STB - Planet-ott\" \/>\n<meta property=\"og:description\" content=\"SMART STB : Comment installer Sur Votre SMART TV SMART STB :Comment installer Sur Samsung LG SMART TV Pr\u00e9sentation de\u00a0Smart STB, la premi\u00e8re application d\u00e9codeur. Pensez \u00e0 Smart STB en tant qu\u2019application capable de\u00a0lib\u00e9rer\u00a0pleinement\u00a0le potentiel de votre\u00a0Smart TV, avec beaucoup plus d\u2019options et de flexibilit\u00e9, et sans les tracas! l\u2019application s\u2019int\u00e8gre de mani\u00e8re transparente \u00e0 [&hellip;]\" \/>\n<meta property=\"og:url\" content=\"https:\/\/planet-ott.org\/index.php\/iptv-sur-smart-stb\/\" \/>\n<meta property=\"og:site_name\" content=\"Planet-ott\" \/>\n<meta property=\"og:image\" content=\"https:\/\/smart-iptv.shop\/wp-content\/uploads\/2019\/10\/106.png\" \/>\n<meta name=\"twitter:card\" content=\"summary_large_image\" \/>\n<meta name=\"twitter:label1\" content=\"Dur\u00e9e de lecture estim\u00e9e\" \/>\n\t<meta name=\"twitter:data1\" content=\"7 minutes\" \/>\n<script type=\"application\/ld+json\" class=\"yoast-schema-graph\">{\"@context\":\"https:\\\/\\\/schema.org\",\"@graph\":[{\"@type\":\"WebPage\",\"@id\":\"https:\\\/\\\/planet-ott.org\\\/index.php\\\/iptv-sur-smart-stb\\\/\",\"url\":\"https:\\\/\\\/planet-ott.org\\\/index.php\\\/iptv-sur-smart-stb\\\/\",\"name\":\"IPTV SUR SMART STB - Planet-ott\",\"isPartOf\":{\"@id\":\"https:\\\/\\\/planet-ott.org\\\/#website\"},\"primaryImageOfPage\":{\"@id\":\"https:\\\/\\\/planet-ott.org\\\/index.php\\\/iptv-sur-smart-stb\\\/#primaryimage\"},\"image\":{\"@id\":\"https:\\\/\\\/planet-ott.org\\\/index.php\\\/iptv-sur-smart-stb\\\/#primaryimage\"},\"thumbnailUrl\":\"https:\\\/\\\/smart-iptv.shop\\\/wp-content\\\/uploads\\\/2019\\\/10\\\/106.png\",\"datePublished\":\"2023-08-26T00:24:19+00:00\",\"breadcrumb\":{\"@id\":\"https:\\\/\\\/planet-ott.org\\\/index.php\\\/iptv-sur-smart-stb\\\/#breadcrumb\"},\"inLanguage\":\"fr-FR\",\"potentialAction\":[{\"@type\":\"ReadAction\",\"target\":[\"https:\\\/\\\/planet-ott.org\\\/index.php\\\/iptv-sur-smart-stb\\\/\"]}]},{\"@type\":\"ImageObject\",\"inLanguage\":\"fr-FR\",\"@id\":\"https:\\\/\\\/planet-ott.org\\\/index.php\\\/iptv-sur-smart-stb\\\/#primaryimage\",\"url\":\"https:\\\/\\\/smart-iptv.shop\\\/wp-content\\\/uploads\\\/2019\\\/10\\\/106.png\",\"contentUrl\":\"https:\\\/\\\/smart-iptv.shop\\\/wp-content\\\/uploads\\\/2019\\\/10\\\/106.png\"},{\"@type\":\"BreadcrumbList\",\"@id\":\"https:\\\/\\\/planet-ott.org\\\/index.php\\\/iptv-sur-smart-stb\\\/#breadcrumb\",\"itemListElement\":[{\"@type\":\"ListItem\",\"position\":1,\"name\":\"Home\",\"item\":\"https:\\\/\\\/planet-ott.org\\\/\"},{\"@type\":\"ListItem\",\"position\":2,\"name\":\"IPTV SUR SMART STB\"}]},{\"@type\":\"WebSite\",\"@id\":\"https:\\\/\\\/planet-ott.org\\\/#website\",\"url\":\"https:\\\/\\\/planet-ott.org\\\/\",\"name\":\"Planet-ott\",\"description\":\"Abonnement iptv\",\"publisher\":{\"@id\":\"https:\\\/\\\/planet-ott.org\\\/#organization\"},\"potentialAction\":[{\"@type\":\"SearchAction\",\"target\":{\"@type\":\"EntryPoint\",\"urlTemplate\":\"https:\\\/\\\/planet-ott.org\\\/?s={search_term_string}\"},\"query-input\":{\"@type\":\"PropertyValueSpecification\",\"valueRequired\":true,\"valueName\":\"search_term_string\"}}],\"inLanguage\":\"fr-FR\"},{\"@type\":\"Organization\",\"@id\":\"https:\\\/\\\/planet-ott.org\\\/#organization\",\"name\":\"Planet-ott\",\"url\":\"https:\\\/\\\/planet-ott.org\\\/\",\"logo\":{\"@type\":\"ImageObject\",\"inLanguage\":\"fr-FR\",\"@id\":\"https:\\\/\\\/planet-ott.org\\\/#\\\/schema\\\/logo\\\/image\\\/\",\"url\":\"https:\\\/\\\/planet-ott.org\\\/wp-content\\\/uploads\\\/2023\\\/07\\\/Logo.png\",\"contentUrl\":\"https:\\\/\\\/planet-ott.org\\\/wp-content\\\/uploads\\\/2023\\\/07\\\/Logo.png\",\"width\":114,\"height\":114,\"caption\":\"Planet-ott\"},\"image\":{\"@id\":\"https:\\\/\\\/planet-ott.org\\\/#\\\/schema\\\/logo\\\/image\\\/\"}}]}<\/script>\n<!-- \/ Yoast SEO plugin. -->","yoast_head_json":{"title":"IPTV SUR SMART STB - Planet-ott","robots":{"index":"index","follow":"follow","max-snippet":"max-snippet:-1","max-image-preview":"max-image-preview:large","max-video-preview":"max-video-preview:-1"},"canonical":"https:\/\/planet-ott.org\/index.php\/iptv-sur-smart-stb\/","og_locale":"fr_FR","og_type":"article","og_title":"IPTV SUR SMART STB - Planet-ott","og_description":"SMART STB : Comment installer Sur Votre SMART TV SMART STB :Comment installer Sur Samsung LG SMART TV Pr\u00e9sentation de\u00a0Smart STB, la premi\u00e8re application d\u00e9codeur. Pensez \u00e0 Smart STB en tant qu\u2019application capable de\u00a0lib\u00e9rer\u00a0pleinement\u00a0le potentiel de votre\u00a0Smart TV, avec beaucoup plus d\u2019options et de flexibilit\u00e9, et sans les tracas! l\u2019application s\u2019int\u00e8gre de mani\u00e8re transparente \u00e0 [&hellip;]","og_url":"https:\/\/planet-ott.org\/index.php\/iptv-sur-smart-stb\/","og_site_name":"Planet-ott","og_image":[{"url":"https:\/\/smart-iptv.shop\/wp-content\/uploads\/2019\/10\/106.png","type":"","width":"","height":""}],"twitter_card":"summary_large_image","twitter_misc":{"Dur\u00e9e de lecture estim\u00e9e":"7 minutes"},"schema":{"@context":"https:\/\/schema.org","@graph":[{"@type":"WebPage","@id":"https:\/\/planet-ott.org\/index.php\/iptv-sur-smart-stb\/","url":"https:\/\/planet-ott.org\/index.php\/iptv-sur-smart-stb\/","name":"IPTV SUR SMART STB - Planet-ott","isPartOf":{"@id":"https:\/\/planet-ott.org\/#website"},"primaryImageOfPage":{"@id":"https:\/\/planet-ott.org\/index.php\/iptv-sur-smart-stb\/#primaryimage"},"image":{"@id":"https:\/\/planet-ott.org\/index.php\/iptv-sur-smart-stb\/#primaryimage"},"thumbnailUrl":"https:\/\/smart-iptv.shop\/wp-content\/uploads\/2019\/10\/106.png","datePublished":"2023-08-26T00:24:19+00:00","breadcrumb":{"@id":"https:\/\/planet-ott.org\/index.php\/iptv-sur-smart-stb\/#breadcrumb"},"inLanguage":"fr-FR","potentialAction":[{"@type":"ReadAction","target":["https:\/\/planet-ott.org\/index.php\/iptv-sur-smart-stb\/"]}]},{"@type":"ImageObject","inLanguage":"fr-FR","@id":"https:\/\/planet-ott.org\/index.php\/iptv-sur-smart-stb\/#primaryimage","url":"https:\/\/smart-iptv.shop\/wp-content\/uploads\/2019\/10\/106.png","contentUrl":"https:\/\/smart-iptv.shop\/wp-content\/uploads\/2019\/10\/106.png"},{"@type":"BreadcrumbList","@id":"https:\/\/planet-ott.org\/index.php\/iptv-sur-smart-stb\/#breadcrumb","itemListElement":[{"@type":"ListItem","position":1,"name":"Home","item":"https:\/\/planet-ott.org\/"},{"@type":"ListItem","position":2,"name":"IPTV SUR SMART STB"}]},{"@type":"WebSite","@id":"https:\/\/planet-ott.org\/#website","url":"https:\/\/planet-ott.org\/","name":"Planet-ott","description":"Abonnement iptv","publisher":{"@id":"https:\/\/planet-ott.org\/#organization"},"potentialAction":[{"@type":"SearchAction","target":{"@type":"EntryPoint","urlTemplate":"https:\/\/planet-ott.org\/?s={search_term_string}"},"query-input":{"@type":"PropertyValueSpecification","valueRequired":true,"valueName":"search_term_string"}}],"inLanguage":"fr-FR"},{"@type":"Organization","@id":"https:\/\/planet-ott.org\/#organization","name":"Planet-ott","url":"https:\/\/planet-ott.org\/","logo":{"@type":"ImageObject","inLanguage":"fr-FR","@id":"https:\/\/planet-ott.org\/#\/schema\/logo\/image\/","url":"https:\/\/planet-ott.org\/wp-content\/uploads\/2023\/07\/Logo.png","contentUrl":"https:\/\/planet-ott.org\/wp-content\/uploads\/2023\/07\/Logo.png","width":114,"height":114,"caption":"Planet-ott"},"image":{"@id":"https:\/\/planet-ott.org\/#\/schema\/logo\/image\/"}}]}},"_links":{"self":[{"href":"https:\/\/planet-ott.org\/index.php\/wp-json\/wp\/v2\/pages\/1550","targetHints":{"allow":["GET"]}}],"collection":[{"href":"https:\/\/planet-ott.org\/index.php\/wp-json\/wp\/v2\/pages"}],"about":[{"href":"https:\/\/planet-ott.org\/index.php\/wp-json\/wp\/v2\/types\/page"}],"author":[{"embeddable":true,"href":"https:\/\/planet-ott.org\/index.php\/wp-json\/wp\/v2\/users\/1"}],"replies":[{"embeddable":true,"href":"https:\/\/planet-ott.org\/index.php\/wp-json\/wp\/v2\/comments?post=1550"}],"version-history":[{"count":1,"href":"https:\/\/planet-ott.org\/index.php\/wp-json\/wp\/v2\/pages\/1550\/revisions"}],"predecessor-version":[{"id":1551,"href":"https:\/\/planet-ott.org\/index.php\/wp-json\/wp\/v2\/pages\/1550\/revisions\/1551"}],"wp:attachment":[{"href":"https:\/\/planet-ott.org\/index.php\/wp-json\/wp\/v2\/media?parent=1550"}],"curies":[{"name":"wp","href":"https:\/\/api.w.org\/{rel}","templated":true}]}}