{"id":1569,"date":"2023-09-02T09:25:32","date_gmt":"2023-09-02T07:25:32","guid":{"rendered":"https:\/\/planet-ott.org\/?page_id=1569"},"modified":"2023-09-02T09:25:32","modified_gmt":"2023-09-02T07:25:32","slug":"abonnement-xciptv-et-nos-avis-nous-recommandons","status":"publish","type":"page","link":"https:\/\/planet-ott.org\/index.php\/abonnement-xciptv-et-nos-avis-nous-recommandons\/","title":{"rendered":"Abonnement XCIPTV et Nos Avis (Nous Recommandons)"},"content":{"rendered":"\n<figure class=\"wp-block-image\"><img decoding=\"async\" src=\"https:\/\/abonnement-iptv4u.b-cdn.net\/wp-content\/uploads\/2020\/10\/telechBVVargement-1024x575.jpg?is-pending-load=1\" alt=\"Abonnement XCIPTV\"\/><\/figure>\n\n\n\n<p>Application et Abonnement XCIPTV pour Android TV, t\u00e9l\u00e9phones Android et onglets Android. Application facile \u00e0 utiliser. Enti\u00e8rement personnalisable et peut \u00eatre personnalis\u00e9 pour les fournisseurs de services OTT. Voir Nos Abonnement XCIPTV en bas de l\u2019article !<\/p>\n\n\n\n<h2 class=\"wp-block-heading\">Explorez les fonctionnalit\u00e9s de XCIPTV<\/h2>\n\n\n\n<p>XCIPTV&nbsp;:&nbsp;XCIPTV est livr\u00e9 avec Buil-in ExoPlayer avec streaming HLS adaptatif.&nbsp;Aucune application ou lecteur tiers n\u2019est requis.&nbsp;Conception d\u2019interface utilisateur simple pour une navigation facile.<\/p>\n\n\n\n<p><a href=\"https:\/\/maestroiptv.org\/index.php\/iptv-maestro-iptv\/\">ACHETER UN ABONNEMENT IPTV PREMUIM M3UXXL<\/a><\/p>\n\n\n\n<p>\u2013 Prise en charge EPG pour les API compatibles avec les codes Xtream, EZHometech (EZServer) et l\u2019url M3U.<br>\u2013 Rattrapage avec EPG<br>\u2013 VOD avec les informations d\u2019IMDb<br>\u2013 S\u00e9ries avec saison et \u00e9pisodes<br>\u2013 Ajouter TV, VOD et s\u00e9ries aux favoris<br>\u2013 Sauvegarde et restauration \u2013 Param\u00e8tres de synchronisation avec plusieurs appareils<br>\u2013 Enregistrement programm\u00e9 sur le stockage interne ou externe (DVR)<br>\u2013 Rappel de programme depuis EPG Vue<br>\u2013 Enregistrement programm\u00e9 \u00e0 partir de la vue EPG<br>\u2013 Prise en charge du VPN int\u00e9gr\u00e9<br>\u2013 Version de marque: annonce au-dessus de tous les canaux.&nbsp;Prise en charge de plusieurs langues<br>\u2013 Version de marque: Notification de maintenance<br>\u2013 Version de marque: Portail d\u2019autogestion pour la maintenance, la notification et les messages.<br>\u2013 Version de marque: envoyer l\u2019expiration du compte ou un autre message \u00e0 un utilisateur sp\u00e9cifique.<br>\u2013 Version de marque: changez l\u2019adresse du portail et mettez \u00e0 jour les informations de contact \u00e0 tout moment.<br>\u2013 Version de marque: prise en charge multi-portails.&nbsp;Aucune configuration c\u00f4t\u00e9 serveur ou c\u00f4t\u00e9 client n\u2019est requise.<\/p>\n\n\n\n<h2 class=\"wp-block-heading\"><a href=\"https:\/\/maestroiptv.org\/index.php\/iptv-maestro-iptv\/\">Installation&nbsp;et configuration de l\u2019application&nbsp;Abonnement XCIPTV&nbsp;player :<\/a><\/h2>\n\n\n\n<p><strong>1 \u2013&nbsp;<\/strong>Installez l\u2019application XCIPTV Player depuis le Play Store de Google&nbsp;<em>(ci-dessous le lien play store):<\/em><\/p>\n\n\n\n<ul class=\"wp-block-list\">\n<li><a href=\"https:\/\/play.google.com\/store\/apps\/details?id=com.nathnetwork.xciptv&amp;hl=fr\" rel=\"noreferrer noopener\" target=\"_blank\"><strong>T\u00e9l\u00e9chargement de XCIPTV Player sur Play Store<\/strong><\/a><\/li>\n<\/ul>\n\n\n\n<p><strong>2-&nbsp;<\/strong>Apr\u00e8s l\u2019installation, lancez l\u2019application et&nbsp;<strong>saisissez les informations de votre abonnement iptv&nbsp;<\/strong><em>(nous vous enverrons les informations de votre abonnement iptv sous le m\u00eame format)<\/em><strong>&nbsp;:<\/strong><\/p>\n\n\n\n<figure class=\"wp-block-image\"><img decoding=\"async\" src=\"https:\/\/abonnement-iptv4u.b-cdn.net\/wp-content\/uploads\/2020\/08\/configurer-xciptv-01-1.jpg?is-pending-load=1\" alt=\"xciptv configuration\"\/><\/figure>\n\n\n\n<p>Comme suivants :<\/p>\n\n\n\n<p><strong><a href=\"https:\/\/maestroiptv.org\/index.php\/iptv-maestro-iptv\/\">http:\/\/url-server:port :&nbsp;http:\/\/adresse-du-serveur.me:PORT<\/a><\/strong><\/p>\n\n\n\n<p><strong><a href=\"https:\/\/www.abonnement-iptv4u.com\/produit\/abonnement-iptv-extra-pro-12-mois-iptv\/\">Utilisateur :votre-iden<\/a><a href=\"https:\/\/maestroiptv.org\/index.php\/iptv-maestro-iptv\/\">tifiant<\/a><\/strong><\/p>\n\n\n\n<p><strong><a href=\"https:\/\/maestroiptv.org\/index.php\/iptv-maestro-iptv\/\">Mot de passe :votre-mot-de-passe<\/a><\/strong><\/p>\n\n\n\n<p><strong>NB. Pour les EPG et les logos, ils seront charg\u00e9s automatiquement :<\/strong><\/p>\n\n\n\n<figure class=\"wp-block-image\"><img decoding=\"async\" src=\"https:\/\/abonnement-iptv4u.b-cdn.net\/wp-content\/uploads\/2020\/08\/configurer-xciptv-02-1.jpg?is-pending-load=1\" alt=\"xciptv player\"\/><\/figure>\n\n\n\n<p>Apr\u00e8s avoir charg\u00e9 l\u2019abonnement iptv sur l\u2019application XCIPTV Player, vous aurez le menu suivant:<\/p>\n\n\n\n<figure class=\"wp-block-image\"><img decoding=\"async\" src=\"https:\/\/abonnement-iptv4u.b-cdn.net\/wp-content\/uploads\/2020\/08\/configurer-xciptv-03.jpg?is-pending-load=1\" alt=\"xciptv vod\"\/><\/figure>\n\n\n\n<h2 class=\"wp-block-heading\">Notre Avis sur XCIPTV<\/h2>\n\n\n\n<p>Apr\u00e8s avoir test\u00e9 l\u2019application XCIPTV, nous pouvons dire que l\u2019utilisation de cette application pour l\u2019IPTV se montre \u00e0 premi\u00e8re vue tr\u00e8s avantageuse .L\u2019application XCIPTV Player est une nouvelle application concurrente de la c\u00e9l\u00e8bre application iPTV Smarters Pro, facile \u00e0 configurer et tr\u00e8s stable sur les Box et Smartphones Android.<\/p>\n\n\n\n<figure class=\"wp-block-image\"><img decoding=\"async\" src=\"https:\/\/abonnement-iptv4u.b-cdn.net\/wp-content\/uploads\/2020\/10\/telechargement-1024x728.png?is-pending-load=1\" alt=\"Abonnement XCIPTV\" class=\"wp-image-33395\"\/><\/figure>\n","protected":false},"excerpt":{"rendered":"<p>Application et Abonnement XCIPTV pour Android TV, t\u00e9l\u00e9phones Android et onglets Android. Application facile \u00e0 utiliser. Enti\u00e8rement personnalisable et peut \u00eatre personnalis\u00e9 pour les fournisseurs de services OTT. Voir Nos Abonnement XCIPTV en bas de l\u2019article ! Explorez les fonctionnalit\u00e9s de XCIPTV XCIPTV&nbsp;:&nbsp;XCIPTV est livr\u00e9 avec Buil-in ExoPlayer avec streaming HLS adaptatif.&nbsp;Aucune application ou lecteur [&hellip;]<\/p>\n","protected":false},"author":1,"featured_media":0,"parent":0,"menu_order":0,"comment_status":"closed","ping_status":"closed","template":"","meta":{"footnotes":""},"class_list":["post-1569","page","type-page","status-publish","hentry"],"blocksy_meta":[],"yoast_head":"<!-- This site is optimized with the Yoast SEO plugin v27.3 - https:\/\/yoast.com\/product\/yoast-seo-wordpress\/ -->\n<title>Abonnement XCIPTV et Nos Avis (Nous Recommandons) - Planet-ott<\/title>\n<meta name=\"robots\" content=\"index, follow, max-snippet:-1, max-image-preview:large, max-video-preview:-1\" \/>\n<link rel=\"canonical\" href=\"https:\/\/planet-ott.org\/index.php\/abonnement-xciptv-et-nos-avis-nous-recommandons\/\" \/>\n<meta property=\"og:locale\" content=\"fr_FR\" \/>\n<meta property=\"og:type\" content=\"article\" \/>\n<meta property=\"og:title\" content=\"Abonnement XCIPTV et Nos Avis (Nous Recommandons) - Planet-ott\" \/>\n<meta property=\"og:description\" content=\"Application et Abonnement XCIPTV pour Android TV, t\u00e9l\u00e9phones Android et onglets Android. Application facile \u00e0 utiliser. Enti\u00e8rement personnalisable et peut \u00eatre personnalis\u00e9 pour les fournisseurs de services OTT. Voir Nos Abonnement XCIPTV en bas de l\u2019article ! Explorez les fonctionnalit\u00e9s de XCIPTV XCIPTV&nbsp;:&nbsp;XCIPTV est livr\u00e9 avec Buil-in ExoPlayer avec streaming HLS adaptatif.&nbsp;Aucune application ou lecteur [&hellip;]\" \/>\n<meta property=\"og:url\" content=\"https:\/\/planet-ott.org\/index.php\/abonnement-xciptv-et-nos-avis-nous-recommandons\/\" \/>\n<meta property=\"og:site_name\" content=\"Planet-ott\" \/>\n<meta property=\"og:image\" content=\"https:\/\/abonnement-iptv4u.b-cdn.net\/wp-content\/uploads\/2020\/10\/telechBVVargement-1024x575.jpg?is-pending-load=1\" \/>\n<meta name=\"twitter:card\" content=\"summary_large_image\" \/>\n<meta name=\"twitter:label1\" content=\"Dur\u00e9e de lecture estim\u00e9e\" \/>\n\t<meta name=\"twitter:data1\" content=\"3 minutes\" \/>\n<script type=\"application\/ld+json\" class=\"yoast-schema-graph\">{\"@context\":\"https:\\\/\\\/schema.org\",\"@graph\":[{\"@type\":\"WebPage\",\"@id\":\"https:\\\/\\\/planet-ott.org\\\/index.php\\\/abonnement-xciptv-et-nos-avis-nous-recommandons\\\/\",\"url\":\"https:\\\/\\\/planet-ott.org\\\/index.php\\\/abonnement-xciptv-et-nos-avis-nous-recommandons\\\/\",\"name\":\"Abonnement XCIPTV et Nos Avis (Nous Recommandons) - Planet-ott\",\"isPartOf\":{\"@id\":\"https:\\\/\\\/planet-ott.org\\\/#website\"},\"primaryImageOfPage\":{\"@id\":\"https:\\\/\\\/planet-ott.org\\\/index.php\\\/abonnement-xciptv-et-nos-avis-nous-recommandons\\\/#primaryimage\"},\"image\":{\"@id\":\"https:\\\/\\\/planet-ott.org\\\/index.php\\\/abonnement-xciptv-et-nos-avis-nous-recommandons\\\/#primaryimage\"},\"thumbnailUrl\":\"https:\\\/\\\/abonnement-iptv4u.b-cdn.net\\\/wp-content\\\/uploads\\\/2020\\\/10\\\/telechBVVargement-1024x575.jpg?is-pending-load=1\",\"datePublished\":\"2023-09-02T07:25:32+00:00\",\"breadcrumb\":{\"@id\":\"https:\\\/\\\/planet-ott.org\\\/index.php\\\/abonnement-xciptv-et-nos-avis-nous-recommandons\\\/#breadcrumb\"},\"inLanguage\":\"fr-FR\",\"potentialAction\":[{\"@type\":\"ReadAction\",\"target\":[\"https:\\\/\\\/planet-ott.org\\\/index.php\\\/abonnement-xciptv-et-nos-avis-nous-recommandons\\\/\"]}]},{\"@type\":\"ImageObject\",\"inLanguage\":\"fr-FR\",\"@id\":\"https:\\\/\\\/planet-ott.org\\\/index.php\\\/abonnement-xciptv-et-nos-avis-nous-recommandons\\\/#primaryimage\",\"url\":\"https:\\\/\\\/abonnement-iptv4u.b-cdn.net\\\/wp-content\\\/uploads\\\/2020\\\/10\\\/telechBVVargement-1024x575.jpg?is-pending-load=1\",\"contentUrl\":\"https:\\\/\\\/abonnement-iptv4u.b-cdn.net\\\/wp-content\\\/uploads\\\/2020\\\/10\\\/telechBVVargement-1024x575.jpg?is-pending-load=1\"},{\"@type\":\"BreadcrumbList\",\"@id\":\"https:\\\/\\\/planet-ott.org\\\/index.php\\\/abonnement-xciptv-et-nos-avis-nous-recommandons\\\/#breadcrumb\",\"itemListElement\":[{\"@type\":\"ListItem\",\"position\":1,\"name\":\"Home\",\"item\":\"https:\\\/\\\/planet-ott.org\\\/\"},{\"@type\":\"ListItem\",\"position\":2,\"name\":\"Abonnement XCIPTV et Nos Avis (Nous Recommandons)\"}]},{\"@type\":\"WebSite\",\"@id\":\"https:\\\/\\\/planet-ott.org\\\/#website\",\"url\":\"https:\\\/\\\/planet-ott.org\\\/\",\"name\":\"Planet-ott\",\"description\":\"Abonnement iptv\",\"publisher\":{\"@id\":\"https:\\\/\\\/planet-ott.org\\\/#organization\"},\"potentialAction\":[{\"@type\":\"SearchAction\",\"target\":{\"@type\":\"EntryPoint\",\"urlTemplate\":\"https:\\\/\\\/planet-ott.org\\\/?s={search_term_string}\"},\"query-input\":{\"@type\":\"PropertyValueSpecification\",\"valueRequired\":true,\"valueName\":\"search_term_string\"}}],\"inLanguage\":\"fr-FR\"},{\"@type\":\"Organization\",\"@id\":\"https:\\\/\\\/planet-ott.org\\\/#organization\",\"name\":\"Planet-ott\",\"url\":\"https:\\\/\\\/planet-ott.org\\\/\",\"logo\":{\"@type\":\"ImageObject\",\"inLanguage\":\"fr-FR\",\"@id\":\"https:\\\/\\\/planet-ott.org\\\/#\\\/schema\\\/logo\\\/image\\\/\",\"url\":\"https:\\\/\\\/planet-ott.org\\\/wp-content\\\/uploads\\\/2023\\\/07\\\/Logo.png\",\"contentUrl\":\"https:\\\/\\\/planet-ott.org\\\/wp-content\\\/uploads\\\/2023\\\/07\\\/Logo.png\",\"width\":114,\"height\":114,\"caption\":\"Planet-ott\"},\"image\":{\"@id\":\"https:\\\/\\\/planet-ott.org\\\/#\\\/schema\\\/logo\\\/image\\\/\"}}]}<\/script>\n<!-- \/ Yoast SEO plugin. -->","yoast_head_json":{"title":"Abonnement XCIPTV et Nos Avis (Nous Recommandons) - Planet-ott","robots":{"index":"index","follow":"follow","max-snippet":"max-snippet:-1","max-image-preview":"max-image-preview:large","max-video-preview":"max-video-preview:-1"},"canonical":"https:\/\/planet-ott.org\/index.php\/abonnement-xciptv-et-nos-avis-nous-recommandons\/","og_locale":"fr_FR","og_type":"article","og_title":"Abonnement XCIPTV et Nos Avis (Nous Recommandons) - Planet-ott","og_description":"Application et Abonnement XCIPTV pour Android TV, t\u00e9l\u00e9phones Android et onglets Android. Application facile \u00e0 utiliser. Enti\u00e8rement personnalisable et peut \u00eatre personnalis\u00e9 pour les fournisseurs de services OTT. Voir Nos Abonnement XCIPTV en bas de l\u2019article ! Explorez les fonctionnalit\u00e9s de XCIPTV XCIPTV&nbsp;:&nbsp;XCIPTV est livr\u00e9 avec Buil-in ExoPlayer avec streaming HLS adaptatif.&nbsp;Aucune application ou lecteur [&hellip;]","og_url":"https:\/\/planet-ott.org\/index.php\/abonnement-xciptv-et-nos-avis-nous-recommandons\/","og_site_name":"Planet-ott","og_image":[{"url":"https:\/\/abonnement-iptv4u.b-cdn.net\/wp-content\/uploads\/2020\/10\/telechBVVargement-1024x575.jpg?is-pending-load=1","type":"","width":"","height":""}],"twitter_card":"summary_large_image","twitter_misc":{"Dur\u00e9e de lecture estim\u00e9e":"3 minutes"},"schema":{"@context":"https:\/\/schema.org","@graph":[{"@type":"WebPage","@id":"https:\/\/planet-ott.org\/index.php\/abonnement-xciptv-et-nos-avis-nous-recommandons\/","url":"https:\/\/planet-ott.org\/index.php\/abonnement-xciptv-et-nos-avis-nous-recommandons\/","name":"Abonnement XCIPTV et Nos Avis (Nous Recommandons) - Planet-ott","isPartOf":{"@id":"https:\/\/planet-ott.org\/#website"},"primaryImageOfPage":{"@id":"https:\/\/planet-ott.org\/index.php\/abonnement-xciptv-et-nos-avis-nous-recommandons\/#primaryimage"},"image":{"@id":"https:\/\/planet-ott.org\/index.php\/abonnement-xciptv-et-nos-avis-nous-recommandons\/#primaryimage"},"thumbnailUrl":"https:\/\/abonnement-iptv4u.b-cdn.net\/wp-content\/uploads\/2020\/10\/telechBVVargement-1024x575.jpg?is-pending-load=1","datePublished":"2023-09-02T07:25:32+00:00","breadcrumb":{"@id":"https:\/\/planet-ott.org\/index.php\/abonnement-xciptv-et-nos-avis-nous-recommandons\/#breadcrumb"},"inLanguage":"fr-FR","potentialAction":[{"@type":"ReadAction","target":["https:\/\/planet-ott.org\/index.php\/abonnement-xciptv-et-nos-avis-nous-recommandons\/"]}]},{"@type":"ImageObject","inLanguage":"fr-FR","@id":"https:\/\/planet-ott.org\/index.php\/abonnement-xciptv-et-nos-avis-nous-recommandons\/#primaryimage","url":"https:\/\/abonnement-iptv4u.b-cdn.net\/wp-content\/uploads\/2020\/10\/telechBVVargement-1024x575.jpg?is-pending-load=1","contentUrl":"https:\/\/abonnement-iptv4u.b-cdn.net\/wp-content\/uploads\/2020\/10\/telechBVVargement-1024x575.jpg?is-pending-load=1"},{"@type":"BreadcrumbList","@id":"https:\/\/planet-ott.org\/index.php\/abonnement-xciptv-et-nos-avis-nous-recommandons\/#breadcrumb","itemListElement":[{"@type":"ListItem","position":1,"name":"Home","item":"https:\/\/planet-ott.org\/"},{"@type":"ListItem","position":2,"name":"Abonnement XCIPTV et Nos Avis (Nous Recommandons)"}]},{"@type":"WebSite","@id":"https:\/\/planet-ott.org\/#website","url":"https:\/\/planet-ott.org\/","name":"Planet-ott","description":"Abonnement iptv","publisher":{"@id":"https:\/\/planet-ott.org\/#organization"},"potentialAction":[{"@type":"SearchAction","target":{"@type":"EntryPoint","urlTemplate":"https:\/\/planet-ott.org\/?s={search_term_string}"},"query-input":{"@type":"PropertyValueSpecification","valueRequired":true,"valueName":"search_term_string"}}],"inLanguage":"fr-FR"},{"@type":"Organization","@id":"https:\/\/planet-ott.org\/#organization","name":"Planet-ott","url":"https:\/\/planet-ott.org\/","logo":{"@type":"ImageObject","inLanguage":"fr-FR","@id":"https:\/\/planet-ott.org\/#\/schema\/logo\/image\/","url":"https:\/\/planet-ott.org\/wp-content\/uploads\/2023\/07\/Logo.png","contentUrl":"https:\/\/planet-ott.org\/wp-content\/uploads\/2023\/07\/Logo.png","width":114,"height":114,"caption":"Planet-ott"},"image":{"@id":"https:\/\/planet-ott.org\/#\/schema\/logo\/image\/"}}]}},"_links":{"self":[{"href":"https:\/\/planet-ott.org\/index.php\/wp-json\/wp\/v2\/pages\/1569","targetHints":{"allow":["GET"]}}],"collection":[{"href":"https:\/\/planet-ott.org\/index.php\/wp-json\/wp\/v2\/pages"}],"about":[{"href":"https:\/\/planet-ott.org\/index.php\/wp-json\/wp\/v2\/types\/page"}],"author":[{"embeddable":true,"href":"https:\/\/planet-ott.org\/index.php\/wp-json\/wp\/v2\/users\/1"}],"replies":[{"embeddable":true,"href":"https:\/\/planet-ott.org\/index.php\/wp-json\/wp\/v2\/comments?post=1569"}],"version-history":[{"count":1,"href":"https:\/\/planet-ott.org\/index.php\/wp-json\/wp\/v2\/pages\/1569\/revisions"}],"predecessor-version":[{"id":1570,"href":"https:\/\/planet-ott.org\/index.php\/wp-json\/wp\/v2\/pages\/1569\/revisions\/1570"}],"wp:attachment":[{"href":"https:\/\/planet-ott.org\/index.php\/wp-json\/wp\/v2\/media?parent=1569"}],"curies":[{"name":"wp","href":"https:\/\/api.w.org\/{rel}","templated":true}]}}