{"id":1571,"date":"2023-09-02T09:26:47","date_gmt":"2023-09-02T07:26:47","guid":{"rendered":"https:\/\/planet-ott.org\/?page_id=1571"},"modified":"2023-09-02T09:26:47","modified_gmt":"2023-09-02T07:26:47","slug":"iptv-smart-purple-player-installation-et-configuration","status":"publish","type":"page","link":"https:\/\/planet-ott.org\/index.php\/iptv-smart-purple-player-installation-et-configuration\/","title":{"rendered":"IPTV Smart Purple Player \u2013 Installation et Configuration"},"content":{"rendered":"\n<figure class=\"wp-block-image\"><img decoding=\"async\" src=\"https:\/\/abonnement-iptv4u.b-cdn.net\/wp-content\/uploads\/2020\/09\/install-porpule-iptv-07-scaled-1-1024x552.jpg?is-pending-load=1\" alt=\"IPTV Smart Purple\"\/><\/figure>\n\n\n\n<p>L\u2019application IPTV Smart Purple Player est une solution parfaite et totalement gratuite pour IPTV, EPG, VOD, s\u00e9ries vid\u00e9o, TV de rattrapage directement sur votre TV Android, Fire TV &amp; stick, Android Box, Tablettes Android et mobile Android.<\/p>\n\n\n\n<h2 class=\"wp-block-heading\">IPTV Smart Purple<\/h2>\n\n\n\n<p>C\u2019est l\u2019une des meilleures applications alternatives pour les appareils Android comme Android TV, les t\u00e9l\u00e9phones \/ tablettes Android, Fire TV et\u2026.<br>Les principales caract\u00e9ristiques de cette application:<br>1- Service&nbsp;<strong>VPN gratuit&nbsp;<\/strong>pour obtenir une exp\u00e9rience transparente pour lire la vid\u00e9o<br>2-&nbsp;<strong>Lecture rapide, Zapping rapide<\/strong><br>3-&nbsp;<strong>Contr\u00f4le parental<\/strong>&nbsp;pour verrouiller les cha\u00eenes et la cat\u00e9gorie<br>4-&nbsp;<strong>\u00c9cran multiple<\/strong><\/p>\n\n\n\n<p>Remarque: IPTV Smart Purple est une version avanc\u00e9e d\u2019&nbsp;<a href=\"https:\/\/maestroiptv.org\/index.php\/iptv-maestro-iptv\/\">IPTV smarters pro<\/a><\/p>\n\n\n\n<h2 class=\"wp-block-heading\" id=\"download-and-install-iptv-purple\">T\u00e9l\u00e9chargez et installez IPTV Purple<\/h2>\n\n\n\n<p>IPTV Smart Purple disponible pour les syst\u00e8mes d\u2019exploitation Android dans le Play Store:<br><a href=\"https:\/\/play.google.com\/store\/apps\/details?id=com.purple.iptv.player\" target=\"_blank\" rel=\"noreferrer noopener\">https:\/\/play.google.com\/store\/apps\/details?id=com.purple.iptv.player<\/a><br><br>Lien de t\u00e9l\u00e9chargement direct APK:&nbsp;&nbsp;<a href=\"https:\/\/apkcombo.com\/iptv-smart-purple-player-no-ads\/com.purple.iptv.player\/\" target=\"_blank\" rel=\"noreferrer noopener\">ICI<\/a><\/p>\n\n\n\n<h3 class=\"wp-block-heading\" id=\"bring-tv-channels\">Apportez des cha\u00eenes de t\u00e9l\u00e9vision<\/h3>\n\n\n\n<p>Temps n\u00e9cessaire:&nbsp;&nbsp;6 minutes.<\/p>\n\n\n\n<p>installez IPTV Smart Purple et apportez les cha\u00eenes de t\u00e9l\u00e9vision<\/p>\n\n\n\n<ol class=\"wp-block-list\">\n<li><strong>Choisissez entre le mode TV ou mobile<\/strong>&nbsp;Apr\u00e8s avoir install\u00e9 IPTV Smart Purple, vous devez d\u2019abord choisir le mode TV ou mobile pour afficher la meilleure interface.<\/li>\n<\/ol>\n\n\n\n<figure class=\"wp-block-image\"><img decoding=\"async\" src=\"https:\/\/abonnement-iptv4u.b-cdn.net\/wp-content\/uploads\/2020\/09\/install-porpule-iptv-01-scaled-1-1024x550.jpg\" alt=\"IPTV Smart Purple\" class=\"wp-image-21963\"\/><\/figure>\n\n\n\n<p><strong>Choisissez Oui ou Non au d\u00e9marrage du p\u00e9riph\u00e9rique<\/strong><\/p>\n\n\n\n<p>Si vous souhaitez d\u00e9marrer l\u2019application automatiquement lorsque vous allumez l\u2019appareil, choisissez OUI, sinon choisissez NON.<\/p>\n\n\n\n<figure class=\"wp-block-image\"><img decoding=\"async\" src=\"https:\/\/abonnement-iptv4u.b-cdn.net\/wp-content\/uploads\/2020\/09\/install-porpule-iptv-02-scaled-1-1024x546.jpg?is-pending-load=1\" alt=\"\" class=\"wp-image-21972\"\/><\/figure>\n\n\n\n<p><strong>ignorer l\u2019inscription ou l\u2019\u00e9tape de connexion<\/strong>&nbsp;(Skip)<\/p>\n\n\n\n<figure class=\"wp-block-image\"><img decoding=\"async\" src=\"https:\/\/abonnement-iptv4u.b-cdn.net\/wp-content\/uploads\/2020\/09\/install-porpule-iptv-03-scaled-1-1024x553.jpg?is-pending-load=1\" alt=\"\" class=\"wp-image-21987\"\/><\/figure>\n\n\n\n<p><strong>Vous devez ajouter votre liste de lecture maintenant en appuyant sur le bouton +<\/strong><\/p>\n\n\n\n<figure class=\"wp-block-image\"><img decoding=\"async\" src=\"https:\/\/abonnement-iptv4u.b-cdn.net\/wp-content\/uploads\/2020\/09\/install-porpule-iptv-04-scaled-1-1024x552.jpg?is-pending-load=1\" alt=\"\" class=\"wp-image-22002\"\/><\/figure>\n\n\n\n<p><strong>Choisissez la m\u00e9thode LOGIN WITH XSTREAM URL pour ajouter une playlist<\/strong><\/p>\n\n\n\n<figure class=\"wp-block-image\"><img decoding=\"async\" src=\"https:\/\/abonnement-iptv4u.b-cdn.net\/wp-content\/uploads\/2020\/09\/install-porpule-iptv-05-scaled-1-1024x491.jpg?is-pending-load=1\" alt=\"\" class=\"wp-image-22078\"\/><\/figure>\n\n\n\n<p><strong>Entr\u00e9e vos identifiants envoyez par notre service d\u2019assistance<\/strong><\/p>\n\n\n\n<p>puis appuyez sur&nbsp;&nbsp;<strong>Connexion<\/strong><\/p>\n\n\n\n<p>Adresse MAC<\/p>\n\n\n\n<p>*L\u2019adresse MAC est un identifiant unique, Cette fonction est valable juste pour les produits suivants : SMART IPTV \/ SET IPTV \/ SS IPTV \/ MAG \/ STB \u2026<\/p>\n\n\n\n<p><strong><br>Vous \u00eates connect\u00e9<\/strong><\/p>\n\n\n\n<p>Termin\u00e9!&nbsp;Vous \u00eates connect\u00e9 et les services sont maintenant disponibles.<br>TV en direct: affichez des groupes de cha\u00eenes comme les pays.<br>EPG: affiche les cha\u00eenes de t\u00e9l\u00e9vision en fonction des guides des programmes.<br>Films: Afficher les films<br>S\u00e9rie: Afficher les s\u00e9ries t\u00e9l\u00e9vis\u00e9es<br>VPN: Vous pouvez vous connecter \u00e0 un r\u00e9seau priv\u00e9 virtuel pour regarder de mani\u00e8re anonyme ou contourner les blocages ou parasites du FAI.<br>Favoris: Vous pouvez cr\u00e9er une liste \u00e0 partir de vos favoris TV, films et s\u00e9ries, Ils appara\u00eetront dans cette section sous forme de liste.<br>R\u00e9cents: derni\u00e8re \u00e9mission t\u00e9l\u00e9vis\u00e9e, film ou \u00e9mission t\u00e9l\u00e9vis\u00e9e regard\u00e9e par l\u2019utilisateur.<\/p>\n\n\n\n<figure class=\"wp-block-image\"><img decoding=\"async\" src=\"https:\/\/abonnement-iptv4u.b-cdn.net\/wp-content\/uploads\/2020\/09\/install-porpule-iptv-07-scaled-1-1024x552.jpg?is-pending-load=1\" alt=\"\" class=\"wp-image-22087\"\/><\/figure>\n","protected":false},"excerpt":{"rendered":"<p>L\u2019application IPTV Smart Purple Player est une solution parfaite et totalement gratuite pour IPTV, EPG, VOD, s\u00e9ries vid\u00e9o, TV de rattrapage directement sur votre TV Android, Fire TV &amp; stick, Android Box, Tablettes Android et mobile Android. IPTV Smart Purple C\u2019est l\u2019une des meilleures applications alternatives pour les appareils Android comme Android TV, les t\u00e9l\u00e9phones [&hellip;]<\/p>\n","protected":false},"author":1,"featured_media":0,"parent":0,"menu_order":0,"comment_status":"closed","ping_status":"closed","template":"","meta":{"footnotes":""},"class_list":["post-1571","page","type-page","status-publish","hentry"],"blocksy_meta":[],"yoast_head":"<!-- This site is optimized with the Yoast SEO plugin v27.3 - https:\/\/yoast.com\/product\/yoast-seo-wordpress\/ -->\n<title>IPTV Smart Purple Player \u2013 Installation et Configuration - Planet-ott<\/title>\n<meta name=\"robots\" content=\"index, follow, max-snippet:-1, max-image-preview:large, max-video-preview:-1\" \/>\n<link rel=\"canonical\" href=\"https:\/\/planet-ott.org\/index.php\/iptv-smart-purple-player-installation-et-configuration\/\" \/>\n<meta property=\"og:locale\" content=\"fr_FR\" \/>\n<meta property=\"og:type\" content=\"article\" \/>\n<meta property=\"og:title\" content=\"IPTV Smart Purple Player \u2013 Installation et Configuration - Planet-ott\" \/>\n<meta property=\"og:description\" content=\"L\u2019application IPTV Smart Purple Player est une solution parfaite et totalement gratuite pour IPTV, EPG, VOD, s\u00e9ries vid\u00e9o, TV de rattrapage directement sur votre TV Android, Fire TV &amp; stick, Android Box, Tablettes Android et mobile Android. IPTV Smart Purple C\u2019est l\u2019une des meilleures applications alternatives pour les appareils Android comme Android TV, les t\u00e9l\u00e9phones [&hellip;]\" \/>\n<meta property=\"og:url\" content=\"https:\/\/planet-ott.org\/index.php\/iptv-smart-purple-player-installation-et-configuration\/\" \/>\n<meta property=\"og:site_name\" content=\"Planet-ott\" \/>\n<meta property=\"og:image\" content=\"https:\/\/abonnement-iptv4u.b-cdn.net\/wp-content\/uploads\/2020\/09\/install-porpule-iptv-07-scaled-1-1024x552.jpg?is-pending-load=1\" \/>\n<meta name=\"twitter:card\" content=\"summary_large_image\" \/>\n<meta name=\"twitter:label1\" content=\"Dur\u00e9e de lecture estim\u00e9e\" \/>\n\t<meta name=\"twitter:data1\" content=\"4 minutes\" \/>\n<script type=\"application\/ld+json\" class=\"yoast-schema-graph\">{\"@context\":\"https:\\\/\\\/schema.org\",\"@graph\":[{\"@type\":\"WebPage\",\"@id\":\"https:\\\/\\\/planet-ott.org\\\/index.php\\\/iptv-smart-purple-player-installation-et-configuration\\\/\",\"url\":\"https:\\\/\\\/planet-ott.org\\\/index.php\\\/iptv-smart-purple-player-installation-et-configuration\\\/\",\"name\":\"IPTV Smart Purple Player \u2013 Installation et Configuration - Planet-ott\",\"isPartOf\":{\"@id\":\"https:\\\/\\\/planet-ott.org\\\/#website\"},\"primaryImageOfPage\":{\"@id\":\"https:\\\/\\\/planet-ott.org\\\/index.php\\\/iptv-smart-purple-player-installation-et-configuration\\\/#primaryimage\"},\"image\":{\"@id\":\"https:\\\/\\\/planet-ott.org\\\/index.php\\\/iptv-smart-purple-player-installation-et-configuration\\\/#primaryimage\"},\"thumbnailUrl\":\"https:\\\/\\\/abonnement-iptv4u.b-cdn.net\\\/wp-content\\\/uploads\\\/2020\\\/09\\\/install-porpule-iptv-07-scaled-1-1024x552.jpg?is-pending-load=1\",\"datePublished\":\"2023-09-02T07:26:47+00:00\",\"breadcrumb\":{\"@id\":\"https:\\\/\\\/planet-ott.org\\\/index.php\\\/iptv-smart-purple-player-installation-et-configuration\\\/#breadcrumb\"},\"inLanguage\":\"fr-FR\",\"potentialAction\":[{\"@type\":\"ReadAction\",\"target\":[\"https:\\\/\\\/planet-ott.org\\\/index.php\\\/iptv-smart-purple-player-installation-et-configuration\\\/\"]}]},{\"@type\":\"ImageObject\",\"inLanguage\":\"fr-FR\",\"@id\":\"https:\\\/\\\/planet-ott.org\\\/index.php\\\/iptv-smart-purple-player-installation-et-configuration\\\/#primaryimage\",\"url\":\"https:\\\/\\\/abonnement-iptv4u.b-cdn.net\\\/wp-content\\\/uploads\\\/2020\\\/09\\\/install-porpule-iptv-07-scaled-1-1024x552.jpg?is-pending-load=1\",\"contentUrl\":\"https:\\\/\\\/abonnement-iptv4u.b-cdn.net\\\/wp-content\\\/uploads\\\/2020\\\/09\\\/install-porpule-iptv-07-scaled-1-1024x552.jpg?is-pending-load=1\"},{\"@type\":\"BreadcrumbList\",\"@id\":\"https:\\\/\\\/planet-ott.org\\\/index.php\\\/iptv-smart-purple-player-installation-et-configuration\\\/#breadcrumb\",\"itemListElement\":[{\"@type\":\"ListItem\",\"position\":1,\"name\":\"Home\",\"item\":\"https:\\\/\\\/planet-ott.org\\\/\"},{\"@type\":\"ListItem\",\"position\":2,\"name\":\"IPTV Smart Purple Player \u2013 Installation et Configuration\"}]},{\"@type\":\"WebSite\",\"@id\":\"https:\\\/\\\/planet-ott.org\\\/#website\",\"url\":\"https:\\\/\\\/planet-ott.org\\\/\",\"name\":\"Planet-ott\",\"description\":\"Abonnement iptv\",\"publisher\":{\"@id\":\"https:\\\/\\\/planet-ott.org\\\/#organization\"},\"potentialAction\":[{\"@type\":\"SearchAction\",\"target\":{\"@type\":\"EntryPoint\",\"urlTemplate\":\"https:\\\/\\\/planet-ott.org\\\/?s={search_term_string}\"},\"query-input\":{\"@type\":\"PropertyValueSpecification\",\"valueRequired\":true,\"valueName\":\"search_term_string\"}}],\"inLanguage\":\"fr-FR\"},{\"@type\":\"Organization\",\"@id\":\"https:\\\/\\\/planet-ott.org\\\/#organization\",\"name\":\"Planet-ott\",\"url\":\"https:\\\/\\\/planet-ott.org\\\/\",\"logo\":{\"@type\":\"ImageObject\",\"inLanguage\":\"fr-FR\",\"@id\":\"https:\\\/\\\/planet-ott.org\\\/#\\\/schema\\\/logo\\\/image\\\/\",\"url\":\"https:\\\/\\\/planet-ott.org\\\/wp-content\\\/uploads\\\/2023\\\/07\\\/Logo.png\",\"contentUrl\":\"https:\\\/\\\/planet-ott.org\\\/wp-content\\\/uploads\\\/2023\\\/07\\\/Logo.png\",\"width\":114,\"height\":114,\"caption\":\"Planet-ott\"},\"image\":{\"@id\":\"https:\\\/\\\/planet-ott.org\\\/#\\\/schema\\\/logo\\\/image\\\/\"}}]}<\/script>\n<!-- \/ Yoast SEO plugin. -->","yoast_head_json":{"title":"IPTV Smart Purple Player \u2013 Installation et Configuration - Planet-ott","robots":{"index":"index","follow":"follow","max-snippet":"max-snippet:-1","max-image-preview":"max-image-preview:large","max-video-preview":"max-video-preview:-1"},"canonical":"https:\/\/planet-ott.org\/index.php\/iptv-smart-purple-player-installation-et-configuration\/","og_locale":"fr_FR","og_type":"article","og_title":"IPTV Smart Purple Player \u2013 Installation et Configuration - Planet-ott","og_description":"L\u2019application IPTV Smart Purple Player est une solution parfaite et totalement gratuite pour IPTV, EPG, VOD, s\u00e9ries vid\u00e9o, TV de rattrapage directement sur votre TV Android, Fire TV &amp; stick, Android Box, Tablettes Android et mobile Android. IPTV Smart Purple C\u2019est l\u2019une des meilleures applications alternatives pour les appareils Android comme Android TV, les t\u00e9l\u00e9phones [&hellip;]","og_url":"https:\/\/planet-ott.org\/index.php\/iptv-smart-purple-player-installation-et-configuration\/","og_site_name":"Planet-ott","og_image":[{"url":"https:\/\/abonnement-iptv4u.b-cdn.net\/wp-content\/uploads\/2020\/09\/install-porpule-iptv-07-scaled-1-1024x552.jpg?is-pending-load=1","type":"","width":"","height":""}],"twitter_card":"summary_large_image","twitter_misc":{"Dur\u00e9e de lecture estim\u00e9e":"4 minutes"},"schema":{"@context":"https:\/\/schema.org","@graph":[{"@type":"WebPage","@id":"https:\/\/planet-ott.org\/index.php\/iptv-smart-purple-player-installation-et-configuration\/","url":"https:\/\/planet-ott.org\/index.php\/iptv-smart-purple-player-installation-et-configuration\/","name":"IPTV Smart Purple Player \u2013 Installation et Configuration - Planet-ott","isPartOf":{"@id":"https:\/\/planet-ott.org\/#website"},"primaryImageOfPage":{"@id":"https:\/\/planet-ott.org\/index.php\/iptv-smart-purple-player-installation-et-configuration\/#primaryimage"},"image":{"@id":"https:\/\/planet-ott.org\/index.php\/iptv-smart-purple-player-installation-et-configuration\/#primaryimage"},"thumbnailUrl":"https:\/\/abonnement-iptv4u.b-cdn.net\/wp-content\/uploads\/2020\/09\/install-porpule-iptv-07-scaled-1-1024x552.jpg?is-pending-load=1","datePublished":"2023-09-02T07:26:47+00:00","breadcrumb":{"@id":"https:\/\/planet-ott.org\/index.php\/iptv-smart-purple-player-installation-et-configuration\/#breadcrumb"},"inLanguage":"fr-FR","potentialAction":[{"@type":"ReadAction","target":["https:\/\/planet-ott.org\/index.php\/iptv-smart-purple-player-installation-et-configuration\/"]}]},{"@type":"ImageObject","inLanguage":"fr-FR","@id":"https:\/\/planet-ott.org\/index.php\/iptv-smart-purple-player-installation-et-configuration\/#primaryimage","url":"https:\/\/abonnement-iptv4u.b-cdn.net\/wp-content\/uploads\/2020\/09\/install-porpule-iptv-07-scaled-1-1024x552.jpg?is-pending-load=1","contentUrl":"https:\/\/abonnement-iptv4u.b-cdn.net\/wp-content\/uploads\/2020\/09\/install-porpule-iptv-07-scaled-1-1024x552.jpg?is-pending-load=1"},{"@type":"BreadcrumbList","@id":"https:\/\/planet-ott.org\/index.php\/iptv-smart-purple-player-installation-et-configuration\/#breadcrumb","itemListElement":[{"@type":"ListItem","position":1,"name":"Home","item":"https:\/\/planet-ott.org\/"},{"@type":"ListItem","position":2,"name":"IPTV Smart Purple Player \u2013 Installation et Configuration"}]},{"@type":"WebSite","@id":"https:\/\/planet-ott.org\/#website","url":"https:\/\/planet-ott.org\/","name":"Planet-ott","description":"Abonnement iptv","publisher":{"@id":"https:\/\/planet-ott.org\/#organization"},"potentialAction":[{"@type":"SearchAction","target":{"@type":"EntryPoint","urlTemplate":"https:\/\/planet-ott.org\/?s={search_term_string}"},"query-input":{"@type":"PropertyValueSpecification","valueRequired":true,"valueName":"search_term_string"}}],"inLanguage":"fr-FR"},{"@type":"Organization","@id":"https:\/\/planet-ott.org\/#organization","name":"Planet-ott","url":"https:\/\/planet-ott.org\/","logo":{"@type":"ImageObject","inLanguage":"fr-FR","@id":"https:\/\/planet-ott.org\/#\/schema\/logo\/image\/","url":"https:\/\/planet-ott.org\/wp-content\/uploads\/2023\/07\/Logo.png","contentUrl":"https:\/\/planet-ott.org\/wp-content\/uploads\/2023\/07\/Logo.png","width":114,"height":114,"caption":"Planet-ott"},"image":{"@id":"https:\/\/planet-ott.org\/#\/schema\/logo\/image\/"}}]}},"_links":{"self":[{"href":"https:\/\/planet-ott.org\/index.php\/wp-json\/wp\/v2\/pages\/1571","targetHints":{"allow":["GET"]}}],"collection":[{"href":"https:\/\/planet-ott.org\/index.php\/wp-json\/wp\/v2\/pages"}],"about":[{"href":"https:\/\/planet-ott.org\/index.php\/wp-json\/wp\/v2\/types\/page"}],"author":[{"embeddable":true,"href":"https:\/\/planet-ott.org\/index.php\/wp-json\/wp\/v2\/users\/1"}],"replies":[{"embeddable":true,"href":"https:\/\/planet-ott.org\/index.php\/wp-json\/wp\/v2\/comments?post=1571"}],"version-history":[{"count":1,"href":"https:\/\/planet-ott.org\/index.php\/wp-json\/wp\/v2\/pages\/1571\/revisions"}],"predecessor-version":[{"id":1572,"href":"https:\/\/planet-ott.org\/index.php\/wp-json\/wp\/v2\/pages\/1571\/revisions\/1572"}],"wp:attachment":[{"href":"https:\/\/planet-ott.org\/index.php\/wp-json\/wp\/v2\/media?parent=1571"}],"curies":[{"name":"wp","href":"https:\/\/api.w.org\/{rel}","templated":true}]}}