{"id":1573,"date":"2023-09-02T09:27:31","date_gmt":"2023-09-02T07:27:31","guid":{"rendered":"https:\/\/planet-ott.org\/?page_id=1573"},"modified":"2023-09-02T09:27:32","modified_gmt":"2023-09-02T07:27:32","slug":"comment-installer-iptv-sur-xbox-one-360","status":"publish","type":"page","link":"https:\/\/planet-ott.org\/index.php\/comment-installer-iptv-sur-xbox-one-360\/","title":{"rendered":"Comment installer IPTV sur Xbox One \/ 360 ?"},"content":{"rendered":"\n<figure class=\"wp-block-image\"><img decoding=\"async\" src=\"https:\/\/abonnement-iptv4u.b-cdn.net\/wp-content\/uploads\/2020\/09\/maxresdefault-1024x576.jpg?is-pending-load=1\" alt=\"iptv sur xbox\"\/><\/figure>\n\n\n\n<p>Il existe plusieurs fa\u00e7ons d\u2019installer IPTV sur Xbox One et 360. Cependant, nous utiliserons deux m\u00e9thodes faciles \u00e0 installer.<\/p>\n\n\n\n<ol class=\"wp-block-list\">\n<li>Installer IPTV sur&nbsp;<a href=\"https:\/\/www.xbox.com\/fr-FR\" rel=\"noreferrer noopener\" target=\"_blank\">Xbox One \/ 360&nbsp;<\/a>\u00e0 partir de&nbsp;<a href=\"https:\/\/www.microsoft.com\/fr-fr\/store\/apps\/windows\" rel=\"noreferrer noopener\" target=\"_blank\">Microsoft Store<\/a><\/li>\n\n\n\n<li>Utilisez Kodi pour installer IPTV Addon<\/li>\n<\/ol>\n\n\n\n<h3 class=\"wp-block-heading\">Comment installer IPTV sur Xbox One et 360 avec Microsoft Store?<\/h3>\n\n\n\n<p>Suivez les \u00e9tapes ci-dessous pour installer IPTV sur Xbox One et Xbox 360:<\/p>\n\n\n\n<p>1.Ouvrez Microsoft Store sur votre Xbox One \/ 360.<\/p>\n\n\n\n<p>2.Cliquez sur l\u2019onglet de recherche.<\/p>\n\n\n\n<p>3.Entrez \u201c<strong>IPTV<\/strong>\u201d et tapez sur l\u2019ic\u00f4ne de recherche.<\/p>\n\n\n\n<p>4.Une liste des applications IPTV disponibles pour Xbox appara\u00eetra<\/p>\n\n\n\n<figure class=\"wp-block-image\"><img decoding=\"async\" src=\"https:\/\/abonnement-iptv4u.b-cdn.net\/wp-content\/uploads\/2020\/09\/4.jpg?is-pending-load=1\" alt=\"iptv sur xbox\" class=\"wp-image-4070\"\/><\/figure>\n\n\n\n<p>5.Cliquez sur le lecteur IPTV que vous souhaitez installer.<\/p>\n\n\n\n<p>6.Maintenant, cliquez sur le bouton \u201c<strong>Installer<\/strong>\u201d.<\/p>\n\n\n\n<p>7.L\u2019application sera t\u00e9l\u00e9charg\u00e9e et install\u00e9e sur votre appareil.<\/p>\n\n\n\n<p>8.Cliquez sur \u201c<strong>Lancer<\/strong>\u201d pour ouvrir l\u2019application install\u00e9e.<\/p>\n","protected":false},"excerpt":{"rendered":"<p>Il existe plusieurs fa\u00e7ons d\u2019installer IPTV sur Xbox One et 360. Cependant, nous utiliserons deux m\u00e9thodes faciles \u00e0 installer. Comment installer IPTV sur Xbox One et 360 avec Microsoft Store? Suivez les \u00e9tapes ci-dessous pour installer IPTV sur Xbox One et Xbox 360: 1.Ouvrez Microsoft Store sur votre Xbox One \/ 360. 2.Cliquez sur l\u2019onglet [&hellip;]<\/p>\n","protected":false},"author":1,"featured_media":0,"parent":0,"menu_order":0,"comment_status":"closed","ping_status":"closed","template":"","meta":{"footnotes":""},"class_list":["post-1573","page","type-page","status-publish","hentry"],"blocksy_meta":[],"yoast_head":"<!-- This site is optimized with the Yoast SEO plugin v27.3 - https:\/\/yoast.com\/product\/yoast-seo-wordpress\/ -->\n<title>Comment installer IPTV sur Xbox One \/ 360 ? - Planet-ott<\/title>\n<meta name=\"robots\" content=\"index, follow, max-snippet:-1, max-image-preview:large, max-video-preview:-1\" \/>\n<link rel=\"canonical\" href=\"https:\/\/planet-ott.org\/index.php\/comment-installer-iptv-sur-xbox-one-360\/\" \/>\n<meta property=\"og:locale\" content=\"fr_FR\" \/>\n<meta property=\"og:type\" content=\"article\" \/>\n<meta property=\"og:title\" content=\"Comment installer IPTV sur Xbox One \/ 360 ? - Planet-ott\" \/>\n<meta property=\"og:description\" content=\"Il existe plusieurs fa\u00e7ons d\u2019installer IPTV sur Xbox One et 360. Cependant, nous utiliserons deux m\u00e9thodes faciles \u00e0 installer. Comment installer IPTV sur Xbox One et 360 avec Microsoft Store? Suivez les \u00e9tapes ci-dessous pour installer IPTV sur Xbox One et Xbox 360: 1.Ouvrez Microsoft Store sur votre Xbox One \/ 360. 2.Cliquez sur l\u2019onglet [&hellip;]\" \/>\n<meta property=\"og:url\" content=\"https:\/\/planet-ott.org\/index.php\/comment-installer-iptv-sur-xbox-one-360\/\" \/>\n<meta property=\"og:site_name\" content=\"Planet-ott\" \/>\n<meta property=\"article:modified_time\" content=\"2023-09-02T07:27:32+00:00\" \/>\n<meta property=\"og:image\" content=\"https:\/\/abonnement-iptv4u.b-cdn.net\/wp-content\/uploads\/2020\/09\/maxresdefault-1024x576.jpg?is-pending-load=1\" \/>\n<meta name=\"twitter:card\" content=\"summary_large_image\" \/>\n<meta name=\"twitter:label1\" content=\"Dur\u00e9e de lecture estim\u00e9e\" \/>\n\t<meta name=\"twitter:data1\" content=\"2 minutes\" \/>\n<script type=\"application\/ld+json\" class=\"yoast-schema-graph\">{\"@context\":\"https:\\\/\\\/schema.org\",\"@graph\":[{\"@type\":\"WebPage\",\"@id\":\"https:\\\/\\\/planet-ott.org\\\/index.php\\\/comment-installer-iptv-sur-xbox-one-360\\\/\",\"url\":\"https:\\\/\\\/planet-ott.org\\\/index.php\\\/comment-installer-iptv-sur-xbox-one-360\\\/\",\"name\":\"Comment installer IPTV sur Xbox One \\\/ 360 ? - Planet-ott\",\"isPartOf\":{\"@id\":\"https:\\\/\\\/planet-ott.org\\\/#website\"},\"primaryImageOfPage\":{\"@id\":\"https:\\\/\\\/planet-ott.org\\\/index.php\\\/comment-installer-iptv-sur-xbox-one-360\\\/#primaryimage\"},\"image\":{\"@id\":\"https:\\\/\\\/planet-ott.org\\\/index.php\\\/comment-installer-iptv-sur-xbox-one-360\\\/#primaryimage\"},\"thumbnailUrl\":\"https:\\\/\\\/abonnement-iptv4u.b-cdn.net\\\/wp-content\\\/uploads\\\/2020\\\/09\\\/maxresdefault-1024x576.jpg?is-pending-load=1\",\"datePublished\":\"2023-09-02T07:27:31+00:00\",\"dateModified\":\"2023-09-02T07:27:32+00:00\",\"breadcrumb\":{\"@id\":\"https:\\\/\\\/planet-ott.org\\\/index.php\\\/comment-installer-iptv-sur-xbox-one-360\\\/#breadcrumb\"},\"inLanguage\":\"fr-FR\",\"potentialAction\":[{\"@type\":\"ReadAction\",\"target\":[\"https:\\\/\\\/planet-ott.org\\\/index.php\\\/comment-installer-iptv-sur-xbox-one-360\\\/\"]}]},{\"@type\":\"ImageObject\",\"inLanguage\":\"fr-FR\",\"@id\":\"https:\\\/\\\/planet-ott.org\\\/index.php\\\/comment-installer-iptv-sur-xbox-one-360\\\/#primaryimage\",\"url\":\"https:\\\/\\\/abonnement-iptv4u.b-cdn.net\\\/wp-content\\\/uploads\\\/2020\\\/09\\\/maxresdefault-1024x576.jpg?is-pending-load=1\",\"contentUrl\":\"https:\\\/\\\/abonnement-iptv4u.b-cdn.net\\\/wp-content\\\/uploads\\\/2020\\\/09\\\/maxresdefault-1024x576.jpg?is-pending-load=1\"},{\"@type\":\"BreadcrumbList\",\"@id\":\"https:\\\/\\\/planet-ott.org\\\/index.php\\\/comment-installer-iptv-sur-xbox-one-360\\\/#breadcrumb\",\"itemListElement\":[{\"@type\":\"ListItem\",\"position\":1,\"name\":\"Home\",\"item\":\"https:\\\/\\\/planet-ott.org\\\/\"},{\"@type\":\"ListItem\",\"position\":2,\"name\":\"Comment installer IPTV sur Xbox One \\\/ 360 ?\"}]},{\"@type\":\"WebSite\",\"@id\":\"https:\\\/\\\/planet-ott.org\\\/#website\",\"url\":\"https:\\\/\\\/planet-ott.org\\\/\",\"name\":\"Planet-ott\",\"description\":\"Abonnement iptv\",\"publisher\":{\"@id\":\"https:\\\/\\\/planet-ott.org\\\/#organization\"},\"potentialAction\":[{\"@type\":\"SearchAction\",\"target\":{\"@type\":\"EntryPoint\",\"urlTemplate\":\"https:\\\/\\\/planet-ott.org\\\/?s={search_term_string}\"},\"query-input\":{\"@type\":\"PropertyValueSpecification\",\"valueRequired\":true,\"valueName\":\"search_term_string\"}}],\"inLanguage\":\"fr-FR\"},{\"@type\":\"Organization\",\"@id\":\"https:\\\/\\\/planet-ott.org\\\/#organization\",\"name\":\"Planet-ott\",\"url\":\"https:\\\/\\\/planet-ott.org\\\/\",\"logo\":{\"@type\":\"ImageObject\",\"inLanguage\":\"fr-FR\",\"@id\":\"https:\\\/\\\/planet-ott.org\\\/#\\\/schema\\\/logo\\\/image\\\/\",\"url\":\"https:\\\/\\\/planet-ott.org\\\/wp-content\\\/uploads\\\/2023\\\/07\\\/Logo.png\",\"contentUrl\":\"https:\\\/\\\/planet-ott.org\\\/wp-content\\\/uploads\\\/2023\\\/07\\\/Logo.png\",\"width\":114,\"height\":114,\"caption\":\"Planet-ott\"},\"image\":{\"@id\":\"https:\\\/\\\/planet-ott.org\\\/#\\\/schema\\\/logo\\\/image\\\/\"}}]}<\/script>\n<!-- \/ Yoast SEO plugin. -->","yoast_head_json":{"title":"Comment installer IPTV sur Xbox One \/ 360 ? - Planet-ott","robots":{"index":"index","follow":"follow","max-snippet":"max-snippet:-1","max-image-preview":"max-image-preview:large","max-video-preview":"max-video-preview:-1"},"canonical":"https:\/\/planet-ott.org\/index.php\/comment-installer-iptv-sur-xbox-one-360\/","og_locale":"fr_FR","og_type":"article","og_title":"Comment installer IPTV sur Xbox One \/ 360 ? - Planet-ott","og_description":"Il existe plusieurs fa\u00e7ons d\u2019installer IPTV sur Xbox One et 360. Cependant, nous utiliserons deux m\u00e9thodes faciles \u00e0 installer. Comment installer IPTV sur Xbox One et 360 avec Microsoft Store? Suivez les \u00e9tapes ci-dessous pour installer IPTV sur Xbox One et Xbox 360: 1.Ouvrez Microsoft Store sur votre Xbox One \/ 360. 2.Cliquez sur l\u2019onglet [&hellip;]","og_url":"https:\/\/planet-ott.org\/index.php\/comment-installer-iptv-sur-xbox-one-360\/","og_site_name":"Planet-ott","article_modified_time":"2023-09-02T07:27:32+00:00","og_image":[{"url":"https:\/\/abonnement-iptv4u.b-cdn.net\/wp-content\/uploads\/2020\/09\/maxresdefault-1024x576.jpg?is-pending-load=1","type":"","width":"","height":""}],"twitter_card":"summary_large_image","twitter_misc":{"Dur\u00e9e de lecture estim\u00e9e":"2 minutes"},"schema":{"@context":"https:\/\/schema.org","@graph":[{"@type":"WebPage","@id":"https:\/\/planet-ott.org\/index.php\/comment-installer-iptv-sur-xbox-one-360\/","url":"https:\/\/planet-ott.org\/index.php\/comment-installer-iptv-sur-xbox-one-360\/","name":"Comment installer IPTV sur Xbox One \/ 360 ? - Planet-ott","isPartOf":{"@id":"https:\/\/planet-ott.org\/#website"},"primaryImageOfPage":{"@id":"https:\/\/planet-ott.org\/index.php\/comment-installer-iptv-sur-xbox-one-360\/#primaryimage"},"image":{"@id":"https:\/\/planet-ott.org\/index.php\/comment-installer-iptv-sur-xbox-one-360\/#primaryimage"},"thumbnailUrl":"https:\/\/abonnement-iptv4u.b-cdn.net\/wp-content\/uploads\/2020\/09\/maxresdefault-1024x576.jpg?is-pending-load=1","datePublished":"2023-09-02T07:27:31+00:00","dateModified":"2023-09-02T07:27:32+00:00","breadcrumb":{"@id":"https:\/\/planet-ott.org\/index.php\/comment-installer-iptv-sur-xbox-one-360\/#breadcrumb"},"inLanguage":"fr-FR","potentialAction":[{"@type":"ReadAction","target":["https:\/\/planet-ott.org\/index.php\/comment-installer-iptv-sur-xbox-one-360\/"]}]},{"@type":"ImageObject","inLanguage":"fr-FR","@id":"https:\/\/planet-ott.org\/index.php\/comment-installer-iptv-sur-xbox-one-360\/#primaryimage","url":"https:\/\/abonnement-iptv4u.b-cdn.net\/wp-content\/uploads\/2020\/09\/maxresdefault-1024x576.jpg?is-pending-load=1","contentUrl":"https:\/\/abonnement-iptv4u.b-cdn.net\/wp-content\/uploads\/2020\/09\/maxresdefault-1024x576.jpg?is-pending-load=1"},{"@type":"BreadcrumbList","@id":"https:\/\/planet-ott.org\/index.php\/comment-installer-iptv-sur-xbox-one-360\/#breadcrumb","itemListElement":[{"@type":"ListItem","position":1,"name":"Home","item":"https:\/\/planet-ott.org\/"},{"@type":"ListItem","position":2,"name":"Comment installer IPTV sur Xbox One \/ 360 ?"}]},{"@type":"WebSite","@id":"https:\/\/planet-ott.org\/#website","url":"https:\/\/planet-ott.org\/","name":"Planet-ott","description":"Abonnement iptv","publisher":{"@id":"https:\/\/planet-ott.org\/#organization"},"potentialAction":[{"@type":"SearchAction","target":{"@type":"EntryPoint","urlTemplate":"https:\/\/planet-ott.org\/?s={search_term_string}"},"query-input":{"@type":"PropertyValueSpecification","valueRequired":true,"valueName":"search_term_string"}}],"inLanguage":"fr-FR"},{"@type":"Organization","@id":"https:\/\/planet-ott.org\/#organization","name":"Planet-ott","url":"https:\/\/planet-ott.org\/","logo":{"@type":"ImageObject","inLanguage":"fr-FR","@id":"https:\/\/planet-ott.org\/#\/schema\/logo\/image\/","url":"https:\/\/planet-ott.org\/wp-content\/uploads\/2023\/07\/Logo.png","contentUrl":"https:\/\/planet-ott.org\/wp-content\/uploads\/2023\/07\/Logo.png","width":114,"height":114,"caption":"Planet-ott"},"image":{"@id":"https:\/\/planet-ott.org\/#\/schema\/logo\/image\/"}}]}},"_links":{"self":[{"href":"https:\/\/planet-ott.org\/index.php\/wp-json\/wp\/v2\/pages\/1573","targetHints":{"allow":["GET"]}}],"collection":[{"href":"https:\/\/planet-ott.org\/index.php\/wp-json\/wp\/v2\/pages"}],"about":[{"href":"https:\/\/planet-ott.org\/index.php\/wp-json\/wp\/v2\/types\/page"}],"author":[{"embeddable":true,"href":"https:\/\/planet-ott.org\/index.php\/wp-json\/wp\/v2\/users\/1"}],"replies":[{"embeddable":true,"href":"https:\/\/planet-ott.org\/index.php\/wp-json\/wp\/v2\/comments?post=1573"}],"version-history":[{"count":1,"href":"https:\/\/planet-ott.org\/index.php\/wp-json\/wp\/v2\/pages\/1573\/revisions"}],"predecessor-version":[{"id":1574,"href":"https:\/\/planet-ott.org\/index.php\/wp-json\/wp\/v2\/pages\/1573\/revisions\/1574"}],"wp:attachment":[{"href":"https:\/\/planet-ott.org\/index.php\/wp-json\/wp\/v2\/media?parent=1573"}],"curies":[{"name":"wp","href":"https:\/\/api.w.org\/{rel}","templated":true}]}}