{"id":1579,"date":"2023-09-02T09:35:46","date_gmt":"2023-09-02T07:35:46","guid":{"rendered":"https:\/\/planet-ott.org\/?page_id=1579"},"modified":"2023-09-02T09:35:47","modified_gmt":"2023-09-02T07:35:47","slug":"ott-navigator-iptv-installation-et-configuration","status":"publish","type":"page","link":"https:\/\/planet-ott.org\/index.php\/ott-navigator-iptv-installation-et-configuration\/","title":{"rendered":"OTT Navigator IPTV \u2013 Installation et configuration"},"content":{"rendered":"\n<figure class=\"wp-block-image\"><img decoding=\"async\" src=\"https:\/\/abonnement-iptv4u.b-cdn.net\/wp-content\/uploads\/2020\/09\/unnamed.png?is-pending-load=1\" alt=\"OTT Navigator IPTV\"\/><\/figure>\n\n\n\n<h1 class=\"wp-block-heading\"><em><a href=\"https:\/\/maestroiptv.org\/index.php\/iptv-maestro-iptv\/\">OTT Navigator IPTV<\/a><\/em><\/h1>\n\n\n\n<h5 class=\"wp-block-heading\">Je vais vous pr\u00e9senter OTT Navigator IPTV.&nbsp;C\u2019est un lecteur IPTV \/ OTT tr\u00e8s fonctionnel pour les smartphones, tablettes et t\u00e9l\u00e9viseurs Android.&nbsp;L\u2019application \u00e9volue rapidement et offre de nombreuses fonctionnalit\u00e9s \u00e0 jour, dont la liste ci-dessous:<\/h5>\n\n\n\n<ul class=\"wp-block-list\">\n<li>Prise en charge de plusieurs fournisseurs et listes de lecture.<\/li>\n\n\n\n<li>Live \/ CatchUp \/ MediaLibrary.<\/li>\n\n\n\n<li>T\u00e9l\u00e9guide EPG avec mise \u00e0 jour automatique.<\/li>\n\n\n\n<li>Sugg\u00e9rer des vid\u00e9os et CatchUp \u00e0 regarder.<\/li>\n\n\n\n<li>Gestion des favoris, des cha\u00eenes et des cat\u00e9gories.<\/li>\n\n\n\n<li>Image dans l\u2019image PiP, mode Studio \u2013 jusqu\u2019\u00e0 9 photos \u00e0 l\u2019\u00e9cran.<\/li>\n\n\n\n<li>Application tr\u00e8s l\u00e9g\u00e8re et rapide, navigation facile, recherche.&nbsp;Extr\u00eamement facile \u00e0 utiliser avec les touches tactiles et les t\u00e9l\u00e9commandes.<\/li>\n\n\n\n<li>Diff\u00e9rents th\u00e8mes et de nombreuses options de personnalisation.<\/li>\n\n\n\n<li>Prise en charge de la localisation.<\/li>\n\n\n\n<li>Mises \u00e0 jour tr\u00e8s souvent<\/li>\n<\/ul>\n\n\n\n<p>Vous pouvez v\u00e9rifier la note et l\u2019application elle-m\u00eame sur Google Play \u2013&nbsp;<a rel=\"noreferrer noopener\" href=\"https:\/\/play.google.com\/store\/apps\/details?id=studio.scillarium.ottnavigator\" target=\"_blank\">https:\/\/play.google.com\/store\/apps\/details?id=studio.scillarium.ottnavigator<\/a><\/p>\n\n\n\n<h2 class=\"wp-block-heading\">Installation et configuration<\/h2>\n\n\n\n<p>Je vais vous montrer comment faire l\u2019installation&nbsp;et la configuration Pour l\u2019application&nbsp;Ott&nbsp;navigateur&nbsp;iptv<\/p>\n\n\n\n<figure class=\"wp-block-image\"><img decoding=\"async\" src=\"https:\/\/abonnement-iptv4u.b-cdn.net\/wp-content\/uploads\/2020\/09\/ott-navigator-iptv-27847-3-1024x498.jpg?is-pending-load=1\" alt=\"Ott navigateur iptv\" class=\"wp-image-30378\"\/><\/figure>\n\n\n\n<ul class=\"wp-block-list\" id=\"block-20148d84-c790-43e6-875e-e5f52d3edc29\">\n<li>Ouvrez l\u2019application&nbsp;ott&nbsp;navigateur sur&nbsp;l\u2019un de&nbsp;vos&nbsp;appareils,&nbsp;que ce soit le t\u00e9l\u00e9phone ou Firestick ou Android TV ou box Android ou&nbsp;Roku.<\/li>\n<\/ul>\n\n\n\n<ul class=\"wp-block-list\" id=\"block-20148d84-c790-43e6-875e-e5f52d3edc29\">\n<li>Maintenant, allez dans le menu des param\u00e8tres \u00e0 partir du menu \u00e0 droite de l\u2019application, qui ressemble \u00e0 un engrenage, et cela fait \u00e9galement appara\u00eetre un menu sur la gauche<\/li>\n\n\n\n<li>Maintenant, allez \u00e0 la premi\u00e8re option (Fournisseur), puis cliquez sur la premi\u00e8re option en haut de la liste (Ajouter un fournisseur), puis cliquez sur l\u2019option (Liste de lecture \u00e0 partir d\u2019un URL), \u00e0 travers laquelle nous passerons \u00e0 l\u2019option d\u2019ajouter des l\u2019url&nbsp;m3u.<\/li>\n\n\n\n<li>Placez le lien que notre&nbsp;<a href=\"https:\/\/maestroiptv.org\/index.php\/iptv-maestro-iptv\/\">technicien vous as fournis<\/a><\/li>\n\n\n\n<li>Puis Cliquer sur activ\u00e9 et appliquer<\/li>\n\n\n\n<li>et voila !<\/li>\n\n\n\n<li>retourner et cliquer sur l\u2019icone tv \u2014 TUTO (Installation et configuration)<\/li>\n<\/ul>\n\n\n\n<p>j\u2019esp\u00e9r\u00e9 que ca vous as plus comment Installer et configurer OTT Navigator IPTV<\/p>\n","protected":false},"excerpt":{"rendered":"<p>OTT Navigator IPTV Je vais vous pr\u00e9senter OTT Navigator IPTV.&nbsp;C\u2019est un lecteur IPTV \/ OTT tr\u00e8s fonctionnel pour les smartphones, tablettes et t\u00e9l\u00e9viseurs Android.&nbsp;L\u2019application \u00e9volue rapidement et offre de nombreuses fonctionnalit\u00e9s \u00e0 jour, dont la liste ci-dessous: Vous pouvez v\u00e9rifier la note et l\u2019application elle-m\u00eame sur Google Play \u2013&nbsp;https:\/\/play.google.com\/store\/apps\/details?id=studio.scillarium.ottnavigator Installation et configuration Je vais vous [&hellip;]<\/p>\n","protected":false},"author":1,"featured_media":0,"parent":0,"menu_order":0,"comment_status":"closed","ping_status":"closed","template":"","meta":{"footnotes":""},"class_list":["post-1579","page","type-page","status-publish","hentry"],"blocksy_meta":[],"yoast_head":"<!-- This site is optimized with the Yoast SEO plugin v27.3 - https:\/\/yoast.com\/product\/yoast-seo-wordpress\/ -->\n<title>OTT Navigator IPTV \u2013 Installation et configuration - Planet-ott<\/title>\n<meta name=\"robots\" content=\"index, follow, max-snippet:-1, max-image-preview:large, max-video-preview:-1\" \/>\n<link rel=\"canonical\" href=\"https:\/\/planet-ott.org\/index.php\/ott-navigator-iptv-installation-et-configuration\/\" \/>\n<meta property=\"og:locale\" content=\"fr_FR\" \/>\n<meta property=\"og:type\" content=\"article\" \/>\n<meta property=\"og:title\" content=\"OTT Navigator IPTV \u2013 Installation et configuration - Planet-ott\" \/>\n<meta property=\"og:description\" content=\"OTT Navigator IPTV Je vais vous pr\u00e9senter OTT Navigator IPTV.&nbsp;C\u2019est un lecteur IPTV \/ OTT tr\u00e8s fonctionnel pour les smartphones, tablettes et t\u00e9l\u00e9viseurs Android.&nbsp;L\u2019application \u00e9volue rapidement et offre de nombreuses fonctionnalit\u00e9s \u00e0 jour, dont la liste ci-dessous: Vous pouvez v\u00e9rifier la note et l\u2019application elle-m\u00eame sur Google Play \u2013&nbsp;https:\/\/play.google.com\/store\/apps\/details?id=studio.scillarium.ottnavigator Installation et configuration Je vais vous [&hellip;]\" \/>\n<meta property=\"og:url\" content=\"https:\/\/planet-ott.org\/index.php\/ott-navigator-iptv-installation-et-configuration\/\" \/>\n<meta property=\"og:site_name\" content=\"Planet-ott\" \/>\n<meta property=\"article:modified_time\" content=\"2023-09-02T07:35:47+00:00\" \/>\n<meta property=\"og:image\" content=\"https:\/\/abonnement-iptv4u.b-cdn.net\/wp-content\/uploads\/2020\/09\/unnamed.png?is-pending-load=1\" \/>\n<meta name=\"twitter:card\" content=\"summary_large_image\" \/>\n<meta name=\"twitter:label1\" content=\"Dur\u00e9e de lecture estim\u00e9e\" \/>\n\t<meta name=\"twitter:data1\" content=\"2 minutes\" \/>\n<script type=\"application\/ld+json\" class=\"yoast-schema-graph\">{\"@context\":\"https:\\\/\\\/schema.org\",\"@graph\":[{\"@type\":\"WebPage\",\"@id\":\"https:\\\/\\\/planet-ott.org\\\/index.php\\\/ott-navigator-iptv-installation-et-configuration\\\/\",\"url\":\"https:\\\/\\\/planet-ott.org\\\/index.php\\\/ott-navigator-iptv-installation-et-configuration\\\/\",\"name\":\"OTT Navigator IPTV \u2013 Installation et configuration - Planet-ott\",\"isPartOf\":{\"@id\":\"https:\\\/\\\/planet-ott.org\\\/#website\"},\"primaryImageOfPage\":{\"@id\":\"https:\\\/\\\/planet-ott.org\\\/index.php\\\/ott-navigator-iptv-installation-et-configuration\\\/#primaryimage\"},\"image\":{\"@id\":\"https:\\\/\\\/planet-ott.org\\\/index.php\\\/ott-navigator-iptv-installation-et-configuration\\\/#primaryimage\"},\"thumbnailUrl\":\"https:\\\/\\\/abonnement-iptv4u.b-cdn.net\\\/wp-content\\\/uploads\\\/2020\\\/09\\\/unnamed.png?is-pending-load=1\",\"datePublished\":\"2023-09-02T07:35:46+00:00\",\"dateModified\":\"2023-09-02T07:35:47+00:00\",\"breadcrumb\":{\"@id\":\"https:\\\/\\\/planet-ott.org\\\/index.php\\\/ott-navigator-iptv-installation-et-configuration\\\/#breadcrumb\"},\"inLanguage\":\"fr-FR\",\"potentialAction\":[{\"@type\":\"ReadAction\",\"target\":[\"https:\\\/\\\/planet-ott.org\\\/index.php\\\/ott-navigator-iptv-installation-et-configuration\\\/\"]}]},{\"@type\":\"ImageObject\",\"inLanguage\":\"fr-FR\",\"@id\":\"https:\\\/\\\/planet-ott.org\\\/index.php\\\/ott-navigator-iptv-installation-et-configuration\\\/#primaryimage\",\"url\":\"https:\\\/\\\/abonnement-iptv4u.b-cdn.net\\\/wp-content\\\/uploads\\\/2020\\\/09\\\/unnamed.png?is-pending-load=1\",\"contentUrl\":\"https:\\\/\\\/abonnement-iptv4u.b-cdn.net\\\/wp-content\\\/uploads\\\/2020\\\/09\\\/unnamed.png?is-pending-load=1\"},{\"@type\":\"BreadcrumbList\",\"@id\":\"https:\\\/\\\/planet-ott.org\\\/index.php\\\/ott-navigator-iptv-installation-et-configuration\\\/#breadcrumb\",\"itemListElement\":[{\"@type\":\"ListItem\",\"position\":1,\"name\":\"Home\",\"item\":\"https:\\\/\\\/planet-ott.org\\\/\"},{\"@type\":\"ListItem\",\"position\":2,\"name\":\"OTT Navigator IPTV \u2013 Installation et configuration\"}]},{\"@type\":\"WebSite\",\"@id\":\"https:\\\/\\\/planet-ott.org\\\/#website\",\"url\":\"https:\\\/\\\/planet-ott.org\\\/\",\"name\":\"Planet-ott\",\"description\":\"Abonnement iptv\",\"publisher\":{\"@id\":\"https:\\\/\\\/planet-ott.org\\\/#organization\"},\"potentialAction\":[{\"@type\":\"SearchAction\",\"target\":{\"@type\":\"EntryPoint\",\"urlTemplate\":\"https:\\\/\\\/planet-ott.org\\\/?s={search_term_string}\"},\"query-input\":{\"@type\":\"PropertyValueSpecification\",\"valueRequired\":true,\"valueName\":\"search_term_string\"}}],\"inLanguage\":\"fr-FR\"},{\"@type\":\"Organization\",\"@id\":\"https:\\\/\\\/planet-ott.org\\\/#organization\",\"name\":\"Planet-ott\",\"url\":\"https:\\\/\\\/planet-ott.org\\\/\",\"logo\":{\"@type\":\"ImageObject\",\"inLanguage\":\"fr-FR\",\"@id\":\"https:\\\/\\\/planet-ott.org\\\/#\\\/schema\\\/logo\\\/image\\\/\",\"url\":\"https:\\\/\\\/planet-ott.org\\\/wp-content\\\/uploads\\\/2023\\\/07\\\/Logo.png\",\"contentUrl\":\"https:\\\/\\\/planet-ott.org\\\/wp-content\\\/uploads\\\/2023\\\/07\\\/Logo.png\",\"width\":114,\"height\":114,\"caption\":\"Planet-ott\"},\"image\":{\"@id\":\"https:\\\/\\\/planet-ott.org\\\/#\\\/schema\\\/logo\\\/image\\\/\"}}]}<\/script>\n<!-- \/ Yoast SEO plugin. -->","yoast_head_json":{"title":"OTT Navigator IPTV \u2013 Installation et configuration - Planet-ott","robots":{"index":"index","follow":"follow","max-snippet":"max-snippet:-1","max-image-preview":"max-image-preview:large","max-video-preview":"max-video-preview:-1"},"canonical":"https:\/\/planet-ott.org\/index.php\/ott-navigator-iptv-installation-et-configuration\/","og_locale":"fr_FR","og_type":"article","og_title":"OTT Navigator IPTV \u2013 Installation et configuration - Planet-ott","og_description":"OTT Navigator IPTV Je vais vous pr\u00e9senter OTT Navigator IPTV.&nbsp;C\u2019est un lecteur IPTV \/ OTT tr\u00e8s fonctionnel pour les smartphones, tablettes et t\u00e9l\u00e9viseurs Android.&nbsp;L\u2019application \u00e9volue rapidement et offre de nombreuses fonctionnalit\u00e9s \u00e0 jour, dont la liste ci-dessous: Vous pouvez v\u00e9rifier la note et l\u2019application elle-m\u00eame sur Google Play \u2013&nbsp;https:\/\/play.google.com\/store\/apps\/details?id=studio.scillarium.ottnavigator Installation et configuration Je vais vous [&hellip;]","og_url":"https:\/\/planet-ott.org\/index.php\/ott-navigator-iptv-installation-et-configuration\/","og_site_name":"Planet-ott","article_modified_time":"2023-09-02T07:35:47+00:00","og_image":[{"url":"https:\/\/abonnement-iptv4u.b-cdn.net\/wp-content\/uploads\/2020\/09\/unnamed.png?is-pending-load=1","type":"","width":"","height":""}],"twitter_card":"summary_large_image","twitter_misc":{"Dur\u00e9e de lecture estim\u00e9e":"2 minutes"},"schema":{"@context":"https:\/\/schema.org","@graph":[{"@type":"WebPage","@id":"https:\/\/planet-ott.org\/index.php\/ott-navigator-iptv-installation-et-configuration\/","url":"https:\/\/planet-ott.org\/index.php\/ott-navigator-iptv-installation-et-configuration\/","name":"OTT Navigator IPTV \u2013 Installation et configuration - Planet-ott","isPartOf":{"@id":"https:\/\/planet-ott.org\/#website"},"primaryImageOfPage":{"@id":"https:\/\/planet-ott.org\/index.php\/ott-navigator-iptv-installation-et-configuration\/#primaryimage"},"image":{"@id":"https:\/\/planet-ott.org\/index.php\/ott-navigator-iptv-installation-et-configuration\/#primaryimage"},"thumbnailUrl":"https:\/\/abonnement-iptv4u.b-cdn.net\/wp-content\/uploads\/2020\/09\/unnamed.png?is-pending-load=1","datePublished":"2023-09-02T07:35:46+00:00","dateModified":"2023-09-02T07:35:47+00:00","breadcrumb":{"@id":"https:\/\/planet-ott.org\/index.php\/ott-navigator-iptv-installation-et-configuration\/#breadcrumb"},"inLanguage":"fr-FR","potentialAction":[{"@type":"ReadAction","target":["https:\/\/planet-ott.org\/index.php\/ott-navigator-iptv-installation-et-configuration\/"]}]},{"@type":"ImageObject","inLanguage":"fr-FR","@id":"https:\/\/planet-ott.org\/index.php\/ott-navigator-iptv-installation-et-configuration\/#primaryimage","url":"https:\/\/abonnement-iptv4u.b-cdn.net\/wp-content\/uploads\/2020\/09\/unnamed.png?is-pending-load=1","contentUrl":"https:\/\/abonnement-iptv4u.b-cdn.net\/wp-content\/uploads\/2020\/09\/unnamed.png?is-pending-load=1"},{"@type":"BreadcrumbList","@id":"https:\/\/planet-ott.org\/index.php\/ott-navigator-iptv-installation-et-configuration\/#breadcrumb","itemListElement":[{"@type":"ListItem","position":1,"name":"Home","item":"https:\/\/planet-ott.org\/"},{"@type":"ListItem","position":2,"name":"OTT Navigator IPTV \u2013 Installation et configuration"}]},{"@type":"WebSite","@id":"https:\/\/planet-ott.org\/#website","url":"https:\/\/planet-ott.org\/","name":"Planet-ott","description":"Abonnement iptv","publisher":{"@id":"https:\/\/planet-ott.org\/#organization"},"potentialAction":[{"@type":"SearchAction","target":{"@type":"EntryPoint","urlTemplate":"https:\/\/planet-ott.org\/?s={search_term_string}"},"query-input":{"@type":"PropertyValueSpecification","valueRequired":true,"valueName":"search_term_string"}}],"inLanguage":"fr-FR"},{"@type":"Organization","@id":"https:\/\/planet-ott.org\/#organization","name":"Planet-ott","url":"https:\/\/planet-ott.org\/","logo":{"@type":"ImageObject","inLanguage":"fr-FR","@id":"https:\/\/planet-ott.org\/#\/schema\/logo\/image\/","url":"https:\/\/planet-ott.org\/wp-content\/uploads\/2023\/07\/Logo.png","contentUrl":"https:\/\/planet-ott.org\/wp-content\/uploads\/2023\/07\/Logo.png","width":114,"height":114,"caption":"Planet-ott"},"image":{"@id":"https:\/\/planet-ott.org\/#\/schema\/logo\/image\/"}}]}},"_links":{"self":[{"href":"https:\/\/planet-ott.org\/index.php\/wp-json\/wp\/v2\/pages\/1579","targetHints":{"allow":["GET"]}}],"collection":[{"href":"https:\/\/planet-ott.org\/index.php\/wp-json\/wp\/v2\/pages"}],"about":[{"href":"https:\/\/planet-ott.org\/index.php\/wp-json\/wp\/v2\/types\/page"}],"author":[{"embeddable":true,"href":"https:\/\/planet-ott.org\/index.php\/wp-json\/wp\/v2\/users\/1"}],"replies":[{"embeddable":true,"href":"https:\/\/planet-ott.org\/index.php\/wp-json\/wp\/v2\/comments?post=1579"}],"version-history":[{"count":1,"href":"https:\/\/planet-ott.org\/index.php\/wp-json\/wp\/v2\/pages\/1579\/revisions"}],"predecessor-version":[{"id":1580,"href":"https:\/\/planet-ott.org\/index.php\/wp-json\/wp\/v2\/pages\/1579\/revisions\/1580"}],"wp:attachment":[{"href":"https:\/\/planet-ott.org\/index.php\/wp-json\/wp\/v2\/media?parent=1579"}],"curies":[{"name":"wp","href":"https:\/\/api.w.org\/{rel}","templated":true}]}}