{"id":1581,"date":"2023-09-02T09:36:20","date_gmt":"2023-09-02T07:36:20","guid":{"rendered":"https:\/\/planet-ott.org\/?page_id=1581"},"modified":"2023-09-02T09:36:21","modified_gmt":"2023-09-02T07:36:21","slug":"ss-iptv-tutoriel-comment-configurer-ss-iptv","status":"publish","type":"page","link":"https:\/\/planet-ott.org\/index.php\/ss-iptv-tutoriel-comment-configurer-ss-iptv\/","title":{"rendered":"SS IPTV TUTORIEL \u2013 COMMENT CONFIGURER SS IPTV"},"content":{"rendered":"\n<figure class=\"wp-block-image\"><img decoding=\"async\" src=\"https:\/\/abonnement-iptv4u.b-cdn.net\/wp-content\/uploads\/2020\/04\/project1.jpg\" alt=\"\"\/><\/figure>\n\n\n\n<h2 class=\"wp-block-heading\">SSIPTV C\u2019EST QUOI ?<\/h2>\n\n\n\n<p>Tout est facile&nbsp;<strong>SS iPTV<\/strong>&nbsp;est un programme ou une application destin\u00e9 aux t\u00e9l\u00e9viseurs \u00e9quip\u00e9s ou porteurs de&nbsp;<strong>SMART TV<\/strong>. Bien que vous puissiez \u00e9galement faire un Cl\u00e9 USB et le mettre \u00e0 la t\u00e9l\u00e9vision.<\/p>\n\n\n\n<p>Ce que nous allons faire avec ce programme est de pouvoir regarder en direct des cha\u00eenes du monde entier, [ d\u2019Espagne, des \u00c9tats-Unis, du Br\u00e9sil, de l\u2019Argentine, du Mexique, des \u00c9tats-Unis, etc\u2026 Une alternative \u00e0 SS IPTV serait la c\u00e9l\u00e8bre application&nbsp;<strong>OTTPlayer<\/strong>.<\/p>\n\n\n\n<p>Tout ce dont nous aurons besoin est d\u2019installer application sur notre t\u00e9l\u00e9vision et nos listes de diffusion pour pouvoir regarder des cha\u00eenes et des programmes en ligne. Ces listes seront distantes et il suffira de mettre l\u2019URL pour charger les canaux.<\/p>\n\n\n\n<h2 class=\"wp-block-heading\">COMMENT INSTALLER ET CONFIGURER SSIPTV SUR SMART TV?<\/h2>\n\n\n\n<p>Pour installer l\u2019application&nbsp;<strong>ssiptv<\/strong>, la premi\u00e8re chose \u00e0 faire est d\u2019allumer le t\u00e9l\u00e9viseur et de disposer d\u2019une connexion Internet. Ensuite, nous recherchons le programme ssiptv dans notre catalogue d\u2019applications smart tv. Nous t\u00e9l\u00e9chargeons et installons totalement gratuitement.<\/p>\n\n\n\n<p>Pour profiter de votre abonnement sur application SS iptv,<\/p>\n\n\n\n<p>il suffit de suivre les \u00e9tapes ci-dessous :<\/p>\n\n\n\n<p><strong>1- Installer l\u2019application&nbsp;<a href=\"https:\/\/maestroiptv.org\/index.php\/iptv-maestro-iptv\/\">SS iptv<\/a><\/strong><\/p>\n\n\n\n<p><strong>2-Acceder \u00e0 l\u2019application sur votre TV ou BOX et r\u00e9cup\u00e9rer le code de l\u2019application:<\/strong><\/p>\n\n\n\n<figure class=\"wp-block-image\"><img decoding=\"async\" src=\"https:\/\/www.teli-iptv.com\/wp-content\/uploads\/2018\/09\/abonnement-SS-iptv-600x310.jpg?is-pending-load=1\" alt=\"abonnement SSiptv\" title=\"abonnement SSiptv\"\/><\/figure>\n\n\n\n<p><strong>3- envoyez nous le code en l\u2019ins\u00e9rant ==&gt;&nbsp;<\/strong><a href=\"https:\/\/maestroiptv.org\/index.php\/iptv-maestro-iptv\/\">ici&nbsp;<\/a>et achet\u00e9 un pack qui vous vas<\/p>\n\n\n\n<p><strong>4&nbsp;<\/strong>\u2013 Vous allez recevoir directement sous un d\u00e9lais de 5 heure votre abonnement tv sans aucune configuration manuel<\/p>\n","protected":false},"excerpt":{"rendered":"<p>SSIPTV C\u2019EST QUOI ? Tout est facile&nbsp;SS iPTV&nbsp;est un programme ou une application destin\u00e9 aux t\u00e9l\u00e9viseurs \u00e9quip\u00e9s ou porteurs de&nbsp;SMART TV. Bien que vous puissiez \u00e9galement faire un Cl\u00e9 USB et le mettre \u00e0 la t\u00e9l\u00e9vision. Ce que nous allons faire avec ce programme est de pouvoir regarder en direct des cha\u00eenes du monde entier, [&hellip;]<\/p>\n","protected":false},"author":1,"featured_media":0,"parent":0,"menu_order":0,"comment_status":"closed","ping_status":"closed","template":"","meta":{"footnotes":""},"class_list":["post-1581","page","type-page","status-publish","hentry"],"blocksy_meta":[],"yoast_head":"<!-- This site is optimized with the Yoast SEO plugin v27.3 - https:\/\/yoast.com\/product\/yoast-seo-wordpress\/ -->\n<title>SS IPTV TUTORIEL \u2013 COMMENT CONFIGURER SS IPTV - Planet-ott<\/title>\n<meta name=\"robots\" content=\"index, follow, max-snippet:-1, max-image-preview:large, max-video-preview:-1\" \/>\n<link rel=\"canonical\" href=\"https:\/\/planet-ott.org\/index.php\/ss-iptv-tutoriel-comment-configurer-ss-iptv\/\" \/>\n<meta property=\"og:locale\" content=\"fr_FR\" \/>\n<meta property=\"og:type\" content=\"article\" \/>\n<meta property=\"og:title\" content=\"SS IPTV TUTORIEL \u2013 COMMENT CONFIGURER SS IPTV - Planet-ott\" \/>\n<meta property=\"og:description\" content=\"SSIPTV C\u2019EST QUOI ? Tout est facile&nbsp;SS iPTV&nbsp;est un programme ou une application destin\u00e9 aux t\u00e9l\u00e9viseurs \u00e9quip\u00e9s ou porteurs de&nbsp;SMART TV. Bien que vous puissiez \u00e9galement faire un Cl\u00e9 USB et le mettre \u00e0 la t\u00e9l\u00e9vision. Ce que nous allons faire avec ce programme est de pouvoir regarder en direct des cha\u00eenes du monde entier, [&hellip;]\" \/>\n<meta property=\"og:url\" content=\"https:\/\/planet-ott.org\/index.php\/ss-iptv-tutoriel-comment-configurer-ss-iptv\/\" \/>\n<meta property=\"og:site_name\" content=\"Planet-ott\" \/>\n<meta property=\"article:modified_time\" content=\"2023-09-02T07:36:21+00:00\" \/>\n<meta property=\"og:image\" content=\"https:\/\/abonnement-iptv4u.b-cdn.net\/wp-content\/uploads\/2020\/04\/project1.jpg\" \/>\n<meta name=\"twitter:card\" content=\"summary_large_image\" \/>\n<meta name=\"twitter:label1\" content=\"Dur\u00e9e de lecture estim\u00e9e\" \/>\n\t<meta name=\"twitter:data1\" content=\"2 minutes\" \/>\n<script type=\"application\/ld+json\" class=\"yoast-schema-graph\">{\"@context\":\"https:\\\/\\\/schema.org\",\"@graph\":[{\"@type\":\"WebPage\",\"@id\":\"https:\\\/\\\/planet-ott.org\\\/index.php\\\/ss-iptv-tutoriel-comment-configurer-ss-iptv\\\/\",\"url\":\"https:\\\/\\\/planet-ott.org\\\/index.php\\\/ss-iptv-tutoriel-comment-configurer-ss-iptv\\\/\",\"name\":\"SS IPTV TUTORIEL \u2013 COMMENT CONFIGURER SS IPTV - Planet-ott\",\"isPartOf\":{\"@id\":\"https:\\\/\\\/planet-ott.org\\\/#website\"},\"primaryImageOfPage\":{\"@id\":\"https:\\\/\\\/planet-ott.org\\\/index.php\\\/ss-iptv-tutoriel-comment-configurer-ss-iptv\\\/#primaryimage\"},\"image\":{\"@id\":\"https:\\\/\\\/planet-ott.org\\\/index.php\\\/ss-iptv-tutoriel-comment-configurer-ss-iptv\\\/#primaryimage\"},\"thumbnailUrl\":\"https:\\\/\\\/abonnement-iptv4u.b-cdn.net\\\/wp-content\\\/uploads\\\/2020\\\/04\\\/project1.jpg\",\"datePublished\":\"2023-09-02T07:36:20+00:00\",\"dateModified\":\"2023-09-02T07:36:21+00:00\",\"breadcrumb\":{\"@id\":\"https:\\\/\\\/planet-ott.org\\\/index.php\\\/ss-iptv-tutoriel-comment-configurer-ss-iptv\\\/#breadcrumb\"},\"inLanguage\":\"fr-FR\",\"potentialAction\":[{\"@type\":\"ReadAction\",\"target\":[\"https:\\\/\\\/planet-ott.org\\\/index.php\\\/ss-iptv-tutoriel-comment-configurer-ss-iptv\\\/\"]}]},{\"@type\":\"ImageObject\",\"inLanguage\":\"fr-FR\",\"@id\":\"https:\\\/\\\/planet-ott.org\\\/index.php\\\/ss-iptv-tutoriel-comment-configurer-ss-iptv\\\/#primaryimage\",\"url\":\"https:\\\/\\\/abonnement-iptv4u.b-cdn.net\\\/wp-content\\\/uploads\\\/2020\\\/04\\\/project1.jpg\",\"contentUrl\":\"https:\\\/\\\/abonnement-iptv4u.b-cdn.net\\\/wp-content\\\/uploads\\\/2020\\\/04\\\/project1.jpg\"},{\"@type\":\"BreadcrumbList\",\"@id\":\"https:\\\/\\\/planet-ott.org\\\/index.php\\\/ss-iptv-tutoriel-comment-configurer-ss-iptv\\\/#breadcrumb\",\"itemListElement\":[{\"@type\":\"ListItem\",\"position\":1,\"name\":\"Home\",\"item\":\"https:\\\/\\\/planet-ott.org\\\/\"},{\"@type\":\"ListItem\",\"position\":2,\"name\":\"SS IPTV TUTORIEL \u2013 COMMENT CONFIGURER SS IPTV\"}]},{\"@type\":\"WebSite\",\"@id\":\"https:\\\/\\\/planet-ott.org\\\/#website\",\"url\":\"https:\\\/\\\/planet-ott.org\\\/\",\"name\":\"Planet-ott\",\"description\":\"Abonnement iptv\",\"publisher\":{\"@id\":\"https:\\\/\\\/planet-ott.org\\\/#organization\"},\"potentialAction\":[{\"@type\":\"SearchAction\",\"target\":{\"@type\":\"EntryPoint\",\"urlTemplate\":\"https:\\\/\\\/planet-ott.org\\\/?s={search_term_string}\"},\"query-input\":{\"@type\":\"PropertyValueSpecification\",\"valueRequired\":true,\"valueName\":\"search_term_string\"}}],\"inLanguage\":\"fr-FR\"},{\"@type\":\"Organization\",\"@id\":\"https:\\\/\\\/planet-ott.org\\\/#organization\",\"name\":\"Planet-ott\",\"url\":\"https:\\\/\\\/planet-ott.org\\\/\",\"logo\":{\"@type\":\"ImageObject\",\"inLanguage\":\"fr-FR\",\"@id\":\"https:\\\/\\\/planet-ott.org\\\/#\\\/schema\\\/logo\\\/image\\\/\",\"url\":\"https:\\\/\\\/planet-ott.org\\\/wp-content\\\/uploads\\\/2023\\\/07\\\/Logo.png\",\"contentUrl\":\"https:\\\/\\\/planet-ott.org\\\/wp-content\\\/uploads\\\/2023\\\/07\\\/Logo.png\",\"width\":114,\"height\":114,\"caption\":\"Planet-ott\"},\"image\":{\"@id\":\"https:\\\/\\\/planet-ott.org\\\/#\\\/schema\\\/logo\\\/image\\\/\"}}]}<\/script>\n<!-- \/ Yoast SEO plugin. -->","yoast_head_json":{"title":"SS IPTV TUTORIEL \u2013 COMMENT CONFIGURER SS IPTV - Planet-ott","robots":{"index":"index","follow":"follow","max-snippet":"max-snippet:-1","max-image-preview":"max-image-preview:large","max-video-preview":"max-video-preview:-1"},"canonical":"https:\/\/planet-ott.org\/index.php\/ss-iptv-tutoriel-comment-configurer-ss-iptv\/","og_locale":"fr_FR","og_type":"article","og_title":"SS IPTV TUTORIEL \u2013 COMMENT CONFIGURER SS IPTV - Planet-ott","og_description":"SSIPTV C\u2019EST QUOI ? Tout est facile&nbsp;SS iPTV&nbsp;est un programme ou une application destin\u00e9 aux t\u00e9l\u00e9viseurs \u00e9quip\u00e9s ou porteurs de&nbsp;SMART TV. Bien que vous puissiez \u00e9galement faire un Cl\u00e9 USB et le mettre \u00e0 la t\u00e9l\u00e9vision. Ce que nous allons faire avec ce programme est de pouvoir regarder en direct des cha\u00eenes du monde entier, [&hellip;]","og_url":"https:\/\/planet-ott.org\/index.php\/ss-iptv-tutoriel-comment-configurer-ss-iptv\/","og_site_name":"Planet-ott","article_modified_time":"2023-09-02T07:36:21+00:00","og_image":[{"url":"https:\/\/abonnement-iptv4u.b-cdn.net\/wp-content\/uploads\/2020\/04\/project1.jpg","type":"","width":"","height":""}],"twitter_card":"summary_large_image","twitter_misc":{"Dur\u00e9e de lecture estim\u00e9e":"2 minutes"},"schema":{"@context":"https:\/\/schema.org","@graph":[{"@type":"WebPage","@id":"https:\/\/planet-ott.org\/index.php\/ss-iptv-tutoriel-comment-configurer-ss-iptv\/","url":"https:\/\/planet-ott.org\/index.php\/ss-iptv-tutoriel-comment-configurer-ss-iptv\/","name":"SS IPTV TUTORIEL \u2013 COMMENT CONFIGURER SS IPTV - Planet-ott","isPartOf":{"@id":"https:\/\/planet-ott.org\/#website"},"primaryImageOfPage":{"@id":"https:\/\/planet-ott.org\/index.php\/ss-iptv-tutoriel-comment-configurer-ss-iptv\/#primaryimage"},"image":{"@id":"https:\/\/planet-ott.org\/index.php\/ss-iptv-tutoriel-comment-configurer-ss-iptv\/#primaryimage"},"thumbnailUrl":"https:\/\/abonnement-iptv4u.b-cdn.net\/wp-content\/uploads\/2020\/04\/project1.jpg","datePublished":"2023-09-02T07:36:20+00:00","dateModified":"2023-09-02T07:36:21+00:00","breadcrumb":{"@id":"https:\/\/planet-ott.org\/index.php\/ss-iptv-tutoriel-comment-configurer-ss-iptv\/#breadcrumb"},"inLanguage":"fr-FR","potentialAction":[{"@type":"ReadAction","target":["https:\/\/planet-ott.org\/index.php\/ss-iptv-tutoriel-comment-configurer-ss-iptv\/"]}]},{"@type":"ImageObject","inLanguage":"fr-FR","@id":"https:\/\/planet-ott.org\/index.php\/ss-iptv-tutoriel-comment-configurer-ss-iptv\/#primaryimage","url":"https:\/\/abonnement-iptv4u.b-cdn.net\/wp-content\/uploads\/2020\/04\/project1.jpg","contentUrl":"https:\/\/abonnement-iptv4u.b-cdn.net\/wp-content\/uploads\/2020\/04\/project1.jpg"},{"@type":"BreadcrumbList","@id":"https:\/\/planet-ott.org\/index.php\/ss-iptv-tutoriel-comment-configurer-ss-iptv\/#breadcrumb","itemListElement":[{"@type":"ListItem","position":1,"name":"Home","item":"https:\/\/planet-ott.org\/"},{"@type":"ListItem","position":2,"name":"SS IPTV TUTORIEL \u2013 COMMENT CONFIGURER SS IPTV"}]},{"@type":"WebSite","@id":"https:\/\/planet-ott.org\/#website","url":"https:\/\/planet-ott.org\/","name":"Planet-ott","description":"Abonnement iptv","publisher":{"@id":"https:\/\/planet-ott.org\/#organization"},"potentialAction":[{"@type":"SearchAction","target":{"@type":"EntryPoint","urlTemplate":"https:\/\/planet-ott.org\/?s={search_term_string}"},"query-input":{"@type":"PropertyValueSpecification","valueRequired":true,"valueName":"search_term_string"}}],"inLanguage":"fr-FR"},{"@type":"Organization","@id":"https:\/\/planet-ott.org\/#organization","name":"Planet-ott","url":"https:\/\/planet-ott.org\/","logo":{"@type":"ImageObject","inLanguage":"fr-FR","@id":"https:\/\/planet-ott.org\/#\/schema\/logo\/image\/","url":"https:\/\/planet-ott.org\/wp-content\/uploads\/2023\/07\/Logo.png","contentUrl":"https:\/\/planet-ott.org\/wp-content\/uploads\/2023\/07\/Logo.png","width":114,"height":114,"caption":"Planet-ott"},"image":{"@id":"https:\/\/planet-ott.org\/#\/schema\/logo\/image\/"}}]}},"_links":{"self":[{"href":"https:\/\/planet-ott.org\/index.php\/wp-json\/wp\/v2\/pages\/1581","targetHints":{"allow":["GET"]}}],"collection":[{"href":"https:\/\/planet-ott.org\/index.php\/wp-json\/wp\/v2\/pages"}],"about":[{"href":"https:\/\/planet-ott.org\/index.php\/wp-json\/wp\/v2\/types\/page"}],"author":[{"embeddable":true,"href":"https:\/\/planet-ott.org\/index.php\/wp-json\/wp\/v2\/users\/1"}],"replies":[{"embeddable":true,"href":"https:\/\/planet-ott.org\/index.php\/wp-json\/wp\/v2\/comments?post=1581"}],"version-history":[{"count":1,"href":"https:\/\/planet-ott.org\/index.php\/wp-json\/wp\/v2\/pages\/1581\/revisions"}],"predecessor-version":[{"id":1582,"href":"https:\/\/planet-ott.org\/index.php\/wp-json\/wp\/v2\/pages\/1581\/revisions\/1582"}],"wp:attachment":[{"href":"https:\/\/planet-ott.org\/index.php\/wp-json\/wp\/v2\/media?parent=1581"}],"curies":[{"name":"wp","href":"https:\/\/api.w.org\/{rel}","templated":true}]}}