{"id":1587,"date":"2023-09-02T09:39:48","date_gmt":"2023-09-02T07:39:48","guid":{"rendered":"https:\/\/planet-ott.org\/?page_id=1587"},"modified":"2023-09-02T09:39:48","modified_gmt":"2023-09-02T07:39:48","slug":"comment-vider-le-cache-sur-firestick-pour-application-iptv-2023","status":"publish","type":"page","link":"https:\/\/planet-ott.org\/index.php\/comment-vider-le-cache-sur-firestick-pour-application-iptv-2023\/","title":{"rendered":"Comment vider le cache sur Firestick pour Application IPTV [2023]"},"content":{"rendered":"\n<figure class=\"wp-block-image\"><img decoding=\"async\" src=\"https:\/\/abonnement-iptv4u.b-cdn.net\/wp-content\/uploads\/2023\/06\/amazon-fire-tv-stick-4k-1024x551.jpg\" alt=\"iptv\"\/><\/figure>\n\n\n\n<p>Si vous utilisez votre Fire TV Stick pendant un certain temps il faut vider le cache, vous pourriez rencontrer des probl\u00e8mes tels que des applications qui fonctionnent lentement ou qui ne se comportent pas correctement. La raison de ces probl\u00e8mes est souvent un cache corrompu qui a atteint une taille excessive. Voici les \u00e9tapes \u00e0 suivre pour vider le cache et les donn\u00e9es de votre Fire TV Stick, afin d\u2019am\u00e9liorer la fluidit\u00e9 de la diffusion en continu<a href=\"https:\/\/crast.net\/\" rel=\"noreferrer noopener\" target=\"_blank\">.<\/a><\/p>\n\n\n\n<p><strong>R\u00c9PONSE RAPIDE<\/strong><\/p>\n\n\n\n<p>Pour effacer le cache et les donn\u00e9es de votre Fire TV Stick, acc\u00e9dez \u00e0&nbsp;<strong>Param\u00e8tres &gt; Applications &gt; G\u00e9rer les applications install\u00e9es<\/strong>. S\u00e9lectionner une application et choisissez&nbsp;<strong>Effacer le cache<\/strong>&nbsp;ou&nbsp;<strong>Effacer les donn\u00e9es<\/strong>.<\/p>\n\n\n\n<h3 class=\"wp-block-heading\">Effacer les donn\u00e9es et le cache de l\u2019application sur Fire TV Stick<\/h3>\n\n\n\n<p>Qu\u2019il s\u2019agisse de&nbsp;YouTube,&nbsp;<a href=\"https:\/\/www.abonnement-iptv4u.com\/avoir-netflix-gratuit-les-4-astuces-pour-un-abonnement-netflix-gratuit-a-vie-ze2-21-z\/\">Netflix<\/a>&nbsp;ou&nbsp;Disney Plus, vider le cache et les donn\u00e9es aidera vos applications \u00e0 fonctionner correctement.&nbsp;Naviguez dans&nbsp;<strong>Param\u00e8tres<\/strong>&nbsp;\u00e0 l\u2019extr\u00eame droite de l\u2019\u00e9cran d\u2019accueil, puis s\u00e9lectionner&nbsp;<strong>Application<\/strong>.<\/p>\n\n\n\n<figure class=\"wp-block-image\"><img decoding=\"async\" src=\"https:\/\/abonnement-iptv4u.b-cdn.net\/wp-content\/uploads\/2023\/06\/Parametres-Fire-TV-Stick.webp?is-pending-load=1\" alt=\"vider le cache\" class=\"wp-image-6590601\"\/><\/figure>\n\n\n\n<p>Faites d\u00e9filer vers le bas pour s\u00e9lectionner&nbsp;<strong>G\u00e9rer les applications install\u00e9es<\/strong>.<\/p>\n\n\n\n<figure class=\"wp-block-image\"><img decoding=\"async\" src=\"https:\/\/abonnement-iptv4u.b-cdn.net\/wp-content\/uploads\/2023\/06\/Gerer-les-applications-installees.webp?is-pending-load=1\" alt=\"\" class=\"wp-image-6590602\"\/><\/figure>\n\n\n\n<p>S\u00e9lectionner l\u2019application qui vous pose probl\u00e8me et choisissez&nbsp;<strong>Effacer le cache<\/strong>&nbsp;ou&nbsp;<strong>Effacer les donn\u00e9es<\/strong>.<\/p>\n\n\n\n<figure class=\"wp-block-image\"><img decoding=\"async\" src=\"https:\/\/abonnement-iptv4u.b-cdn.net\/wp-content\/uploads\/2023\/06\/Effacer-les-donnees-et-le-cache-de-lapplication-sur-Fire-TV-Stick.webp?is-pending-load=1\" alt=\"\" class=\"wp-image-6590603\"\/><\/figure>\n\n\n\n<p>Lorsque vous videz le cache, vous supprimez les donn\u00e9es temporaires stock\u00e9es, tandis que l\u2019effacement des donn\u00e9es ram\u00e8ne les applications \u00e0 leur \u00e9tat par d\u00e9faut. Il est recommand\u00e9 de commencer par vider le cache, car si vous supprimez les donn\u00e9es, vous devrez vous reconnecter \u00e0 l\u2019application.<\/p>\n\n\n\n<hr class=\"wp-block-separator has-alpha-channel-opacity\"\/>\n\n\n\n<h3 class=\"wp-block-heading\"><strong>FAQ<\/strong><\/h3>\n\n\n\n<h3 class=\"wp-block-heading\"><strong>Comment vider le cache de toutes les applications sur ma Fire TV&nbsp;?<\/strong><\/h3>\n\n\n\n<p>Il n\u2019existe pas de moyen de vider le cache de toutes les applications install\u00e9es sur votre Fire TV Stick simultan\u00e9ment. Vous devrez proc\u00e9der \u00e0 l\u2019effacement du cache et des donn\u00e9es pour chaque application sp\u00e9cifique individuellement.<\/p>\n\n\n\n<p><strong>Qu\u2019est-ce qu\u2019un cache Fire TV ?<\/strong><\/p>\n\n\n\n<p>Chaque application sur votre Fire TV Stick poss\u00e8de un cache qui stocke temporairement des donn\u00e9es pour acc\u00e9l\u00e9rer son d\u00e9marrage et recharger l\u2019endroit o\u00f9 vous vous \u00e9tiez arr\u00eat\u00e9. Cependant, lorsque le cache devient trop volumineux, cela peut entra\u00eener des probl\u00e8mes tels que des performances lentes, des retards et des plantages d\u2019applications. Dans la plupart des cas, la suppression du cache r\u00e9soudra ces probl\u00e8mes, mais si ce n\u2019est pas le cas, vous pouvez \u00e9galement effacer les donn\u00e9es pour r\u00e9initialiser l\u2019application aux param\u00e8tres par d\u00e9faut.<\/p>\n\n\n\n<p><strong>Dois-je vider le cache d\u2019un Fire TV Stick ?<\/strong><\/p>\n\n\n\n<p>Pour garantir un fonctionnement fluide, vous devez r\u00e9guli\u00e8rement vider le cache de vos applications Fire TV.<\/p>\n\n\n\n<p><strong>Dois-je effacer les donn\u00e9es d\u2019un Fire TV Stick ?<\/strong><\/p>\n\n\n\n<p>Si vous faites face \u00e0 des probl\u00e8mes tels que des plantages ou des ralentissements d\u2019une application, la premi\u00e8re \u00e9tape consiste \u00e0 vider le cache. Toutefois, si cela ne r\u00e9sout pas le probl\u00e8me, vous devrez alors effacer les donn\u00e9es de l\u2019application afin de la r\u00e9initialiser aux param\u00e8tres par d\u00e9faut.<\/p>\n","protected":false},"excerpt":{"rendered":"<p>Si vous utilisez votre Fire TV Stick pendant un certain temps il faut vider le cache, vous pourriez rencontrer des probl\u00e8mes tels que des applications qui fonctionnent lentement ou qui ne se comportent pas correctement. La raison de ces probl\u00e8mes est souvent un cache corrompu qui a atteint une taille excessive. Voici les \u00e9tapes \u00e0 [&hellip;]<\/p>\n","protected":false},"author":1,"featured_media":0,"parent":0,"menu_order":0,"comment_status":"closed","ping_status":"closed","template":"","meta":{"footnotes":""},"class_list":["post-1587","page","type-page","status-publish","hentry"],"blocksy_meta":[],"yoast_head":"<!-- This site is optimized with the Yoast SEO plugin v27.3 - https:\/\/yoast.com\/product\/yoast-seo-wordpress\/ -->\n<title>Comment vider le cache sur Firestick pour Application IPTV [2023] - Planet-ott<\/title>\n<meta name=\"robots\" content=\"index, follow, max-snippet:-1, max-image-preview:large, max-video-preview:-1\" \/>\n<link rel=\"canonical\" href=\"https:\/\/planet-ott.org\/index.php\/comment-vider-le-cache-sur-firestick-pour-application-iptv-2023\/\" \/>\n<meta property=\"og:locale\" content=\"fr_FR\" \/>\n<meta property=\"og:type\" content=\"article\" \/>\n<meta property=\"og:title\" content=\"Comment vider le cache sur Firestick pour Application IPTV [2023] - Planet-ott\" \/>\n<meta property=\"og:description\" content=\"Si vous utilisez votre Fire TV Stick pendant un certain temps il faut vider le cache, vous pourriez rencontrer des probl\u00e8mes tels que des applications qui fonctionnent lentement ou qui ne se comportent pas correctement. La raison de ces probl\u00e8mes est souvent un cache corrompu qui a atteint une taille excessive. Voici les \u00e9tapes \u00e0 [&hellip;]\" \/>\n<meta property=\"og:url\" content=\"https:\/\/planet-ott.org\/index.php\/comment-vider-le-cache-sur-firestick-pour-application-iptv-2023\/\" \/>\n<meta property=\"og:site_name\" content=\"Planet-ott\" \/>\n<meta property=\"og:image\" content=\"https:\/\/abonnement-iptv4u.b-cdn.net\/wp-content\/uploads\/2023\/06\/amazon-fire-tv-stick-4k-1024x551.jpg\" \/>\n<meta name=\"twitter:card\" content=\"summary_large_image\" \/>\n<meta name=\"twitter:label1\" content=\"Dur\u00e9e de lecture estim\u00e9e\" \/>\n\t<meta name=\"twitter:data1\" content=\"4 minutes\" \/>\n<script type=\"application\/ld+json\" class=\"yoast-schema-graph\">{\"@context\":\"https:\\\/\\\/schema.org\",\"@graph\":[{\"@type\":\"WebPage\",\"@id\":\"https:\\\/\\\/planet-ott.org\\\/index.php\\\/comment-vider-le-cache-sur-firestick-pour-application-iptv-2023\\\/\",\"url\":\"https:\\\/\\\/planet-ott.org\\\/index.php\\\/comment-vider-le-cache-sur-firestick-pour-application-iptv-2023\\\/\",\"name\":\"Comment vider le cache sur Firestick pour Application IPTV [2023] - Planet-ott\",\"isPartOf\":{\"@id\":\"https:\\\/\\\/planet-ott.org\\\/#website\"},\"primaryImageOfPage\":{\"@id\":\"https:\\\/\\\/planet-ott.org\\\/index.php\\\/comment-vider-le-cache-sur-firestick-pour-application-iptv-2023\\\/#primaryimage\"},\"image\":{\"@id\":\"https:\\\/\\\/planet-ott.org\\\/index.php\\\/comment-vider-le-cache-sur-firestick-pour-application-iptv-2023\\\/#primaryimage\"},\"thumbnailUrl\":\"https:\\\/\\\/abonnement-iptv4u.b-cdn.net\\\/wp-content\\\/uploads\\\/2023\\\/06\\\/amazon-fire-tv-stick-4k-1024x551.jpg\",\"datePublished\":\"2023-09-02T07:39:48+00:00\",\"breadcrumb\":{\"@id\":\"https:\\\/\\\/planet-ott.org\\\/index.php\\\/comment-vider-le-cache-sur-firestick-pour-application-iptv-2023\\\/#breadcrumb\"},\"inLanguage\":\"fr-FR\",\"potentialAction\":[{\"@type\":\"ReadAction\",\"target\":[\"https:\\\/\\\/planet-ott.org\\\/index.php\\\/comment-vider-le-cache-sur-firestick-pour-application-iptv-2023\\\/\"]}]},{\"@type\":\"ImageObject\",\"inLanguage\":\"fr-FR\",\"@id\":\"https:\\\/\\\/planet-ott.org\\\/index.php\\\/comment-vider-le-cache-sur-firestick-pour-application-iptv-2023\\\/#primaryimage\",\"url\":\"https:\\\/\\\/abonnement-iptv4u.b-cdn.net\\\/wp-content\\\/uploads\\\/2023\\\/06\\\/amazon-fire-tv-stick-4k-1024x551.jpg\",\"contentUrl\":\"https:\\\/\\\/abonnement-iptv4u.b-cdn.net\\\/wp-content\\\/uploads\\\/2023\\\/06\\\/amazon-fire-tv-stick-4k-1024x551.jpg\"},{\"@type\":\"BreadcrumbList\",\"@id\":\"https:\\\/\\\/planet-ott.org\\\/index.php\\\/comment-vider-le-cache-sur-firestick-pour-application-iptv-2023\\\/#breadcrumb\",\"itemListElement\":[{\"@type\":\"ListItem\",\"position\":1,\"name\":\"Home\",\"item\":\"https:\\\/\\\/planet-ott.org\\\/\"},{\"@type\":\"ListItem\",\"position\":2,\"name\":\"Comment vider le cache sur Firestick pour Application IPTV [2023]\"}]},{\"@type\":\"WebSite\",\"@id\":\"https:\\\/\\\/planet-ott.org\\\/#website\",\"url\":\"https:\\\/\\\/planet-ott.org\\\/\",\"name\":\"Planet-ott\",\"description\":\"Abonnement iptv\",\"publisher\":{\"@id\":\"https:\\\/\\\/planet-ott.org\\\/#organization\"},\"potentialAction\":[{\"@type\":\"SearchAction\",\"target\":{\"@type\":\"EntryPoint\",\"urlTemplate\":\"https:\\\/\\\/planet-ott.org\\\/?s={search_term_string}\"},\"query-input\":{\"@type\":\"PropertyValueSpecification\",\"valueRequired\":true,\"valueName\":\"search_term_string\"}}],\"inLanguage\":\"fr-FR\"},{\"@type\":\"Organization\",\"@id\":\"https:\\\/\\\/planet-ott.org\\\/#organization\",\"name\":\"Planet-ott\",\"url\":\"https:\\\/\\\/planet-ott.org\\\/\",\"logo\":{\"@type\":\"ImageObject\",\"inLanguage\":\"fr-FR\",\"@id\":\"https:\\\/\\\/planet-ott.org\\\/#\\\/schema\\\/logo\\\/image\\\/\",\"url\":\"https:\\\/\\\/planet-ott.org\\\/wp-content\\\/uploads\\\/2023\\\/07\\\/Logo.png\",\"contentUrl\":\"https:\\\/\\\/planet-ott.org\\\/wp-content\\\/uploads\\\/2023\\\/07\\\/Logo.png\",\"width\":114,\"height\":114,\"caption\":\"Planet-ott\"},\"image\":{\"@id\":\"https:\\\/\\\/planet-ott.org\\\/#\\\/schema\\\/logo\\\/image\\\/\"}}]}<\/script>\n<!-- \/ Yoast SEO plugin. -->","yoast_head_json":{"title":"Comment vider le cache sur Firestick pour Application IPTV [2023] - Planet-ott","robots":{"index":"index","follow":"follow","max-snippet":"max-snippet:-1","max-image-preview":"max-image-preview:large","max-video-preview":"max-video-preview:-1"},"canonical":"https:\/\/planet-ott.org\/index.php\/comment-vider-le-cache-sur-firestick-pour-application-iptv-2023\/","og_locale":"fr_FR","og_type":"article","og_title":"Comment vider le cache sur Firestick pour Application IPTV [2023] - Planet-ott","og_description":"Si vous utilisez votre Fire TV Stick pendant un certain temps il faut vider le cache, vous pourriez rencontrer des probl\u00e8mes tels que des applications qui fonctionnent lentement ou qui ne se comportent pas correctement. La raison de ces probl\u00e8mes est souvent un cache corrompu qui a atteint une taille excessive. Voici les \u00e9tapes \u00e0 [&hellip;]","og_url":"https:\/\/planet-ott.org\/index.php\/comment-vider-le-cache-sur-firestick-pour-application-iptv-2023\/","og_site_name":"Planet-ott","og_image":[{"url":"https:\/\/abonnement-iptv4u.b-cdn.net\/wp-content\/uploads\/2023\/06\/amazon-fire-tv-stick-4k-1024x551.jpg","type":"","width":"","height":""}],"twitter_card":"summary_large_image","twitter_misc":{"Dur\u00e9e de lecture estim\u00e9e":"4 minutes"},"schema":{"@context":"https:\/\/schema.org","@graph":[{"@type":"WebPage","@id":"https:\/\/planet-ott.org\/index.php\/comment-vider-le-cache-sur-firestick-pour-application-iptv-2023\/","url":"https:\/\/planet-ott.org\/index.php\/comment-vider-le-cache-sur-firestick-pour-application-iptv-2023\/","name":"Comment vider le cache sur Firestick pour Application IPTV [2023] - Planet-ott","isPartOf":{"@id":"https:\/\/planet-ott.org\/#website"},"primaryImageOfPage":{"@id":"https:\/\/planet-ott.org\/index.php\/comment-vider-le-cache-sur-firestick-pour-application-iptv-2023\/#primaryimage"},"image":{"@id":"https:\/\/planet-ott.org\/index.php\/comment-vider-le-cache-sur-firestick-pour-application-iptv-2023\/#primaryimage"},"thumbnailUrl":"https:\/\/abonnement-iptv4u.b-cdn.net\/wp-content\/uploads\/2023\/06\/amazon-fire-tv-stick-4k-1024x551.jpg","datePublished":"2023-09-02T07:39:48+00:00","breadcrumb":{"@id":"https:\/\/planet-ott.org\/index.php\/comment-vider-le-cache-sur-firestick-pour-application-iptv-2023\/#breadcrumb"},"inLanguage":"fr-FR","potentialAction":[{"@type":"ReadAction","target":["https:\/\/planet-ott.org\/index.php\/comment-vider-le-cache-sur-firestick-pour-application-iptv-2023\/"]}]},{"@type":"ImageObject","inLanguage":"fr-FR","@id":"https:\/\/planet-ott.org\/index.php\/comment-vider-le-cache-sur-firestick-pour-application-iptv-2023\/#primaryimage","url":"https:\/\/abonnement-iptv4u.b-cdn.net\/wp-content\/uploads\/2023\/06\/amazon-fire-tv-stick-4k-1024x551.jpg","contentUrl":"https:\/\/abonnement-iptv4u.b-cdn.net\/wp-content\/uploads\/2023\/06\/amazon-fire-tv-stick-4k-1024x551.jpg"},{"@type":"BreadcrumbList","@id":"https:\/\/planet-ott.org\/index.php\/comment-vider-le-cache-sur-firestick-pour-application-iptv-2023\/#breadcrumb","itemListElement":[{"@type":"ListItem","position":1,"name":"Home","item":"https:\/\/planet-ott.org\/"},{"@type":"ListItem","position":2,"name":"Comment vider le cache sur Firestick pour Application IPTV [2023]"}]},{"@type":"WebSite","@id":"https:\/\/planet-ott.org\/#website","url":"https:\/\/planet-ott.org\/","name":"Planet-ott","description":"Abonnement iptv","publisher":{"@id":"https:\/\/planet-ott.org\/#organization"},"potentialAction":[{"@type":"SearchAction","target":{"@type":"EntryPoint","urlTemplate":"https:\/\/planet-ott.org\/?s={search_term_string}"},"query-input":{"@type":"PropertyValueSpecification","valueRequired":true,"valueName":"search_term_string"}}],"inLanguage":"fr-FR"},{"@type":"Organization","@id":"https:\/\/planet-ott.org\/#organization","name":"Planet-ott","url":"https:\/\/planet-ott.org\/","logo":{"@type":"ImageObject","inLanguage":"fr-FR","@id":"https:\/\/planet-ott.org\/#\/schema\/logo\/image\/","url":"https:\/\/planet-ott.org\/wp-content\/uploads\/2023\/07\/Logo.png","contentUrl":"https:\/\/planet-ott.org\/wp-content\/uploads\/2023\/07\/Logo.png","width":114,"height":114,"caption":"Planet-ott"},"image":{"@id":"https:\/\/planet-ott.org\/#\/schema\/logo\/image\/"}}]}},"_links":{"self":[{"href":"https:\/\/planet-ott.org\/index.php\/wp-json\/wp\/v2\/pages\/1587","targetHints":{"allow":["GET"]}}],"collection":[{"href":"https:\/\/planet-ott.org\/index.php\/wp-json\/wp\/v2\/pages"}],"about":[{"href":"https:\/\/planet-ott.org\/index.php\/wp-json\/wp\/v2\/types\/page"}],"author":[{"embeddable":true,"href":"https:\/\/planet-ott.org\/index.php\/wp-json\/wp\/v2\/users\/1"}],"replies":[{"embeddable":true,"href":"https:\/\/planet-ott.org\/index.php\/wp-json\/wp\/v2\/comments?post=1587"}],"version-history":[{"count":1,"href":"https:\/\/planet-ott.org\/index.php\/wp-json\/wp\/v2\/pages\/1587\/revisions"}],"predecessor-version":[{"id":1588,"href":"https:\/\/planet-ott.org\/index.php\/wp-json\/wp\/v2\/pages\/1587\/revisions\/1588"}],"wp:attachment":[{"href":"https:\/\/planet-ott.org\/index.php\/wp-json\/wp\/v2\/media?parent=1587"}],"curies":[{"name":"wp","href":"https:\/\/api.w.org\/{rel}","templated":true}]}}