{"id":3,"date":"2023-07-06T05:58:37","date_gmt":"2023-07-06T03:58:37","guid":{"rendered":"https:\/\/planet-ott.org\/?page_id=3"},"modified":"2023-07-24T13:07:23","modified_gmt":"2023-07-24T11:07:23","slug":"politique-de-confidentialite","status":"publish","type":"page","link":"https:\/\/planet-ott.org\/index.php\/politique-de-confidentialite\/","title":{"rendered":"Politique de confidentialit\u00e9"},"content":{"rendered":"\n<h1 class=\"wp-block-heading\">Politique de confidentialit\u00e9<\/h1>\n\n\n\n<p>Aucune de vos donn\u00e9es ne sera communiqu\u00e9e \u00e0 des tiers dans aucun cas. Nous respectons votre vie priv\u00e9e et nous nous engageons \u00e0 honorer votre anonymat.&nbsp;<\/p>\n\n\n\n<p>Vos coordonn\u00e9es et les donn\u00e9es d\u2019utilisations sur nos serveurs sont utilis\u00e9s uniquement lors des \u00e9tudes et statistiques dans le seul but de d\u00e9terminer les besoins techniques et nous permettre de mieux vous servir.<\/p>\n\n\n\n<p>Nous n\u2019utilisons pas de logiciels espions ni mouchard et on ne s\u2019approprie pas votre r\u00e9cepteur ni changeons son mot de passe.<\/p>\n\n\n\n<p>Si vous d\u00e9cidez de rester avec nous ce sera par pure conviction que vous ne trouverez pas mieux, L\u2019enti\u00e9re transparence est notre devise.<\/p>\n\n\n\n<h2 class=\"wp-block-heading\">Compl\u00e9ment Google Analytics<\/h2>\n\n\n\n<p>Ce site utilise les services d&rsquo;analyse web Google Analytics de la soci\u00e9t\u00e9 Google In. (\u00ab\u00a0Google\u00a0\u00bb). Google Analytics utilise des \u201eCookies\u201c, des donn\u00e9es texte, qui sont enregistr\u00e9es sur votre ordinateur (par votre navigateur Internet) et qui permettent d&rsquo;analyser votre utilisation du site lors de votre visite. Les donn\u00e9es r\u00e9colt\u00e9es via les Cookies concernant votre utilisation du site sont transf\u00e9r\u00e9es sur un serveur de Google aux USA et enregistr\u00e9es sur place. Dans le cas d&rsquo;une activation de l&rsquo;anonymisation de l&rsquo;IP sur ce site, votre adresse IP sera toutefois compress\u00e9e au pr\u00e9alable par Google, dans les Etats membres de l&rsquo;Union Europ\u00e9enne ou dans les autres Etats membres du trait\u00e9 de l&rsquo;espace \u00e9conomique europ\u00e9en. Seulement dans des cas exceptionnels, l&rsquo;adresse IP compl\u00e8te sera transmise \u00e0 un serveur de Google aux Etats-Unis et alors compress\u00e9e. Google utilisera ces informations pour le compte du propri\u00e9taire de ce site, afin d&rsquo;analyser votre utilisation du site, d&rsquo;\u00e9tablir des rapports sur l&rsquo;activit\u00e9 des visiteurs et fournir aussi des donn\u00e9es aux services tiers li\u00e9s \u00e0 l&rsquo;utilisation du site et d&rsquo;Internet. Google ne reliera pas l&rsquo;adresse IP transmise par votre navigateur dans le cadre de Google Analytics \u00e0 d&rsquo;autres donn\u00e9es Google. Vous pouvez d\u00e9sactiver l&rsquo;installation et l&rsquo;utilisation des Cookies par un simple param\u00e9trage de votre logiciel de navigation Internet; nous vous informons cependant qu&rsquo;il est alors possible que vous ne puissiez acc\u00e9der \u00e0 toutes les fonctions du site de fa\u00e7on optimale. Mais vous pouvez emp\u00eacher l&rsquo;enregistrement des donn\u00e9es personnelles (incluant votre adresse IP) engendr\u00e9 par les Cookie et l&rsquo;utilisation du site, ainsi que l&rsquo;exploitation de ces donn\u00e9es par Google, en t\u00e9l\u00e9chargeant et installant gr\u00e2ce au lien suivant le Plugin navigateur disponible :&nbsp;<a href=\"http:\/\/tools.google.com\/dlpage\/gaoptout\" target=\"_blank\" rel=\"noreferrer noopener\">http:\/\/tools.google.com\/dlpage\/gaoptout<\/a><br><br>Vous pouvez emp\u00eacher l&rsquo;enregistrement des donn\u00e9es par Google Analytics en cliquant sur ce&nbsp;<a>lien<\/a>. Un \u00ab\u00a0cookie d&rsquo;opt-out\u00a0\u00bb sera alors plac\u00e9 sur votre site web et vous permettra de ne pas \u00eatre track\u00e9 durant votre navigation sur ce site.<br><br>Vous trouverez plus d&rsquo;informations concernant les R\u00e8gles de confidentialit\u00e9 et conditions d&rsquo;utilisation de&nbsp;<a href=\"https:\/\/www.google.com\/analytics\/terms\/fr.html\" target=\"_blank\" rel=\"noreferrer noopener\">Google Analytics ici<\/a>&nbsp;ou dans la rubrique&nbsp;<a href=\"https:\/\/www.google.com\/analytics\/learn\/privacy.html\" target=\"_blank\" rel=\"noreferrer noopener\">A propos de Google Analytics<\/a>. Veuillez noter que sur ce site, le code Google Analytics \u00ab\u00a0gat._anonymizeIp();\u00a0\u00bb a \u00e9t\u00e9 ajout\u00e9 afin d&rsquo;assurer la collecte des adresses IP de fa\u00e7on anonyme (IP masking).<\/p>\n\n\n\n<h2 class=\"wp-block-heading\">reCAPTCHA<\/h2>\n\n\n\n<p>Nous utilisons le service reCAPTCHA de Google Inc. (Google) pour prot\u00e9ger les entr\u00e9es des formulaires sur votre site. Ce service est utilis\u00e9 pour diff\u00e9rencier les entr\u00e9es faites par un \u00eatre humain des abus automatis\u00e9s. Cela implique l&rsquo;envoi de l&rsquo;adresse IP et \u00e9ventuellement d&rsquo;autres donn\u00e9es requises par Google pour le service reCAPTCHA. \u00c0 cette fin, vos donn\u00e9es seront communiqu\u00e9es \u00e0 Google et utilis\u00e9es par leurs services. Toutefois, votre adresse IP sera pr\u00e9alablement raccourcie par Google dans les \u00c9tats membres de l&rsquo;Union europ\u00e9enne &#8211; ou dans d&rsquo;autres \u00c9tats qui font partie de l&rsquo;accord sur l&rsquo;Espace \u00e9conomique europ\u00e9en &#8211; et sera ainsi anonyme. Dans certains cas exceptionnels, votre adresse IP compl\u00e8te sera transmise \u00e0 un serveur de Google aux \u00c9tats-Unis et raccourcie ensuite. Au nom de l&rsquo;exploitant de ce site web, Google utilisera ces informations pour \u00e9valuer votre utilisation de ce service. L&rsquo;adresse IP fournie par reCAPTCHA par votre navigateur ne sera pas fusionn\u00e9e avec d&rsquo;autres donn\u00e9es de Google. Cette collection des donn\u00e9es est sujette \u00e0 la Politique de confidentialit\u00e9 de Google. Pour plus d&rsquo;informations concernant la politique de confidentialit\u00e9 de Google, rendez-vous sur la page :&nbsp;<a href=\"https:\/\/policies.google.com\/privacy?hl=fr\" target=\"_blank\" rel=\"noreferrer noopener\">https:\/\/policies.google.com\/privacy?hl=fr<\/a><br>En utilisant le service reCAPTCHA, vous consentez au traitement des donn\u00e9es vous concernant par Google, de la mani\u00e8re et aux fins \u00e9nonc\u00e9es ci-dessus.<\/p>\n\n\n\n<h2 class=\"wp-block-heading\">Avis important concernant le traitement des donn\u00e9es en lien avec Google Analytics<\/h2>\n\n\n\n<p>Ce site utilise Google Analytics, un service d\u2019analyse web fourni par Google Ireland Limited. Si l\u2019organe responsable du traitement des donn\u00e9es recueillies par ce site est bas\u00e9 hors de l\u2019Espace \u00e9conomique europ\u00e9en et de la Suisse, alors le traitement des donn\u00e9es associ\u00e9es \u00e0 Google Analytics sera effectu\u00e9 par Google LLC (dont le si\u00e8ge est aux \u00c9tats-Unis). Google Ireland Limited et Google LLC sont d\u00e9nomm\u00e9s ci-apr\u00e8s \u00ab Google \u00bb.<br><br>Google Analytics utilise des \u00ab cookies \u00bb, des fichiers textes enregistr\u00e9s sur l\u2019ordinateur du visiteur du site, pour permettre l\u2019analyse de l\u2019utilisation du site par ce dernier. Les informations g\u00e9n\u00e9r\u00e9es par le cookie (y compris l\u2019adresse IP tronqu\u00e9e) sur l\u2019utilisation du site web sont g\u00e9n\u00e9ralement transmises \u00e0 et stock\u00e9es par Google.<br><br>Google Analytics est utilis\u00e9 exclusivement avec l&rsquo;extension \u00ab _anonymizeIp () \u00bb sur ce site. L\u2019extension garantit une anonymisation de l\u2019adresse IP par troncature et exclut de ce fait toute r\u00e9f\u00e9rence personnelle directe. Via cette extension, Google tronque l\u2019adresse IP du visiteur du site situ\u00e9 dans un \u00c9tat membre de l\u2019Union europ\u00e9enne ou dans un autre \u00c9tat parti \u00e0 l\u2019accord sur l\u2019Espace \u00e9conomique europ\u00e9en. L\u2019adresse IP compl\u00e8te du visiteur du site ne sera transmise aux serveurs de Google et tronqu\u00e9e aux Etats-Unis que dans des situations exceptionnelles. L\u2019adresse IP, qui est fournie par le navigateur du visiteur du site utilisant Google Analytics, ne sera pas recoup\u00e9e par Google avec d\u2019autres donn\u00e9es de Google.<br><br>Au nom de l\u2019op\u00e9rateur du site, Google utilisera les informations collect\u00e9es pour \u00e9valuer l\u2019utilisation du site, compiler des rapports sur l\u2019activit\u00e9 du site et fournir d\u2019autres services li\u00e9s au site web et \u00e0 internet \u00e0 l\u2019op\u00e9rateur du site (art. 6, 1. f, RGPD). L\u2019int\u00e9r\u00eat l\u00e9gitime dans le traitement des donn\u00e9es se trouve dans l&rsquo;optimisation de ce site, l\u2019analyse de l\u2019utilisation du site et l&rsquo;adaptation du contenu. L\u2019int\u00e9r\u00eat des utilisateurs est ad\u00e9quatement prot\u00e9g\u00e9 par la pseudonymisation de leurs donn\u00e9es.<br><br>Google LLC a certifi\u00e9 sa conformit\u00e9 avec le&nbsp;<a href=\"https:\/\/www.privacyshield.gov\/participant?id=a2zt000000001L5AAI\" target=\"_blank\" rel=\"noreferrer noopener\">Bouclier de protection des donn\u00e9es<\/a>&nbsp;UE-\u00c9tats-Unis, offrant une garantie du respect des l\u00e9gislations europ\u00e9ennes sur la protection des donn\u00e9es. Les donn\u00e9es envoy\u00e9es et coupl\u00e9es au cookie de Google Analytics e.g. ID de l\u2019utilisateur, ID publicitaire seront automatiquement effac\u00e9s apr\u00e8s 50 mois. La suppression des donn\u00e9es qui ont atteint la date limite de conservation est op\u00e9r\u00e9e automatiquement une fois par mois.<br><br>Le visiteur du site peut refuser l\u2019utilisation de cookies en s\u00e9lectionnant le r\u00e9glage appropri\u00e9 dans le navigateur. Le visiteur du site peut aussi emp\u00eacher Google de recueillir des informations (y compris l\u2019adresse IP) via les cookies et de traiter ces informations en t\u00e9l\u00e9chargeant et installant ce plug-in dans son navigateur :&nbsp;<a href=\"http:\/\/tools.google.com\/dlpage\/gaoptout\" target=\"_blank\" rel=\"noreferrer noopener\">http:\/\/tools.google.com\/dlpage\/gaoptout<\/a>.<br><br>Le visiteur du site peut emp\u00eacher la collecte des donn\u00e9es par Google Analytics en cliquant sur ce&nbsp;<a href=\"javascript: gaOptOut([&quot;UA-24231192-76&quot;, &quot;UA-115766194-1&quot;]);\">lien<\/a>. Un \u00ab\u00a0cookie d&rsquo;opt-out\u00a0\u00bb sera alors plac\u00e9 et permettra au visiteur du site de ne pas \u00eatre track\u00e9 durant sa navigation du site.<br><br>Pour plus d\u2019informations sur le traitement et l\u2019utilisation des donn\u00e9es par Google, les param\u00e9trages et les possibilit\u00e9s de d\u00e9sactivation, veuillez consulter la politique de confidentialit\u00e9 de Google (<a href=\"https:\/\/policies.google.com\/privacy\" target=\"_blank\" rel=\"noreferrer noopener\">https:\/\/policies.google.com\/privacy<\/a>) ainsi que les param\u00e8tres de Google Ads (<a href=\"https:\/\/adssettings.google.com\/authenticated\" target=\"_blank\" rel=\"noreferrer noopener\">https:\/\/adssettings.google.com\/authenticated<\/a>).<\/p>\n\n\n\n<h2 class=\"wp-block-heading\">reCAPTCHA<\/h2>\n\n\n\n<p>Nous utilisons le service reCAPTCHA de Google LLC (Google) pour prot\u00e9ger les entr\u00e9es des formulaires sur votre site. Ce service est utilis\u00e9 pour diff\u00e9rencier les entr\u00e9es faites par un \u00eatre humain des abus automatis\u00e9s. Cela implique l&rsquo;envoi de l&rsquo;adresse IP et \u00e9ventuellement d&rsquo;autres donn\u00e9es requises par Google pour le service reCAPTCHA. \u00c0 cette fin, vos donn\u00e9es seront communiqu\u00e9es \u00e0 Google et utilis\u00e9es par leurs services. Toutefois, votre adresse IP sera pr\u00e9alablement raccourcie par Google dans les \u00c9tats membres de l&rsquo;Union europ\u00e9enne &#8211; ou dans d&rsquo;autres \u00c9tats qui font partie de l&rsquo;accord sur l&rsquo;Espace \u00e9conomique europ\u00e9en &#8211; et sera ainsi anonyme. Dans certains cas exceptionnels, votre adresse IP compl\u00e8te sera transmise \u00e0 un serveur de Google aux \u00c9tats-Unis et raccourcie ensuite. Au nom de l&rsquo;exploitant de ce site web, Google utilisera ces informations pour \u00e9valuer votre utilisation de ce service. L&rsquo;adresse IP fournie par reCAPTCHA par votre navigateur ne sera pas fusionn\u00e9e avec d&rsquo;autres donn\u00e9es de Google. Cette collection des donn\u00e9es est sujette \u00e0 la Politique de confidentialit\u00e9 de Google. Pour plus d&rsquo;informations concernant la politique de confidentialit\u00e9 de Google, rendez-vous sur la page :&nbsp;<a rel=\"noreferrer noopener\" href=\"https:\/\/policies.google.com\/privacy?hl=fr\" target=\"_blank\">https:\/\/policies.google.com\/privacy?hl=fr<\/a><br>En utilisant le service reCAPTCHA, vous consentez au traitement des donn\u00e9es vous concernant par Google, de la mani\u00e8re et aux fins \u00e9nonc\u00e9es ci-dessus.<\/p>\n","protected":false},"excerpt":{"rendered":"<p>Politique de confidentialit\u00e9 Aucune de vos donn\u00e9es ne sera communiqu\u00e9e \u00e0 des tiers dans aucun cas. Nous respectons votre vie priv\u00e9e et nous nous engageons \u00e0 honorer votre anonymat.&nbsp; Vos coordonn\u00e9es et les donn\u00e9es d\u2019utilisations sur nos serveurs sont utilis\u00e9s uniquement lors des \u00e9tudes et statistiques dans le seul but de d\u00e9terminer les besoins techniques [&hellip;]<\/p>\n","protected":false},"author":1,"featured_media":0,"parent":0,"menu_order":0,"comment_status":"closed","ping_status":"open","template":"","meta":{"footnotes":""},"class_list":["post-3","page","type-page","status-publish","hentry"],"blocksy_meta":[],"yoast_head":"<!-- This site is optimized with the Yoast SEO plugin v27.3 - https:\/\/yoast.com\/product\/yoast-seo-wordpress\/ -->\n<title>Politique de confidentialit\u00e9 - Planet-ott<\/title>\n<meta name=\"robots\" content=\"index, follow, max-snippet:-1, max-image-preview:large, max-video-preview:-1\" \/>\n<link rel=\"canonical\" href=\"https:\/\/planet-ott.org\/index.php\/politique-de-confidentialite\/\" \/>\n<meta property=\"og:locale\" content=\"fr_FR\" \/>\n<meta property=\"og:type\" content=\"article\" \/>\n<meta property=\"og:title\" content=\"Politique de confidentialit\u00e9 - Planet-ott\" \/>\n<meta property=\"og:description\" content=\"Politique de confidentialit\u00e9 Aucune de vos donn\u00e9es ne sera communiqu\u00e9e \u00e0 des tiers dans aucun cas. Nous respectons votre vie priv\u00e9e et nous nous engageons \u00e0 honorer votre anonymat.&nbsp; Vos coordonn\u00e9es et les donn\u00e9es d\u2019utilisations sur nos serveurs sont utilis\u00e9s uniquement lors des \u00e9tudes et statistiques dans le seul but de d\u00e9terminer les besoins techniques [&hellip;]\" \/>\n<meta property=\"og:url\" content=\"https:\/\/planet-ott.org\/index.php\/politique-de-confidentialite\/\" \/>\n<meta property=\"og:site_name\" content=\"Planet-ott\" \/>\n<meta property=\"article:modified_time\" content=\"2023-07-24T11:07:23+00:00\" \/>\n<meta name=\"twitter:card\" content=\"summary_large_image\" \/>\n<meta name=\"twitter:label1\" content=\"Dur\u00e9e de lecture estim\u00e9e\" \/>\n\t<meta name=\"twitter:data1\" content=\"8 minutes\" \/>\n<script type=\"application\/ld+json\" class=\"yoast-schema-graph\">{\"@context\":\"https:\\\/\\\/schema.org\",\"@graph\":[{\"@type\":\"WebPage\",\"@id\":\"https:\\\/\\\/planet-ott.org\\\/index.php\\\/politique-de-confidentialite\\\/\",\"url\":\"https:\\\/\\\/planet-ott.org\\\/index.php\\\/politique-de-confidentialite\\\/\",\"name\":\"Politique de confidentialit\u00e9 - Planet-ott\",\"isPartOf\":{\"@id\":\"https:\\\/\\\/planet-ott.org\\\/#website\"},\"datePublished\":\"2023-07-06T03:58:37+00:00\",\"dateModified\":\"2023-07-24T11:07:23+00:00\",\"breadcrumb\":{\"@id\":\"https:\\\/\\\/planet-ott.org\\\/index.php\\\/politique-de-confidentialite\\\/#breadcrumb\"},\"inLanguage\":\"fr-FR\",\"potentialAction\":[{\"@type\":\"ReadAction\",\"target\":[\"https:\\\/\\\/planet-ott.org\\\/index.php\\\/politique-de-confidentialite\\\/\"]}]},{\"@type\":\"BreadcrumbList\",\"@id\":\"https:\\\/\\\/planet-ott.org\\\/index.php\\\/politique-de-confidentialite\\\/#breadcrumb\",\"itemListElement\":[{\"@type\":\"ListItem\",\"position\":1,\"name\":\"Home\",\"item\":\"https:\\\/\\\/planet-ott.org\\\/\"},{\"@type\":\"ListItem\",\"position\":2,\"name\":\"Politique de confidentialit\u00e9\"}]},{\"@type\":\"WebSite\",\"@id\":\"https:\\\/\\\/planet-ott.org\\\/#website\",\"url\":\"https:\\\/\\\/planet-ott.org\\\/\",\"name\":\"Planet-ott\",\"description\":\"Abonnement iptv\",\"publisher\":{\"@id\":\"https:\\\/\\\/planet-ott.org\\\/#organization\"},\"potentialAction\":[{\"@type\":\"SearchAction\",\"target\":{\"@type\":\"EntryPoint\",\"urlTemplate\":\"https:\\\/\\\/planet-ott.org\\\/?s={search_term_string}\"},\"query-input\":{\"@type\":\"PropertyValueSpecification\",\"valueRequired\":true,\"valueName\":\"search_term_string\"}}],\"inLanguage\":\"fr-FR\"},{\"@type\":\"Organization\",\"@id\":\"https:\\\/\\\/planet-ott.org\\\/#organization\",\"name\":\"Planet-ott\",\"url\":\"https:\\\/\\\/planet-ott.org\\\/\",\"logo\":{\"@type\":\"ImageObject\",\"inLanguage\":\"fr-FR\",\"@id\":\"https:\\\/\\\/planet-ott.org\\\/#\\\/schema\\\/logo\\\/image\\\/\",\"url\":\"https:\\\/\\\/planet-ott.org\\\/wp-content\\\/uploads\\\/2023\\\/07\\\/Logo.png\",\"contentUrl\":\"https:\\\/\\\/planet-ott.org\\\/wp-content\\\/uploads\\\/2023\\\/07\\\/Logo.png\",\"width\":114,\"height\":114,\"caption\":\"Planet-ott\"},\"image\":{\"@id\":\"https:\\\/\\\/planet-ott.org\\\/#\\\/schema\\\/logo\\\/image\\\/\"}}]}<\/script>\n<!-- \/ Yoast SEO plugin. -->","yoast_head_json":{"title":"Politique de confidentialit\u00e9 - Planet-ott","robots":{"index":"index","follow":"follow","max-snippet":"max-snippet:-1","max-image-preview":"max-image-preview:large","max-video-preview":"max-video-preview:-1"},"canonical":"https:\/\/planet-ott.org\/index.php\/politique-de-confidentialite\/","og_locale":"fr_FR","og_type":"article","og_title":"Politique de confidentialit\u00e9 - Planet-ott","og_description":"Politique de confidentialit\u00e9 Aucune de vos donn\u00e9es ne sera communiqu\u00e9e \u00e0 des tiers dans aucun cas. Nous respectons votre vie priv\u00e9e et nous nous engageons \u00e0 honorer votre anonymat.&nbsp; Vos coordonn\u00e9es et les donn\u00e9es d\u2019utilisations sur nos serveurs sont utilis\u00e9s uniquement lors des \u00e9tudes et statistiques dans le seul but de d\u00e9terminer les besoins techniques [&hellip;]","og_url":"https:\/\/planet-ott.org\/index.php\/politique-de-confidentialite\/","og_site_name":"Planet-ott","article_modified_time":"2023-07-24T11:07:23+00:00","twitter_card":"summary_large_image","twitter_misc":{"Dur\u00e9e de lecture estim\u00e9e":"8 minutes"},"schema":{"@context":"https:\/\/schema.org","@graph":[{"@type":"WebPage","@id":"https:\/\/planet-ott.org\/index.php\/politique-de-confidentialite\/","url":"https:\/\/planet-ott.org\/index.php\/politique-de-confidentialite\/","name":"Politique de confidentialit\u00e9 - Planet-ott","isPartOf":{"@id":"https:\/\/planet-ott.org\/#website"},"datePublished":"2023-07-06T03:58:37+00:00","dateModified":"2023-07-24T11:07:23+00:00","breadcrumb":{"@id":"https:\/\/planet-ott.org\/index.php\/politique-de-confidentialite\/#breadcrumb"},"inLanguage":"fr-FR","potentialAction":[{"@type":"ReadAction","target":["https:\/\/planet-ott.org\/index.php\/politique-de-confidentialite\/"]}]},{"@type":"BreadcrumbList","@id":"https:\/\/planet-ott.org\/index.php\/politique-de-confidentialite\/#breadcrumb","itemListElement":[{"@type":"ListItem","position":1,"name":"Home","item":"https:\/\/planet-ott.org\/"},{"@type":"ListItem","position":2,"name":"Politique de confidentialit\u00e9"}]},{"@type":"WebSite","@id":"https:\/\/planet-ott.org\/#website","url":"https:\/\/planet-ott.org\/","name":"Planet-ott","description":"Abonnement iptv","publisher":{"@id":"https:\/\/planet-ott.org\/#organization"},"potentialAction":[{"@type":"SearchAction","target":{"@type":"EntryPoint","urlTemplate":"https:\/\/planet-ott.org\/?s={search_term_string}"},"query-input":{"@type":"PropertyValueSpecification","valueRequired":true,"valueName":"search_term_string"}}],"inLanguage":"fr-FR"},{"@type":"Organization","@id":"https:\/\/planet-ott.org\/#organization","name":"Planet-ott","url":"https:\/\/planet-ott.org\/","logo":{"@type":"ImageObject","inLanguage":"fr-FR","@id":"https:\/\/planet-ott.org\/#\/schema\/logo\/image\/","url":"https:\/\/planet-ott.org\/wp-content\/uploads\/2023\/07\/Logo.png","contentUrl":"https:\/\/planet-ott.org\/wp-content\/uploads\/2023\/07\/Logo.png","width":114,"height":114,"caption":"Planet-ott"},"image":{"@id":"https:\/\/planet-ott.org\/#\/schema\/logo\/image\/"}}]}},"_links":{"self":[{"href":"https:\/\/planet-ott.org\/index.php\/wp-json\/wp\/v2\/pages\/3","targetHints":{"allow":["GET"]}}],"collection":[{"href":"https:\/\/planet-ott.org\/index.php\/wp-json\/wp\/v2\/pages"}],"about":[{"href":"https:\/\/planet-ott.org\/index.php\/wp-json\/wp\/v2\/types\/page"}],"author":[{"embeddable":true,"href":"https:\/\/planet-ott.org\/index.php\/wp-json\/wp\/v2\/users\/1"}],"replies":[{"embeddable":true,"href":"https:\/\/planet-ott.org\/index.php\/wp-json\/wp\/v2\/comments?post=3"}],"version-history":[{"count":0,"href":"https:\/\/planet-ott.org\/index.php\/wp-json\/wp\/v2\/pages\/3\/revisions"}],"wp:attachment":[{"href":"https:\/\/planet-ott.org\/index.php\/wp-json\/wp\/v2\/media?parent=3"}],"curies":[{"name":"wp","href":"https:\/\/api.w.org\/{rel}","templated":true}]}}